{"id":25766,"date":"2022-01-03T14:03:04","date_gmt":"2022-01-03T13:03:04","guid":{"rendered":"https:\/\/bpwyszkow.pl\/wdrazanie-nowej-podstawy-programowej-ksztalcenia-ogolnego\/"},"modified":"2022-11-07T15:15:21","modified_gmt":"2022-11-07T14:15:21","slug":"wdrazanie-nowej-podstawy-programowej-ksztalcenia-ogolnego","status":"publish","type":"page","link":"https:\/\/bpwyszkow.pl\/uk\/wdrazanie-nowej-podstawy-programowej-ksztalcenia-ogolnego\/","title":{"rendered":"\u0412\u043f\u0440\u043e\u0432\u0430\u0434\u0436\u0435\u043d\u043d\u044f \u043d\u043e\u0432\u043e\u0433\u043e \u0431\u0430\u0437\u043e\u0432\u043e\u0433\u043e \u043d\u0430\u0432\u0447\u0430\u043b\u044c\u043d\u043e\u0433\u043e \u043f\u043b\u0430\u043d\u0443 \u0434\u043b\u044f \u0437\u0430\u0433\u0430\u043b\u044c\u043d\u043e\u0457 \u043e\u0441\u0432\u0456\u0442\u0438."},"content":{"rendered":"\n<p class=\"has-text-align-left\"><em>Ksi\u0105\u017cki\u00a0 ze zbior\u00f3w BP w Ostro\u0142\u0119ce pomocne w realizacji tego kierunku (wyb\u00f3r)<\/em><\/p>\n\n\n\n<div class=\"wp-block-columns is-layout-flex wp-container-core-columns-is-layout-28f84493 wp-block-columns-is-layout-flex\">\n<div class=\"wp-block-column is-layout-flow wp-block-column-is-layout-flow\" style=\"flex-basis:33.33%\">\n<div class=\"wp-block-image\"><figure class=\"aligncenter size-full\"><img loading=\"lazy\" decoding=\"async\" width=\"61\" height=\"201\" src=\"https:\/\/bpwyszkow.pl\/wp-content\/uploads\/sites\/41\/2022\/01\/Przechwytywanie.jpg\" alt=\"\" class=\"wp-image-20016\" srcset=\"https:\/\/bpwyszkow.pl\/wp-content\/uploads\/sites\/41\/2022\/01\/Przechwytywanie.jpg 61w, https:\/\/bpwyszkow.pl\/wp-content\/uploads\/sites\/41\/2022\/01\/Przechwytywanie-7x24.jpg 7w, https:\/\/bpwyszkow.pl\/wp-content\/uploads\/sites\/41\/2022\/01\/Przechwytywanie-11x36.jpg 11w, https:\/\/bpwyszkow.pl\/wp-content\/uploads\/sites\/41\/2022\/01\/Przechwytywanie-15x48.jpg 15w\" sizes=\"auto, (max-width: 61px) 100vw, 61px\" \/><\/figure><\/div>\n<\/div>\n\n\n\n<div class=\"wp-block-column is-layout-flow wp-block-column-is-layout-flow\" style=\"flex-basis:66.66%\">\n<p>Monitorowanie podstawy programowej kszta\u0142cenia og\u00f3lnego w praktyce szkolnej \/ Ma\u0142gorzata Lipska. \u2013 Warszawa : O\u015brodek Rozwoju Edukacji, [2015].\u00a0<strong>W 75033<\/strong><\/p>\n\n\n\n<div style=\"height:19px\" aria-hidden=\"true\" class=\"wp-block-spacer\"><\/div>\n\n\n\n<p>Monitorowanie wdra\u017cania podstawy programowej kszta\u0142cenia og\u00f3lnego na II, III, IV etapie edukacyjnym \/ Danuta Grzonkowska [et al.]. \u2013 Warszawa : O\u015brodek Rozwoju Edukacji, [2015].&nbsp;<strong>W 75029<\/strong><\/p>\n<\/div>\n<\/div>\n","protected":false},"excerpt":{"rendered":"<p>Ksi\u0105\u017cki\u00a0 ze zbior\u00f3w BP w Ostro\u0142\u0119ce pomocne w realizacji tego kierunku (wyb\u00f3r) Monitorowanie podstawy programowej kszta\u0142cenia og\u00f3lnego w praktyce szkolnej [&hellip;]<\/p>\n","protected":false},"author":205,"featured_media":0,"parent":0,"menu_order":0,"comment_status":"closed","ping_status":"closed","template":"","meta":{"_acf_changed":false,"_oasis_is_in_workflow":0,"_oasis_original":0,"inline_featured_image":false,"site-sidebar-layout":"default","site-content-layout":"","ast-site-content-layout":"default","site-content-style":"default","site-sidebar-style":"default","ast-global-header-display":"","ast-banner-title-visibility":"","ast-main-header-display":"","ast-hfb-above-header-display":"","ast-hfb-below-header-display":"","ast-hfb-mobile-header-display":"","site-post-title":"","ast-breadcrumbs-content":"","ast-featured-img":"","footer-sml-layout":"","ast-disable-related-posts":"","theme-transparent-header-meta":"","adv-header-id-meta":"","stick-header-meta":"","header-above-stick-meta":"","header-main-stick-meta":"","header-below-stick-meta":"","astra-migrate-meta-layouts":"default","ast-page-background-enabled":"default","ast-page-background-meta":{"desktop":{"background-color":"","background-image":"","background-repeat":"repeat","background-position":"center center","background-size":"auto","background-attachment":"scroll","background-type":"","background-media":"","overlay-type":"","overlay-color":"","overlay-opacity":"","overlay-gradient":""},"tablet":{"background-color":"","background-image":"","background-repeat":"repeat","background-position":"center center","background-size":"auto","background-attachment":"scroll","background-type":"","background-media":"","overlay-type":"","overlay-color":"","overlay-opacity":"","overlay-gradient":""},"mobile":{"background-color":"","background-image":"","background-repeat":"repeat","background-position":"center center","background-size":"auto","background-attachment":"scroll","background-type":"","background-media":"","overlay-type":"","overlay-color":"","overlay-opacity":"","overlay-gradient":""}},"ast-content-background-meta":{"desktop":{"background-color":"var(--ast-global-color-5)","background-image":"","background-repeat":"repeat","background-position":"center center","background-size":"auto","background-attachment":"scroll","background-type":"","background-media":"","overlay-type":"","overlay-color":"","overlay-opacity":"","overlay-gradient":""},"tablet":{"background-color":"var(--ast-global-color-5)","background-image":"","background-repeat":"repeat","background-position":"center center","background-size":"auto","background-attachment":"scroll","background-type":"","background-media":"","overlay-type":"","overlay-color":"","overlay-opacity":"","overlay-gradient":""},"mobile":{"background-color":"var(--ast-global-color-5)","background-image":"","background-repeat":"repeat","background-position":"center center","background-size":"auto","background-attachment":"scroll","background-type":"","background-media":"","overlay-type":"","overlay-color":"","overlay-opacity":"","overlay-gradient":""}},"_themeisle_gutenberg_block_has_review":false,"footnotes":""},"class_list":["post-25766","page","type-page","status-publish","hentry"],"acf":[],"featured_image_urls_v2":{"full":"","thumbnail":"","medium":"","medium_large":"","large":"","1536x1536":"","2048x2048":"","menu-24x24":"","menu-36x36":"","menu-48x48":""},"post_excerpt_stackable_v2":"<p>Ksi\u0105\u017cki\u00a0 ze zbior\u00f3w BP w Ostro\u0142\u0119ce pomocne w realizacji tego kierunku (wyb\u00f3r) Monitorowanie podstawy programowej kszta\u0142cenia og\u00f3lnego w praktyce szkolnej \/ Ma\u0142gorzata Lipska. \u2013 Warszawa : O\u015brodek Rozwoju Edukacji, [2015].\u00a0W 75033 Monitorowanie wdra\u017cania podstawy programowej kszta\u0142cenia og\u00f3lnego na II, III, IV etapie edukacyjnym \/ Danuta Grzonkowska [et al.]. \u2013 Warszawa : O\u015brodek Rozwoju Edukacji, [2015].&nbsp;W 75029<\/p>\n","category_list_v2":"","author_info_v2":{"name":"c2FicmFtZWs=","url":"https:\/\/bpwyszkow.pl\/uk\/author\/c2ficmftzws-2\/"},"comments_num_v2":"0 \u043a\u043e\u043c\u0435\u043d\u0442\u0430\u0440\u0456\u0432","_links":{"self":[{"href":"https:\/\/bpwyszkow.pl\/uk\/wp-json\/wp\/v2\/pages\/25766","targetHints":{"allow":["GET"]}}],"collection":[{"href":"https:\/\/bpwyszkow.pl\/uk\/wp-json\/wp\/v2\/pages"}],"about":[{"href":"https:\/\/bpwyszkow.pl\/uk\/wp-json\/wp\/v2\/types\/page"}],"author":[{"embeddable":true,"href":"https:\/\/bpwyszkow.pl\/uk\/wp-json\/wp\/v2\/users\/205"}],"replies":[{"embeddable":true,"href":"https:\/\/bpwyszkow.pl\/uk\/wp-json\/wp\/v2\/comments?post=25766"}],"version-history":[{"count":2,"href":"https:\/\/bpwyszkow.pl\/uk\/wp-json\/wp\/v2\/pages\/25766\/revisions"}],"predecessor-version":[{"id":26180,"href":"https:\/\/bpwyszkow.pl\/uk\/wp-json\/wp\/v2\/pages\/25766\/revisions\/26180"}],"wp:attachment":[{"href":"https:\/\/bpwyszkow.pl\/uk\/wp-json\/wp\/v2\/media?parent=25766"}],"curies":[{"name":"wp","href":"https:\/\/api.w.org\/{rel}","templated":true}]}}