{"id":25730,"date":"2021-12-07T14:16:21","date_gmt":"2021-12-07T13:16:21","guid":{"rendered":"https:\/\/bpwyszkow.pl\/regulaminy\/"},"modified":"2022-11-07T15:12:15","modified_gmt":"2022-11-07T14:12:15","slug":"regulaminy","status":"publish","type":"page","link":"https:\/\/bpwyszkow.pl\/uk\/regulaminy\/","title":{"rendered":"\u041f\u043e\u043b\u043e\u0436\u0435\u043d\u043d\u044f"},"content":{"rendered":"\n<p>1.\u00a0<a href=\"https:\/\/bpwyszkow.pl\/wp-content\/uploads\/sites\/41\/2022\/01\/statut2013.pdf\" target=\"_blank\" rel=\"noreferrer noopener\">Statut Biblioteki Pedagogicznej w Ostro\u0142\u0119ce\u00a0<\/a><\/p>\n\n\n\n<ul class=\"wp-block-list\"><li><a href=\"https:\/\/bpwyszkow.pl\/wp-content\/uploads\/sites\/41\/2022\/01\/regorg2013.pdf\" target=\"_blank\" rel=\"noreferrer noopener\">Za\u0142\u0105cznik nr 1 \u2013 Regulamin organizacyjny\u00a0<\/a><\/li><li><a href=\"https:\/\/bpwyszkow.pl\/wp-content\/uploads\/sites\/41\/2022\/01\/regpracy.pdf\" target=\"_blank\" rel=\"noreferrer noopener\">Za\u0142\u0105cznik nr 2 \u2013 Regulamin pracy rady pedagogicznej\u00a0<\/a><\/li><li><a href=\"https:\/\/bpwyszkow.pl\/wp-content\/uploads\/sites\/41\/2022\/01\/schemorg.pdf\" target=\"_blank\" rel=\"noreferrer noopener\">Za\u0142\u0105cznik nr 3 \u2013 Schemat organizacyjny\u00a0<\/a><\/li><li>Z<a href=\"https:\/\/bpwyszkow.pl\/wp-content\/uploads\/sites\/41\/2022\/01\/strukorg.pdf\" target=\"_blank\" rel=\"noreferrer noopener\">a\u0142\u0105cznik nr 4 \u2013 Struktura organizacyjna<\/a>\u00a0<\/li><\/ul>\n\n\n\n<p><a href=\"https:\/\/bpwyszkow.pl\/wp-content\/uploads\/sites\/41\/2022\/01\/RegulaminBP2017.pdf\" target=\"_blank\" rel=\"noreferrer noopener\">2.\u00a0Regulamin korzystania ze zbior\u00f3w Biblioteki Pedagogicznej w Ostro\u0142\u0119ce\u00a0<\/a><\/p>\n\n\n\n<p>3.\u00a0Regulamin Internetowego Centrum informacji Multimedialnej<\/p>\n\n\n\n<p><a href=\"https:\/\/bpwyszkow.pl\/wp-content\/uploads\/sites\/41\/2022\/01\/Regulamin_Pracy_BP.pdf\" target=\"_blank\" rel=\"noreferrer noopener\">4.\u00a0Regulamin pracy Biblioteki Pedagogicznej w Ostro\u0142\u0119ce\u00a0<\/a><\/p>\n\n\n\n<ul class=\"wp-block-list\"><li><a href=\"https:\/\/bpwyszkow.pl\/wp-content\/uploads\/sites\/41\/2022\/01\/Anekas_RPBP.pdf\" target=\"_blank\" rel=\"noreferrer noopener\">ANEKS do Regulaminu Pracy BP w Ostro\u0142<\/a>\u0119ce\u00a0<\/li><li><a href=\"https:\/\/bpwyszkow.pl\/wp-content\/uploads\/sites\/41\/2022\/01\/Aneks2.pdf\" target=\"_blank\" rel=\"noreferrer noopener\">ANEKS nr 2 do Regulaminu Pracy BP w Ostro\u0142\u0119ce\u00a0<\/a><\/li><li><a href=\"https:\/\/bpwyszkow.pl\/wp-content\/uploads\/sites\/41\/2022\/01\/zal1odziez.pdf\">Za\u0142\u0105cznik Nr 1 \u2013 Zak\u0142adowy zestaw tabel \u2026<\/a>\u00a0<\/li><li><a href=\"https:\/\/bpwyszkow.pl\/wp-content\/uploads\/sites\/41\/2022\/01\/zal2rp.pdf\" target=\"_blank\" rel=\"noreferrer noopener\">Za\u0142\u0105cznik Nr 2 \u2013 Wykaz prac wzbronionych m\u0142odocianym \u2026\u00a0<\/a><\/li><li><a href=\"https:\/\/bpwyszkow.pl\/wp-content\/uploads\/sites\/41\/2022\/01\/zal3rp.pdf\" target=\"_blank\" rel=\"noreferrer noopener\">Za\u0142\u0105cznik Nr 3 \u2013 Wykaz prac i stanowisk pracy dozwolonych \u2026<\/a>\u00a0<\/li><li><a href=\"https:\/\/bpwyszkow.pl\/wp-content\/uploads\/sites\/41\/2022\/01\/zal4rp.pdf\" target=\"_blank\" rel=\"noreferrer noopener\">Za\u0142\u0105cznik Nr 4 \u2013 Wykaz prac wzbronionych kobieto<\/a>m\u00a0<\/li><\/ul>\n\n\n\n<p><\/p>\n","protected":false},"excerpt":{"rendered":"<p>1.\u00a0Statut Biblioteki Pedagogicznej w Ostro\u0142\u0119ce\u00a0 Za\u0142\u0105cznik nr 1 \u2013 Regulamin organizacyjny\u00a0 Za\u0142\u0105cznik nr 2 \u2013 Regulamin pracy rady pedagogicznej\u00a0 Za\u0142\u0105cznik [&hellip;]<\/p>\n","protected":false},"author":10,"featured_media":0,"parent":0,"menu_order":0,"comment_status":"closed","ping_status":"closed","template":"","meta":{"_acf_changed":false,"_oasis_is_in_workflow":0,"_oasis_original":0,"inline_featured_image":false,"site-sidebar-layout":"default","site-content-layout":"","ast-site-content-layout":"default","site-content-style":"default","site-sidebar-style":"default","ast-global-header-display":"","ast-banner-title-visibility":"","ast-main-header-display":"","ast-hfb-above-header-display":"","ast-hfb-below-header-display":"","ast-hfb-mobile-header-display":"","site-post-title":"","ast-breadcrumbs-content":"","ast-featured-img":"","footer-sml-layout":"","ast-disable-related-posts":"","theme-transparent-header-meta":"","adv-header-id-meta":"","stick-header-meta":"","header-above-stick-meta":"","header-main-stick-meta":"","header-below-stick-meta":"","astra-migrate-meta-layouts":"default","ast-page-background-enabled":"default","ast-page-background-meta":{"desktop":{"background-color":"","background-image":"","background-repeat":"repeat","background-position":"center center","background-size":"auto","background-attachment":"scroll","background-type":"","background-media":"","overlay-type":"","overlay-color":"","overlay-opacity":"","overlay-gradient":""},"tablet":{"background-color":"","background-image":"","background-repeat":"repeat","background-position":"center center","background-size":"auto","background-attachment":"scroll","background-type":"","background-media":"","overlay-type":"","overlay-color":"","overlay-opacity":"","overlay-gradient":""},"mobile":{"background-color":"","background-image":"","background-repeat":"repeat","background-position":"center center","background-size":"auto","background-attachment":"scroll","background-type":"","background-media":"","overlay-type":"","overlay-color":"","overlay-opacity":"","overlay-gradient":""}},"ast-content-background-meta":{"desktop":{"background-color":"var(--ast-global-color-5)","background-image":"","background-repeat":"repeat","background-position":"center center","background-size":"auto","background-attachment":"scroll","background-type":"","background-media":"","overlay-type":"","overlay-color":"","overlay-opacity":"","overlay-gradient":""},"tablet":{"background-color":"var(--ast-global-color-5)","background-image":"","background-repeat":"repeat","background-position":"center center","background-size":"auto","background-attachment":"scroll","background-type":"","background-media":"","overlay-type":"","overlay-color":"","overlay-opacity":"","overlay-gradient":""},"mobile":{"background-color":"var(--ast-global-color-5)","background-image":"","background-repeat":"repeat","background-position":"center center","background-size":"auto","background-attachment":"scroll","background-type":"","background-media":"","overlay-type":"","overlay-color":"","overlay-opacity":"","overlay-gradient":""}},"_themeisle_gutenberg_block_has_review":false,"footnotes":""},"class_list":["post-25730","page","type-page","status-publish","hentry"],"acf":[],"featured_image_urls_v2":{"full":"","thumbnail":"","medium":"","medium_large":"","large":"","1536x1536":"","2048x2048":"","menu-24x24":"","menu-36x36":"","menu-48x48":""},"post_excerpt_stackable_v2":"<p>1.\u00a0Statut Biblioteki Pedagogicznej w Ostro\u0142\u0119ce\u00a0 Za\u0142\u0105cznik nr 1 \u2013 Regulamin organizacyjny\u00a0Za\u0142\u0105cznik nr 2 \u2013 Regulamin pracy rady pedagogicznej\u00a0Za\u0142\u0105cznik nr 3 \u2013 Schemat organizacyjny\u00a0Za\u0142\u0105cznik nr 4 \u2013 Struktura organizacyjna\u00a0 2.\u00a0Regulamin korzystania ze zbior\u00f3w Biblioteki Pedagogicznej w Ostro\u0142\u0119ce\u00a0 3.\u00a0Regulamin Internetowego Centrum informacji Multimedialnej 4.\u00a0Regulamin pracy Biblioteki Pedagogicznej w Ostro\u0142\u0119ce\u00a0 ANEKS do Regulaminu Pracy BP w Ostro\u0142\u0119ce\u00a0ANEKS nr 2 do Regulaminu Pracy BP w Ostro\u0142\u0119ce\u00a0Za\u0142\u0105cznik Nr 1 \u2013 Zak\u0142adowy zestaw tabel \u2026\u00a0Za\u0142\u0105cznik Nr 2 \u2013 Wykaz prac wzbronionych m\u0142odocianym \u2026\u00a0Za\u0142\u0105cznik Nr 3 \u2013 Wykaz prac i stanowisk pracy dozwolonych \u2026\u00a0Za\u0142\u0105cznik Nr 4 \u2013 Wykaz prac wzbronionych kobietom\u00a0<\/p>\n","category_list_v2":"","author_info_v2":{"name":"bWdyemVnb3Jjenlr","url":"https:\/\/bpwyszkow.pl\/uk\/author\/bwdyemvnb3jjenlr\/"},"comments_num_v2":"0 \u043a\u043e\u043c\u0435\u043d\u0442\u0430\u0440\u0456\u0432","_links":{"self":[{"href":"https:\/\/bpwyszkow.pl\/uk\/wp-json\/wp\/v2\/pages\/25730","targetHints":{"allow":["GET"]}}],"collection":[{"href":"https:\/\/bpwyszkow.pl\/uk\/wp-json\/wp\/v2\/pages"}],"about":[{"href":"https:\/\/bpwyszkow.pl\/uk\/wp-json\/wp\/v2\/types\/page"}],"author":[{"embeddable":true,"href":"https:\/\/bpwyszkow.pl\/uk\/wp-json\/wp\/v2\/users\/10"}],"replies":[{"embeddable":true,"href":"https:\/\/bpwyszkow.pl\/uk\/wp-json\/wp\/v2\/comments?post=25730"}],"version-history":[{"count":1,"href":"https:\/\/bpwyszkow.pl\/uk\/wp-json\/wp\/v2\/pages\/25730\/revisions"}],"predecessor-version":[{"id":26126,"href":"https:\/\/bpwyszkow.pl\/uk\/wp-json\/wp\/v2\/pages\/25730\/revisions\/26126"}],"wp:attachment":[{"href":"https:\/\/bpwyszkow.pl\/uk\/wp-json\/wp\/v2\/media?parent=25730"}],"curies":[{"name":"wp","href":"https:\/\/api.w.org\/{rel}","templated":true}]}}