{"id":25679,"date":"2022-01-03T13:31:45","date_gmt":"2022-01-03T12:31:45","guid":{"rendered":"https:\/\/bpwyszkow.pl\/psychologia\/"},"modified":"2022-11-07T15:11:42","modified_gmt":"2022-11-07T14:11:42","slug":"psychologia","status":"publish","type":"page","link":"https:\/\/bpwyszkow.pl\/uk\/psychologia\/","title":{"rendered":"\u043f\u0441\u0438\u0445\u043e\u043b\u043e\u0433\u0456\u044f"},"content":{"rendered":"\n<details class=\"wp-block-stackable-accordion stk-block-accordion stk-inner-blocks stk-block-content stk-block stk-e50ad6d\" data-block-id=\"e50ad6d\">\n<summary class=\"wp-block-stackable-column stk--container-small stk-block-accordion__heading stk-block-column stk-column stk-block stk-432e6d6\" data-block-id=\"432e6d6\"><div class=\"stk-column-wrapper stk-block-column__content stk-container stk-432e6d6-container stk-hover-parent\"><div class=\"stk-block-content stk-inner-blocks\">\n<div class=\"wp-block-stackable-icon-label stk-block-icon-label stk-block stk-de83b72\" data-block-id=\"de83b72\"><div class=\"stk-row stk-inner-blocks stk-block-content\">\n<div class=\"wp-block-stackable-heading stk-block-heading stk-block stk-78e5e9b\" data-block-id=\"78e5e9b\"><h4 class=\"stk-block-heading__text\">Arteterapia: Zestawienie bibliograficzne w wyborze. BP Wyszk\u00f3w 2018<\/h4><\/div>\n\n\n\n<div class=\"wp-block-stackable-icon stk-block-icon stk-block stk-b1fee3c\" data-block-id=\"b1fee3c\"><span class=\"stk--svg-wrapper\"><div class=\"stk--inner-svg\"><svg style=\"height:0;width:0\"><defs><linearGradient id=\"linear-gradient-b1fee3c\" x1=\"0\" x2=\"100%\" y1=\"0\" y2=\"0\"><stop offset=\"0%\" style=\"stop-opacity:1;stop-color:var(--linear-gradient-b-1-fee-3-c-color-1)\"><\/stop><stop offset=\"100%\" style=\"stop-opacity:1;stop-color:var(--linear-gradient-b-1-fee-3-c-color-2)\"><\/stop><\/linearGradient><\/defs><\/svg><svg data-prefix=\"fas\" data-icon=\"chevron-down\" class=\"svg-inline--fa fa-chevron-down fa-w-14\" xmlns=\"http:\/\/www.w3.org\/2000\/svg\" viewBox=\"0 0 448 512\" aria-hidden=\"true\" width=\"32\" height=\"32\"><path fill=\"currentColor\" d=\"M207.029 381.476L12.686 187.132c-9.373-9.373-9.373-24.569 0-33.941l22.667-22.667c9.357-9.357 24.522-9.375 33.901-.04L224 284.505l154.745-154.021c9.379-9.335 24.544-9.317 33.901.04l22.667 22.667c9.373 9.373 9.373 24.569 0 33.941L240.971 381.476c-9.373 9.372-24.569 9.372-33.942 0z\"><\/path><\/svg><\/div><\/span><\/div>\n<\/div><\/div>\n<\/div><\/div><\/summary>\n\n\n\n<div class=\"wp-block-stackable-column stk-block-accordion__content stk-block-column stk-column stk-block stk-bb3c91e\" data-block-id=\"bb3c91e\"><div class=\"stk-column-wrapper stk-block-column__content stk-container stk-bb3c91e-container stk--no-background stk--no-padding\"><div class=\"stk-block-content stk-inner-blocks\">\n<p class=\"has-text-align-center\"><strong>Arteterapia<\/strong><\/p>\n\n\n\n<p class=\"has-text-align-center\"><strong>Zestawienie bibliograficzne w wyborze<\/strong><\/p>\n\n\n\n<p><strong>Wydawnictwa zwarte:<\/strong><\/p>\n\n\n\n<ol class=\"wp-block-list\"><li>Artediagnoza : psychologiczna specyfika tw\u00f3rczo\u015bci plastycznej dzieci neurotycznych \/ El\u017cbieta G\u0142owacka. \u2013 Krak\u00f3w : Wydaw. Uniwersytetu Jagiello\u0144skiego, 2006.<\/li><li>Arteterapia : badania i praktyka \/ Andrea Gilroy ; [t\u0142. Sebastian Sobczy\u0144ski]. \u2013 \u0141\u00f3d\u017a : Wydawnictwo Akademii Humanistyczno-Ekonomicznej, 2009.<\/li><li>Arteterapia : inspiracje i warto\u015bci \/ Tomasz Rudowski. \u2013 Wyd. 2 zm. \u2013 Warszawa : Eneteia Wydawnictwo Psychologii i Kultury, 2014.<\/li><li>Arteterapia : narodziny idei, ewolucja teorii, rozw\u00f3j praktyki \/ Wita Szulc. \u2013 Warszawa : Difin, 2011.<\/li><li>Arteterapia : szcz\u0119\u015bliwy \u015bwiat tworzenia : materia\u0142y metodyczne do pracy z dzie\u0107mi, m\u0142odzie\u017c\u0105 oraz osobami doros\u0142ymi, w szko\u0142ach podstawowych i gimnazjach,<br>w plac\u00f3wkach szkolno-wychowawczych szkolnictwa specjalnego, w \u015bwietlicach szkolnych i terapeutycznych, na koloniach, obozach i wycieczkach \/ Alina Arciszewska-Binnebesel. \u2013 Wyd. 4 (wyd. 1 w Wydaw. Harmonia). \u2013 Gda\u0144sk : Wydawnictwo Harmonia, 2014.<\/li><li>Arteterapia i warsztaty edukacji tw\u00f3rczej \/ Maja Sta\u0144ko-Kaczmarek. \u2013 Warszawa : Difin, 2013.<\/li><li>Arteterapia w medycynie i edukacji \/ red. Wies\u0142aw Karolak, Barbara Kaczorowska ; Wy\u017csza Szko\u0142a Humanistyczno-Ekonomiczna w \u0141odzi. \u2013 \u0141\u00f3d\u017a : Wy\u017csza Szko\u0142a Humanistyczno-Ekonomiczna, 2008.<\/li><li>Arteterapia w pracy pedagoga : teoretyczne i praktyczne podstawy terapii przez sztuk\u0119 \/ Joanna G\u0142adyszewska-Cylulko. \u2013 Krak\u00f3w : Oficyna Wydawnicza \u201eImpuls\u201d, 2011.<\/li><li>Cz. 1 \/ pod red. nauk. Bartosza \u0141ozy i Aleksandry Chmielnickiej-Plaskoty. \u2013 Wyd. 2 zm. \u2013 Warszawa : Difin, 2014.<\/li><li>Cz. 2 \/ pod red. nauk. Bartosza \u0141ozy i Aleksandry Chmielnickiej-Plaskoty. \u2013 Wyd. 2 zm. \u2013 Warszawa : Difin, 2014.<\/li><li>Dylematy edukacji artystycznej. T. 2, Edukacja artystyczna a potencja\u0142 tw\u00f3rczy cz\u0142owieka \/ pod red. nauk. Wies\u0142awy Limont i Kamilli Nielek-Zawadzkiej. \u2013 Krak\u00f3w : Impuls, 2006.<\/li><li>Dziecko i sztuka : recepcja, edukacja, wsparcie, terapia \/ pod red. Miros\u0142awy Knapik ; przy wsp\u00f3\u0142pr. Katarzyny Kraso\u0144. \u2013 Katowice : Wydawnictwo Uniwersytetu \u015al\u0105skiego, 2003.<\/li><li>Edukacja i terapia przez sztuk\u0119 : arteterapia w \u015bwietle teorii dozna\u0144 transakcyjnych \/ Tomasz Rudowski. \u2013 Warszawa : Eneteia Wydawnictwo Psychologii i Kultury, 2013.<\/li><li>Mandala w arteterapii \/ Olga Handford, Wies\u0142aw Karolak. \u2013 \u0141\u00f3d\u017a : Wydawnictwo Wy\u017cszej Szko\u0142y Humanistyczno-Ekonomicznej, 2008.<\/li><li>Nikifory \u2013 arty\u015bci niepe\u0142nosprawni w \u017cyciu spo\u0142ecznym i zawodowym : materia\u0142y pokonferencyjne. Cz. 1 \/ pod red. Barbary Sochal. \u2013 Warszawa : Fundacja Wsp\u00f3lna Droga \u2013 United Way Polska, 2009.<\/li><li>Psychologia tw\u00f3rczo\u015bci plastycznej \/ Stanis\u0142aw Leon Popek. \u2013 Krak\u00f3w : Oficyna Wydawnicza Impuls, 2010.<\/li><li>Rysunek w arteterapii \/ Wies\u0142aw Karolak. \u2013 \u0141\u00f3d\u017a : Wydawnictwo Wy\u017cszej Szko\u0142y Humanistyczno-Ekonomicznej, 2005.<\/li><li>Tw\u00f3rcza praca dziecka : dzia\u0142anie jako droga poznania i rozwoju \/ Zofia S\u0142obodzian ; Instytut Pedagogiki. \u2013 Warszawa : Pa\u0144stwowe Zak\u0142ady Wydawnictw Szkolnych<strong>,<\/strong><\/li><li>Tw\u00f3rcze dzia\u0142ania dla dzieci z wykorzystaniem terapii ta\u0144cem, jogi i kreatywnego pisania \/ Joanna Jakubik-Hajdukiewicz ; il. Katarzyna Stachowska-Mendyka. \u2013 Pozna\u0144 : Garmond Oficyna Wydawnicza, 2005.<\/li><li>Tw\u00f3rczo\u015b\u0107 literacka i plastyczna niepe\u0142nosprawnych \/ Ryszard Pichalski. \u2013 Toru\u0144 : Wydawnictwo Naukowe Grado, 2012.<\/li><li>Wspomaganie rozwoju dzieci nie\u015bmia\u0142ych poprzez wizualizacj\u0119 i inne techniki arteterapii \/ Joanna G\u0142adyszewska-Cylulko. \u2013 Krak\u00f3w : Oficyna Wydawnicza Impuls, 2007.<\/li><li>Zabawy ze sztuk\u0105 : podr\u0119cznik metodyczny dla nauczycieli : praca z dzieckiem uzdolnionym, wra\u017cliwym lub nie\u015bmia\u0142ym w ma\u0142ych grupach : grupy wiekowe 5-7 lat, 7-9 lat i 9-13 lat : (ponad 100 temat\u00f3w plastycznych) \/ Anna Kalbarczyk. \u2013 Wyd. 3. \u2013 Krak\u00f3w : Oficyna Wydawnicza \u201eImpuls\u201d, 2006.<\/li><\/ol>\n\n\n\n<p><strong>Artyku\u0142y z czasopism:<\/strong><\/p>\n\n\n\n<ol class=\"wp-block-list\"><li>Arterapia w edukacji wczesnoszkolnej \/Katarzyna Sadowska.\/\/ \u017bycie Szko\u0142y. \u2013 2013, nr 6, s. 4-7<\/li><li>Arteterapeutyczne aspekty ekspresji plastycznej \/Janina Florczykiewicz.\/\/ \u017bycie Szko\u0142y. \u2013 2009, nr 2, s. 5-8<\/li><li>Arteterapia \u2013 pomoc w prze\u017cywaniu i wyra\u017caniu emocji \/Bogus\u0142awa Brymora.\/\/ Wychowanie Na Co Dzie\u0144. \u2013 2013, nr 9, dod. Wk\u0142adka Metodyczna, s. VII-VIII<\/li><li>Arteterapia \u2013 pomoc w prze\u017cywaniu i wyra\u017caniu emocji \/Danuta Bula.\/\/ Wychowawca. \u2013 2012, nr 1, s. 14-15<\/li><li>Arteterapia \/Maria Szymczyk.\/\/ Wychowawca. \u2013 2007, nr 4, s. 22-23<\/li><li>Arteterapia \/Marta P\u0105gowska.\/\/ Niepe\u0142nosprawno\u015b\u0107 i Rehabilitacja. \u2013 2011, nr 3, s. 62-75<\/li><li>Arteterapia : scenariusze zaj\u0119\u0107 integracyjnych, relaksacyjnych i ruchowych (szko\u0142a podstawowa i gimnazjum). Cz. 2 \/ Ilona Go\u0142\u0119biewska.\/\/ Wychowawca. \u2013 2015, nr 1,<br>30-32<\/li><li>Arteterapia : scenariusze zaj\u0119\u0107 integracyjnych, relaksacyjnych i ruchowych (szko\u0142a podstawowa i gimnazjum). Cz. 1 \/ Ilona Go\u0142\u0119biewska.\/\/ Wychowawca. \u2013 2014, nr 12, s. 27-28<\/li><li>Arteterapia a rozw\u00f3j emocjonalny cz\u0142owieka \/Anita Stefa\u0144ska.\/\/ Wychowanie Na Co Dzie\u0144. \u2013 2008, nr 12, s. 16-18<\/li><li>Arteterapia a uspo\u0142ecznianie os\u00f3b niepe\u0142nosprawnych intelektualnie \/Agnieszka G\u00f3rska.\/\/ Niepe\u0142nosprawno\u015b\u0107 i Rehabilitacja. \u2013 2009, nr 2, s. 45-54<\/li><li>Arteterapia inspiracj\u0105 dla pedagogiki \/Anna Olas.\/\/ Szko\u0142a Specjalna. \u2013 2006, nr 4,<br>298-306<\/li><li>Arteterapia jako forma oddzia\u0142ywania na dziecko \/Ilona Go\u0142\u0119biewska.\/\/ \u017bycie Szko\u0142y. \u2013 2011, nr 2, s. 12-15<\/li><li>Arteterapia jako forma pracy z dzieckiem z upo\u015bledzeniem umys\u0142owym \/Ewa Grudziewska.\/\/ Szko\u0142a Specjalna. \u2013 2010, nr 3, s. 194-200<\/li><li>Arteterapia \u2013 problemy definicyjne \/Barbara Trochimiak.\/\/ Szko\u0142a Specjalna. \u2013 2006, nr 5, s. 376-379<\/li><li>Arteterapia w przedszkolu \/Mariola Napi\u00f3rkowska.\/\/ Wychowanie w Przedszkolu. \u2013 2010, nr 11, s. 20-23<\/li><li>Arteterapia w s\u0142u\u017cbie inteligencji emocjonalnej \/Danuta Bula.\/\/ J\u0119zyk Polski w Szkole IV-VI. \u2013 2012\/2013, nr 4, s. 22-32<\/li><li>Arteterapia w warunkach szkolnych \/Anna Wojtalewicz ; rozm. przepr. Ma\u0142gorzata Ofman.\/\/ Magazyn Trenera. \u2013 2015, nr 1 (36), s. 43-45<\/li><li>Arteterapia, czyli psychorysunek \/Bo\u017cena Muraszko.\/\/ Edukacja i Dialog. \u2013 1995, nr 10, s. 49-52<\/li><li>Czy zawsze warto by\u0107 pos\u0142usznym? : (scenariusz zaj\u0119\u0107 arteterapeutycznych dla klas IV-VI) \/ Barbara Beata Sarti.\/\/ Wszystko dla Szko\u0142y. \u2013 2010, nr 9, s. 24-25<\/li><li>Dzia\u0142ania arteterapeutyczne w resocjalizacji \/Janina Florczykiewicz.\/\/ Opieka Wychowanie Terapia. \u2013 2010, nr 1\/2, s. 49-55<\/li><li>Ekspresja s\u0142owna dziecka w dialogu z otoczeniem, czyli o relacji pomi\u0119dzy arteterapi\u0105 dzieci a teori\u0105 Freineta \/Kinga Anna Gajda.\/\/ J\u0119zyk Polski w Szkole IV-VI. \u2013 2010\/2011, nr 3, s. 9-24<\/li><li>Historia arteterapeutyki \/Wita Szulc.\/\/ Edukacja i Dialog. \u2013 2006, nr 8, s. 66-69<\/li><li>Miejsce i rola tw\u00f3rczo\u015bci w terapii os\u00f3b doros\u0142ych z niepe\u0142nosprawno\u015bci\u0105 na przyk\u0142adzie zaj\u0119\u0107 terapeutycznych realizowanych w o\u015brodku wsparcia dziennego: \u015arodowiskowym Domu Samopomocy \u201ePracownia Rozwijania Tw\u00f3rczo\u015bci Os\u00f3b Niepe\u0142nosprawnych\u201d \u2026\/\/\/ Wychowanie Na Co Dzie\u0144. \u2013 2011, nr 12, dod. Wk\u0142adka Metodyczna nr 12, s. V-VII<\/li><li>M\u0142odopolskie pejza\u017ce : scenariusz zaj\u0119\u0107 z wykorzystaniem element\u00f3w arteterapii \/ Maria \u0141ukaszewska.\/\/ Poradnik Bibliotekarza. \u2013 2007, nr 6, s. 34-35<\/li><li>Niewidzialna r\u0119ka \/Anna Raczy\u0144ska.\/\/ Edukacja i Dialog. \u2013 2012, nr 7\/8, s. 38-41<\/li><li>Promocja arteterapii \/Franciszek Czajkowski.\/\/ Poradnik Bibliotekarza. \u2013 1989, nr 7\/8\/9, s. 23-25<\/li><li>SPA \u2013 soma i psyche w arte-terapii uzale\u017cnie\u0144 \/Iwona Malorny.\/\/ Wychowanie Na Co Dzie\u0144. \u2013 2012, nr 10\/11, dod. Wk\u0142adka Metodyczna nr 10\/11, s. X-XII<\/li><li>Sztuka, wychowanie, terapia \/Krystyna Nowak-Wolna.\/\/ Szko\u0142a Specjalna. \u2013 2008, nr 4, s. 274-285<\/li><li>Teatroterapia w leczeniu i wychowaniu \/Katarzyna Makowska.\/\/ Edukacja i Dialog. \u2013 2007, nr 5, s. 17-20<\/li><li>Teoria arteterapii Tomasza Rudowskiego \u2013 implikacje do resocjalizacji przez sztuk\u0119 \/Janina Florczykiewicz.\/\/ Szko\u0142a Specjalna. \u2013 2010, nr 3, s. 176-185<\/li><li>Terapeutyczna funkcja sztuki a osobowo\u015b\u0107 dziecka \/Zbigniew Baran.\/\/ Wychowanie<br>w Przedszkolu. \u2013 1996, nr 4, s. 195-198<\/li><li>The healing power of creation :remarks on the philosophical foundations of art therapy \/ Anna Szudra-Barszcz.\/\/ Kwartalnik Pedagogiczny. \u2013 2013, nr 1, s. 79-89<\/li><li>Tw\u00f3rcza terapia \/Danuta Rajska.\/\/ Wychowawca. \u2013 2008, nr 5, s. 28-29<\/li><li>Tw\u00f3rczo\u015b\u0107 plastyczna jako \u015brodek budowania kontaktu i komunikacji z dzieckiem autystycznym \/Dorota Otapowicz.\/\/ Edukacja. \u2013 2009, nr 3, s. 104-109<\/li><li>Uzdrawiaj\u0105ca moc sztuki \/Ilona Go\u0142\u0119biewska.\/\/ Wychowawca. \u2013 2014, nr 12, s. 15-17<\/li><li>Warsztaty arteterapeutyczne : spotkanie ze sztuk\u0105 \/ Gra\u017cyna Jezierska.\/\/ \u017bycie Szko\u0142y. \u2013 2006, nr 6, s. 28-39<\/li><li>Wspomaganie zdrowia w okresie p\u00f3\u017anego dzieci\u0144stwa przez ekspresj\u0119 plastyczn\u0105 \/Anna Stawecka.\/\/ Nauczanie Pocz\u0105tkowe. \u2013 2010\/2011, nr 1, s. 49-58<\/li><li>Wsp\u00f3\u0142czesny polonista jako (nie)\u015bwiadomy terapeuta \/Katarzyna Nogie\u0107.\/\/ J\u0119zyki Obce w Szkole. \u2013 2011\/2012, nr 1, s. 7-12<\/li><li>Wszystko jest mo\u017cliwe! : (scenariusz zaj\u0119\u0107 korekcyjno-kompensacyjnych<br>z elementami terapii przez sztuk\u0119 dla uczni\u00f3w klas IV z obni\u017con\u0105 sprawno\u015bci\u0105 grafomotoryczn\u0105) \/ Miros\u0142awa Kalici\u0144ska, Joanna Sinicka.\/\/ Wszystko dla Szko\u0142y. \u2013 2007, nr 3, s. 18-19<\/li><li>Wykorzystywanie sztuki w terapii dzieci dyslektycznych \/Dorota Lewandowska.\/\/ Problemy Opieku\u0144czo-Wychowawcze. \u2013 2002, nr 5, s. 38-40<\/li><li>Zaj\u0119cia z arteterapii : scenariusz \/ Ilona Go\u0142\u0119biewska.\/\/ \u017bycie Szko\u0142y. \u2013 2011, nr 2,<br>22-25<\/li><li>Znaczenie arteterapii w pracy z dzie\u0107mi niepe\u0142nosprawnymi \/Dagna Czerwonka.\/\/ Wychowanie Na Co Dzie\u0144. \u2013 2011, nr 12, s. 31-35<\/li><\/ol>\n<\/div><\/div><\/div>\n<\/details>\n","protected":false},"excerpt":{"rendered":"<p>Arteterapia: Zestawienie bibliograficzne w wyborze. BP Wyszk\u00f3w 2018 Arteterapia Zestawienie bibliograficzne w wyborze Wydawnictwa zwarte: Artediagnoza : psychologiczna specyfika tw\u00f3rczo\u015bci [&hellip;]<\/p>\n","protected":false},"author":205,"featured_media":0,"parent":0,"menu_order":0,"comment_status":"closed","ping_status":"closed","template":"","meta":{"_acf_changed":false,"_oasis_is_in_workflow":0,"_oasis_original":0,"inline_featured_image":false,"site-sidebar-layout":"default","site-content-layout":"","ast-site-content-layout":"default","site-content-style":"default","site-sidebar-style":"default","ast-global-header-display":"","ast-banner-title-visibility":"","ast-main-header-display":"","ast-hfb-above-header-display":"","ast-hfb-below-header-display":"","ast-hfb-mobile-header-display":"","site-post-title":"","ast-breadcrumbs-content":"","ast-featured-img":"","footer-sml-layout":"","ast-disable-related-posts":"","theme-transparent-header-meta":"","adv-header-id-meta":"","stick-header-meta":"","header-above-stick-meta":"","header-main-stick-meta":"","header-below-stick-meta":"","astra-migrate-meta-layouts":"default","ast-page-background-enabled":"default","ast-page-background-meta":{"desktop":{"background-color":"","background-image":"","background-repeat":"repeat","background-position":"center center","background-size":"auto","background-attachment":"scroll","background-type":"","background-media":"","overlay-type":"","overlay-color":"","overlay-opacity":"","overlay-gradient":""},"tablet":{"background-color":"","background-image":"","background-repeat":"repeat","background-position":"center center","background-size":"auto","background-attachment":"scroll","background-type":"","background-media":"","overlay-type":"","overlay-color":"","overlay-opacity":"","overlay-gradient":""},"mobile":{"background-color":"","background-image":"","background-repeat":"repeat","background-position":"center center","background-size":"auto","background-attachment":"scroll","background-type":"","background-media":"","overlay-type":"","overlay-color":"","overlay-opacity":"","overlay-gradient":""}},"ast-content-background-meta":{"desktop":{"background-color":"var(--ast-global-color-5)","background-image":"","background-repeat":"repeat","background-position":"center center","background-size":"auto","background-attachment":"scroll","background-type":"","background-media":"","overlay-type":"","overlay-color":"","overlay-opacity":"","overlay-gradient":""},"tablet":{"background-color":"var(--ast-global-color-5)","background-image":"","background-repeat":"repeat","background-position":"center center","background-size":"auto","background-attachment":"scroll","background-type":"","background-media":"","overlay-type":"","overlay-color":"","overlay-opacity":"","overlay-gradient":""},"mobile":{"background-color":"var(--ast-global-color-5)","background-image":"","background-repeat":"repeat","background-position":"center center","background-size":"auto","background-attachment":"scroll","background-type":"","background-media":"","overlay-type":"","overlay-color":"","overlay-opacity":"","overlay-gradient":""}},"_themeisle_gutenberg_block_has_review":false,"footnotes":""},"class_list":["post-25679","page","type-page","status-publish","hentry"],"acf":[],"featured_image_urls_v2":{"full":"","thumbnail":"","medium":"","medium_large":"","large":"","1536x1536":"","2048x2048":"","menu-24x24":"","menu-36x36":"","menu-48x48":""},"post_excerpt_stackable_v2":"<p>Arteterapia: Zestawienie bibliograficzne w wyborze. BP Wyszk\u00f3w 2018 Arteterapia Zestawienie bibliograficzne w wyborze Wydawnictwa zwarte: Artediagnoza : psychologiczna specyfika tw\u00f3rczo\u015bci plastycznej dzieci neurotycznych \/ El\u017cbieta G\u0142owacka. \u2013 Krak\u00f3w : Wydaw. Uniwersytetu Jagiello\u0144skiego, 2006.Arteterapia : badania i praktyka \/ Andrea Gilroy ; [t\u0142. Sebastian Sobczy\u0144ski]. \u2013 \u0141\u00f3d\u017a : Wydawnictwo Akademii Humanistyczno-Ekonomicznej, 2009.Arteterapia : inspiracje i warto\u015bci \/ Tomasz Rudowski. \u2013 Wyd. 2 zm. \u2013 Warszawa : Eneteia Wydawnictwo Psychologii i Kultury, 2014.Arteterapia : narodziny idei, ewolucja teorii, rozw\u00f3j praktyki \/ Wita Szulc. \u2013 Warszawa : Difin, 2011.Arteterapia : szcz\u0119\u015bliwy \u015bwiat tworzenia : materia\u0142y metodyczne do pracy z dzie\u0107mi, m\u0142odzie\u017c\u0105 oraz osobami&hellip;<\/p>\n","category_list_v2":"","author_info_v2":{"name":"c2FicmFtZWs=","url":"https:\/\/bpwyszkow.pl\/uk\/author\/c2ficmftzws-2\/"},"comments_num_v2":"0 \u043a\u043e\u043c\u0435\u043d\u0442\u0430\u0440\u0456\u0432","_links":{"self":[{"href":"https:\/\/bpwyszkow.pl\/uk\/wp-json\/wp\/v2\/pages\/25679","targetHints":{"allow":["GET"]}}],"collection":[{"href":"https:\/\/bpwyszkow.pl\/uk\/wp-json\/wp\/v2\/pages"}],"about":[{"href":"https:\/\/bpwyszkow.pl\/uk\/wp-json\/wp\/v2\/types\/page"}],"author":[{"embeddable":true,"href":"https:\/\/bpwyszkow.pl\/uk\/wp-json\/wp\/v2\/users\/205"}],"replies":[{"embeddable":true,"href":"https:\/\/bpwyszkow.pl\/uk\/wp-json\/wp\/v2\/comments?post=25679"}],"version-history":[{"count":2,"href":"https:\/\/bpwyszkow.pl\/uk\/wp-json\/wp\/v2\/pages\/25679\/revisions"}],"predecessor-version":[{"id":26114,"href":"https:\/\/bpwyszkow.pl\/uk\/wp-json\/wp\/v2\/pages\/25679\/revisions\/26114"}],"wp:attachment":[{"href":"https:\/\/bpwyszkow.pl\/uk\/wp-json\/wp\/v2\/media?parent=25679"}],"curies":[{"name":"wp","href":"https:\/\/api.w.org\/{rel}","templated":true}]}}