{"id":25544,"date":"2021-12-09T12:23:51","date_gmt":"2021-12-09T11:23:51","guid":{"rendered":"https:\/\/bpwyszkow.pl\/metodyka-nauczania-poszczegolnych-przedmiotow-nauczania\/"},"modified":"2022-11-07T13:37:06","modified_gmt":"2022-11-07T12:37:06","slug":"metodyka-nauczania-poszczegolnych-przedmiotow-nauczania","status":"publish","type":"page","link":"https:\/\/bpwyszkow.pl\/uk\/metodyka-nauczania-poszczegolnych-przedmiotow-nauczania\/","title":{"rendered":"\u041c\u0435\u0442\u043e\u0434\u0438\u043a\u0430 \u0432\u0438\u043a\u043b\u0430\u0434\u0430\u043d\u043d\u044f \u043e\u043a\u0440\u0435\u043c\u0438\u0445 \u043f\u0440\u0435\u0434\u043c\u0435\u0442\u0456\u0432 \u043e\u0441\u0432\u0456\u0442\u0438"},"content":{"rendered":"\n<figure class=\"wp-block-table\"><table><tbody><tr><td><a href=\"https:\/\/bpwyszkow.pl\/ciekawa-matematyka-gry-edukacyjne-dla-sp-i-gimnazjum\/\">Ciekawa matematyka <\/a>\u2013 gry edukacyjne dla SP i gimnazjum:\u00a0zestawienie bibliograficzne. Ostro\u0142\u0119ka: BP, 2015<\/td><\/tr><tr><td><a href=\"https:\/\/bpwyszkow.pl\/edukacja-ekologiczna-zajecia-terenowe\/\">Edukacja ekologiczna <\/a>\u2013 zaj\u0119cia terenowe:\u00a0zestawienie bibliograficzne. Ostro\u0142\u0119ka: BP, 2015<\/td><\/tr><tr><td><a href=\"https:\/\/bpwyszkow.pl\/edukacja-przyrodnicza-w-ksztalceniu-ogolnym\/\">Edukacja przyrodnicza w kszta\u0142ceniu og\u00f3lnym<\/a>:\u00a0zestawienie bibliograficzne. Ostro\u0142\u0119ka : BP, 2015<\/td><\/tr><tr><td><a href=\"https:\/\/bpwyszkow.pl\/fizyka-materialy-pomocnicze-dla-nauczycieli\/\">Fizyka: materia\u0142y pomocnicze dla nauczycieli:<\/a>\u00a0zestawienie bibliograficzne artyku\u0142\u00f3w z czasopism za lata 2006 \u2013 2012. Ostro\u0142\u0119ka: BP, 2012<\/td><\/tr><tr><td><a href=\"https:\/\/bpwyszkow.pl\/geometria-w-szkole-podstawowej-i-gimnazjum\/\">Geometria w szkole podstawowej i gimnazjum<\/a>:\u00a0zestawienie bibliograficzne. Ostro\u0142\u0119ka: BP, 2015<\/td><\/tr><tr><td><a href=\"https:\/\/bpwyszkow.pl\/gimnastyka-korekcyjna-w-szkole\/\">Gimnastyka korekcyjna w szkole<\/a>:\u00a0zestawienie bibliograficzne. Ostro\u0142\u0119ka: BP, 2013<\/td><\/tr><tr><td><a href=\"https:\/\/bpwyszkow.pl\/gry-i-zabawy-terenowe-scenariusze-zajec\/\">Gry i zabawy terenowe<\/a> \u2013 scenariusze zaj\u0119\u0107:\u00a0zestawienie bibliograficzne. Ostro\u0142\u0119ka: BP, 2013<\/td><\/tr><tr><td><a href=\"https:\/\/bpwyszkow.pl\/informatyka-materialy-metodyczne\/\">Informatyka: materia\u0142y metodyczne:<\/a>\u00a0zestawienie bibliograficzne. Ostro\u0142\u0119ka: BP, 2008<\/td><\/tr><tr><td><a href=\"https:\/\/bpwyszkow.pl\/matematyka-dla-szkol-ponadgimnazjalnych\/\">Matematyka dla szk\u00f3\u0142 ponadgimnazjalnych<\/a>: propozycje metodyczne, \u0107wiczenia i zadania:\u00a0zestawienie bibliograficzne artyku\u0142\u00f3w[\u2026] za lata 2012 \u2013 2014. Ostro\u0142\u0119ka: BP, 2014<\/td><\/tr><tr><td><a href=\"https:\/\/bpwyszkow.pl\/metody-aktywizujace-w-nauczaniu-jezyka-polskiego\/\">Metody aktywizuj\u0105ce w nauczaniu j\u0119zyka polskiego<\/a>.\u00a0zestawienie bibliograficzne za lata 2015-2021. Ostro\u0142\u0119ka: BP, 2021<\/td><\/tr><tr><td><a href=\"https:\/\/bpwyszkow.pl\/metody-aktywizujace-w-nauczaniu-matematyki\/\">Metody aktywizuj\u0105ce w nauczaniu matematyki.<\/a>\u00a0Ostro\u0142\u0119ka: BP, 2015<\/td><\/tr><tr><td><a href=\"https:\/\/bpwyszkow.pl\/przyroda-i-biologia-matura-testy-i-sprawdziany-olimpiady\/\">Przyroda i biologia. Matura, testy i sprawdziany, olimpiady<\/a>:\u00a0zestawienie bibliograficzne artyku\u0142\u00f3w z czasopism za lata 2000-2011. Ostro\u0142\u0119ka : BP, 2011<\/td><\/tr><tr><td><a href=\"https:\/\/bpwyszkow.pl\/scenariusze-zajec-z-fizyki\/\">Scenariusze zaj\u0119\u0107 z fizyki:<\/a>\u00a0zestawienie bibliograficzne artyku\u0142\u00f3w z czasopism za lata 2006 \u2013 2012. Ostro\u0142\u0119ka: BP, 2012<\/td><\/tr><tr><td><a href=\"https:\/\/bpwyszkow.pl\/scenariusze-zajec-z-przyrody-i-biologii\/\">Scenariusze zaj\u0119\u0107 z przyrody i biologii<\/a>:\u00a0zestawienie bibliograficzne artyku\u0142\u00f3w z czasopism za lata 2000-2011. Ostro\u0142\u0119ka : BP, 2011<\/td><\/tr><tr><td><a href=\"https:\/\/bpwyszkow.pl\/wp-content\/uploads\/sites\/41\/2022\/01\/szkola_w_ruchu.pdf\" target=\"_blank\" rel=\"noreferrer noopener\">Wychowanie\u00a0 fizyczne \u2013 metodyka nauczania<\/a>:\u00a0zestawienie bibliograficzne materia\u0142\u00f3w metodycznych dost\u0119pnych w BP w Ostro\u0142\u0119ce. Ostro\u0142\u0119ka: BP, 2014 (pdf)<\/td><\/tr><tr><td><a href=\"https:\/\/bpwyszkow.pl\/wychowanie-fizyczne-w-szkole\/\">Wychowanie fizyczne \u2013 metodyka nauczania:<\/a>\u00a0zestawienie bibliograficzne. Ostro\u0142\u0119ka: BP, 2020<\/td><\/tr><\/tbody><\/table><\/figure>\n","protected":false},"excerpt":{"rendered":"<p>Ciekawa matematyka \u2013 gry edukacyjne dla SP i gimnazjum:\u00a0zestawienie bibliograficzne. Ostro\u0142\u0119ka: BP, 2015 Edukacja ekologiczna \u2013 zaj\u0119cia terenowe:\u00a0zestawienie bibliograficzne. Ostro\u0142\u0119ka: [&hellip;]<\/p>\n","protected":false},"author":10,"featured_media":0,"parent":0,"menu_order":0,"comment_status":"closed","ping_status":"closed","template":"","meta":{"_acf_changed":false,"_oasis_is_in_workflow":0,"_oasis_original":0,"inline_featured_image":false,"site-sidebar-layout":"default","site-content-layout":"","ast-site-content-layout":"default","site-content-style":"default","site-sidebar-style":"default","ast-global-header-display":"","ast-banner-title-visibility":"","ast-main-header-display":"","ast-hfb-above-header-display":"","ast-hfb-below-header-display":"","ast-hfb-mobile-header-display":"","site-post-title":"","ast-breadcrumbs-content":"","ast-featured-img":"","footer-sml-layout":"","ast-disable-related-posts":"","theme-transparent-header-meta":"","adv-header-id-meta":"","stick-header-meta":"","header-above-stick-meta":"","header-main-stick-meta":"","header-below-stick-meta":"","astra-migrate-meta-layouts":"default","ast-page-background-enabled":"default","ast-page-background-meta":{"desktop":{"background-color":"","background-image":"","background-repeat":"repeat","background-position":"center center","background-size":"auto","background-attachment":"scroll","background-type":"","background-media":"","overlay-type":"","overlay-color":"","overlay-opacity":"","overlay-gradient":""},"tablet":{"background-color":"","background-image":"","background-repeat":"repeat","background-position":"center center","background-size":"auto","background-attachment":"scroll","background-type":"","background-media":"","overlay-type":"","overlay-color":"","overlay-opacity":"","overlay-gradient":""},"mobile":{"background-color":"","background-image":"","background-repeat":"repeat","background-position":"center center","background-size":"auto","background-attachment":"scroll","background-type":"","background-media":"","overlay-type":"","overlay-color":"","overlay-opacity":"","overlay-gradient":""}},"ast-content-background-meta":{"desktop":{"background-color":"var(--ast-global-color-5)","background-image":"","background-repeat":"repeat","background-position":"center center","background-size":"auto","background-attachment":"scroll","background-type":"","background-media":"","overlay-type":"","overlay-color":"","overlay-opacity":"","overlay-gradient":""},"tablet":{"background-color":"var(--ast-global-color-5)","background-image":"","background-repeat":"repeat","background-position":"center center","background-size":"auto","background-attachment":"scroll","background-type":"","background-media":"","overlay-type":"","overlay-color":"","overlay-opacity":"","overlay-gradient":""},"mobile":{"background-color":"var(--ast-global-color-5)","background-image":"","background-repeat":"repeat","background-position":"center center","background-size":"auto","background-attachment":"scroll","background-type":"","background-media":"","overlay-type":"","overlay-color":"","overlay-opacity":"","overlay-gradient":""}},"_themeisle_gutenberg_block_has_review":false,"footnotes":""},"class_list":["post-25544","page","type-page","status-publish","hentry"],"acf":[],"featured_image_urls_v2":{"full":"","thumbnail":"","medium":"","medium_large":"","large":"","1536x1536":"","2048x2048":"","menu-24x24":"","menu-36x36":"","menu-48x48":""},"post_excerpt_stackable_v2":"<p>Ciekawa matematyka \u2013 gry edukacyjne dla SP i gimnazjum:\u00a0zestawienie bibliograficzne. Ostro\u0142\u0119ka: BP, 2015Edukacja ekologiczna \u2013 zaj\u0119cia terenowe:\u00a0zestawienie bibliograficzne. Ostro\u0142\u0119ka: BP, 2015Edukacja przyrodnicza w kszta\u0142ceniu og\u00f3lnym:\u00a0zestawienie bibliograficzne. Ostro\u0142\u0119ka : BP, 2015Fizyka: materia\u0142y pomocnicze dla nauczycieli:\u00a0zestawienie bibliograficzne artyku\u0142\u00f3w z czasopism za lata 2006 \u2013 2012. Ostro\u0142\u0119ka: BP, 2012Geometria w szkole podstawowej i gimnazjum:\u00a0zestawienie bibliograficzne. Ostro\u0142\u0119ka: BP, 2015Gimnastyka korekcyjna w szkole:\u00a0zestawienie bibliograficzne. Ostro\u0142\u0119ka: BP, 2013Gry i zabawy terenowe \u2013 scenariusze zaj\u0119\u0107:\u00a0zestawienie bibliograficzne. Ostro\u0142\u0119ka: BP, 2013Informatyka: materia\u0142y metodyczne:\u00a0zestawienie bibliograficzne. Ostro\u0142\u0119ka: BP, 2008Matematyka dla szk\u00f3\u0142 ponadgimnazjalnych: propozycje metodyczne, \u0107wiczenia i zadania:\u00a0zestawienie bibliograficzne artyku\u0142\u00f3w[\u2026] za lata 2012 \u2013 2014. Ostro\u0142\u0119ka: BP, 2014Metody aktywizuj\u0105ce w nauczaniu j\u0119zyka&hellip;<\/p>\n","category_list_v2":"","author_info_v2":{"name":"bWdyemVnb3Jjenlr","url":"https:\/\/bpwyszkow.pl\/uk\/author\/bwdyemvnb3jjenlr\/"},"comments_num_v2":"0 \u043a\u043e\u043c\u0435\u043d\u0442\u0430\u0440\u0456\u0432","_links":{"self":[{"href":"https:\/\/bpwyszkow.pl\/uk\/wp-json\/wp\/v2\/pages\/25544","targetHints":{"allow":["GET"]}}],"collection":[{"href":"https:\/\/bpwyszkow.pl\/uk\/wp-json\/wp\/v2\/pages"}],"about":[{"href":"https:\/\/bpwyszkow.pl\/uk\/wp-json\/wp\/v2\/types\/page"}],"author":[{"embeddable":true,"href":"https:\/\/bpwyszkow.pl\/uk\/wp-json\/wp\/v2\/users\/10"}],"replies":[{"embeddable":true,"href":"https:\/\/bpwyszkow.pl\/uk\/wp-json\/wp\/v2\/comments?post=25544"}],"version-history":[{"count":2,"href":"https:\/\/bpwyszkow.pl\/uk\/wp-json\/wp\/v2\/pages\/25544\/revisions"}],"predecessor-version":[{"id":26048,"href":"https:\/\/bpwyszkow.pl\/uk\/wp-json\/wp\/v2\/pages\/25544\/revisions\/26048"}],"wp:attachment":[{"href":"https:\/\/bpwyszkow.pl\/uk\/wp-json\/wp\/v2\/media?parent=25544"}],"curies":[{"name":"wp","href":"https:\/\/api.w.org\/{rel}","templated":true}]}}