{"id":25478,"date":"2022-01-03T13:50:18","date_gmt":"2022-01-03T12:50:18","guid":{"rendered":"https:\/\/bpwyszkow.pl\/bibliografie-osobowe\/"},"modified":"2022-11-07T13:34:38","modified_gmt":"2022-11-07T12:34:38","slug":"bibliografie-osobowe","status":"publish","type":"page","link":"https:\/\/bpwyszkow.pl\/uk\/bibliografie-osobowe\/","title":{"rendered":"\u041f\u0435\u0440\u0441\u043e\u043d\u0430\u043b\u044c\u043d\u0456 \u0431\u0456\u0431\u043b\u0456\u043e\u0433\u0440\u0430\u0444\u0456\u0457"},"content":{"rendered":"\n<details class=\"wp-block-stackable-accordion stk-block-accordion stk-inner-blocks stk-block-content stk-block stk-5014e2b\" data-block-id=\"5014e2b\">\n<summary class=\"wp-block-stackable-column stk--container-small stk-block-accordion__heading stk-block-column stk-column stk-block stk-05daa2b\" data-block-id=\"05daa2b\"><div class=\"stk-column-wrapper stk-block-column__content stk-container stk-05daa2b-container stk-hover-parent\"><div class=\"stk-block-content stk-inner-blocks\">\n<div class=\"wp-block-stackable-icon-label stk-block-icon-label stk-block stk-73e31a9\" data-block-id=\"73e31a9\"><div class=\"stk-row stk-inner-blocks stk-block-content\">\n<div class=\"wp-block-stackable-heading stk-block-heading stk-block stk-f67802d\" data-block-id=\"f67802d\"><h4 class=\"stk-block-heading__text\">Tadeusz Ko\u015bciuszko (1746-1817):\u00a0zestawienie bibliograficzne. Ostro\u0142\u0119ka: BP, 2017<\/h4><\/div>\n\n\n\n<div class=\"wp-block-stackable-icon stk-block-icon stk-block stk-bd49afe\" data-block-id=\"bd49afe\"><span class=\"stk--svg-wrapper\"><div class=\"stk--inner-svg\"><svg style=\"height:0;width:0\"><defs><linearGradient id=\"linear-gradient-bd49afe\" x1=\"0\" x2=\"100%\" y1=\"0\" y2=\"0\"><stop offset=\"0%\" style=\"stop-opacity:1;stop-color:var(--linear-gradient-bd-49-afe-color-1)\"><\/stop><stop offset=\"100%\" style=\"stop-opacity:1;stop-color:var(--linear-gradient-bd-49-afe-color-2)\"><\/stop><\/linearGradient><\/defs><\/svg><svg data-prefix=\"fas\" data-icon=\"chevron-down\" class=\"svg-inline--fa fa-chevron-down fa-w-14\" xmlns=\"http:\/\/www.w3.org\/2000\/svg\" viewBox=\"0 0 448 512\" aria-hidden=\"true\" width=\"32\" height=\"32\"><path fill=\"currentColor\" d=\"M207.029 381.476L12.686 187.132c-9.373-9.373-9.373-24.569 0-33.941l22.667-22.667c9.357-9.357 24.522-9.375 33.901-.04L224 284.505l154.745-154.021c9.379-9.335 24.544-9.317 33.901.04l22.667 22.667c9.373 9.373 9.373 24.569 0 33.941L240.971 381.476c-9.373 9.372-24.569 9.372-33.942 0z\"><\/path><\/svg><\/div><\/span><\/div>\n<\/div><\/div>\n<\/div><\/div><\/summary>\n\n\n\n<div class=\"wp-block-stackable-column stk-block-accordion__content stk-block-column stk-column stk-block stk-5686a4a\" data-block-id=\"5686a4a\"><div class=\"stk-column-wrapper stk-block-column__content stk-container stk-5686a4a-container stk--no-background stk--no-padding\"><div class=\"stk-block-content stk-inner-blocks\">\n<p><strong>Tadeusz Ko\u015bciuszko<\/strong><\/p>\n\n\n\n<p><em>Andrzej Tadeusz Bonawentura Ko\u015bciuszko herbu Roch III (ur. 4 lutego 1746 w Mereczowszczy\u017anie, zm. 15 pa\u017adziernika 1817 w Solurze) \u2013 in\u017cynier wojskowy, fortyfikator, polski i ameryka\u0144ski genera\u0142, uczestnik wojny o niepodleg\u0142o\u015b\u0107 Stan\u00f3w Zjednoczonych (1775\u20131783), Najwy\u017cszy Naczelnik Si\u0142y Zbrojnej Narodowej w czasie insurekcji ko\u015bciuszkowskiej (1794).\u00a0 \u0179r\u00f3d\u0142o : Wikipedia<\/em><\/p>\n\n\n\n<p>Zestawienie bibliograficzne zawiera wykaz ksi\u0105\u017cek, artyku\u0142\u00f3w z czasopism oraz zbior\u00f3w audiowizualnych dost\u0119pnych w Bibliotece Pedagogicznej w Ostro\u0142\u0119ce.<\/p>\n\n\n\n<p><strong>I. KSI\u0104\u017bKI<\/strong><\/p>\n\n\n\n<ol class=\"wp-block-list\"><li>Ameryka\u0144ska wojna pu\u0142kownika Ko\u015bciuszki \/ Wiktor Malski. \u2013 Warszawa : Ksi\u0105\u017cka i Wiedza, 1977. Sygn. W 19480<\/li><li>Kochanki pierwszych dni : opowie\u015bci o dziejach nieszcz\u0119\u015bliwych mi\u0142o\u015bci s\u0142awnych ludzi \/ Dionizja Wawrzykowska Wierciochowa.- Warszawa : Instytut Wydawniczy Zwi\u0105zk\u00f3w Zawodowych, 1988. Sygn. W 40718<\/li><li>Kopiec Ko\u015bciuszki w Krakowie \/ Micha\u0142 Ro\u017cek. \u2013 Krak\u00f3w : Wydaw. Literackie, 1981. Sygn. W 28231<\/li><li>Ko\u015bciuszko : opowie\u015b\u0107 \/ Karol Ko\u017ami\u0144ski. \u2013 Warszawa : Wiedza Powszechna, 1963. Sygn. W 6383<\/li><li>Ko\u015bciuszko nieznany \/ Jan Dihm. \u2013 Wroc\u0142aw : Zak\u0142ad Nar. im. Ossoli\u0144skich, 1969. Sygn. W 10664<\/li><li>Ko\u015bciuszko po Insurekcji 1794-1817 : dwa fragmenty \/ Jan Lubicz-Pacho\u0144ski. \u2013 Lublin : Wydaw. Lubelskie, 1986. Sygn. W 38802<\/li><li>Ko\u015bciuszko, Pu\u0142aski \/ Jan Stanis\u0142aw Kopczewski. \u2013 Warszawa : Interpress, 1976. Sygn. W 17337<\/li><li>Ko\u015bciuszko, Pu\u0142aski i inni : o udziale Polak\u00f3w w osadnictwie ameryka\u0144skim i w walce o niepodleg\u0142o\u015b\u0107 Stan\u00f3w Zjednoczonych \/ Longin Pastusiak. \u2013 Warszawa : Krajowa Agencja Wydawnicza, 1977. Sygn. W 20241<\/li><li>My\u015bl filozoficzna i spo\u0142eczna Tadeusza Ko\u015bciuszki : tradycje i wsp\u00f3\u0142czesno\u015b\u0107 \/ J\u00f3zef \u017buraw. \u2013 Warszawa : Wydawnictwo Ministerstwa Obrony Narodowej, 1979. Sygn. W 23148<\/li><li>O dobrym Naczelniku i niez\u0142omnym Rycerzu \/ [wyb\u00f3r i oprac. Andrzej Kijowski ; il.i nota ikonogr. Zdzis\u0142aw \u017bygulski. \u2013 Krak\u00f3w : Wydaw. Literackie, 1984. Sygn.&nbsp; W 34699<\/li><li>Pami\u0105tki ko\u015bciuszkowskie \/ Wiktor Gomulicki. \u2013 Pozna\u0144 : nak\u0142. Sp\u00f3\u0142ki Wydawniczej \u201eOstoja\u201d, 1917. Sygn. P 25452<\/li><li>Pomi\u0119dzy plew\u0105 i mann\u0105 \/ Jerzy Zawieyski. \u2013 Warszawa : M\u0142odzie\u017cowa Agencja Wydawnicza, 1987. Sygn. W 39561<\/li><li>Tadeusz Ko\u015bciuszko \/ Jan Stanis\u0142aw Kopczewski. \u2013 Warszawa : Interpress, 1972. Sygn. W 13276<\/li><li>Tadeusz Ko\u015bciuszko 1746-1817 \/ Bart\u0142omiej Szyndler. \u2013 Warszawa : \u201eBellona\u201d, 1991. Sygn. W 45379<\/li><li>Tadeusz Ko\u015bciuszko w literaturze narod\u00f3w Europy i Stan\u00f3w Zjednoczonych Ameryki P\u00f3\u0142nocnej \/ Jerzy \u015alizi\u0144ski. \u2013 Warszawa : Wydaw. Min. Obrony Narodowej, 1981. Sygn. W 27805<\/li><li>Tadeusz, syn Ludwika i Tekli \/ Tadeusz Kruk. \u2013 Wroc\u0142aw : Zak\u0142ad Narodowy im. Ossoli\u0144skich, 1980.&nbsp; Sygn. W 24794<\/li><li>W kr\u0119gu kultu Naczelnika : rapperswilskie inicjatywy ko\u015bciuszkowskie (1894-1897) \/ Andrzej Feliks Grabski. \u2013 Warszawa : Pa\u0144stwowy Instytut Wydawniczy, 1981. Sygn. W 27481<\/li><li>Z czym do nie\u015bmiertelno\u015bci \/ Stefan Bratkowski. \u2013 Katowice : \u015al\u0105sk, 1977.&nbsp; Sygn. W 18994<\/li><\/ol>\n\n\n\n<p><strong>II . ARTYKU\u0141Y Z CZASOPISM<\/strong><\/p>\n\n\n\n<ol class=\"wp-block-list\"><li>Dwug\u0142owy bohater \/ Andrzej Nieuwa\u017cny. \/\/ M\u00f3wi\u0105 Wieki. \u2013 2014, nr 4, s. 66-67<\/li><li>Fenomen Ko\u015bciuszki \/ Andrzej Dusiewicz. \/\/ M\u00f3wi\u0105 Wieki. \u2013 2014, nr 4, dod. \u201eM\u00f3wi\u0105 Wieki\u201d w Szkole nr 14, s. 12-13<\/li><li>J\u0119zykowy obraz wodza powstania z roku 1794 \/ J\u00f3zef Jaworski. \/\/ J\u0119zyk Polski. \u2013 2012, nr 1, s. 62-69<\/li><li>Ko\u015bciuszki droga do chwa\u0142y \/ Mi\u0142osz Niewierowicz. \/\/ M\u00f3wi\u0105 Wieki. \u2013 2014, nr 4, s. 49-53<\/li><li>Ko\u015bciuszko : scenariusz apelu \/ Agnieszka Rottau-Bracka. \/\/ Biblioteka w Szkole. \u2013 2013, nr 10, s. 23-25<\/li><li>Ko\u015bciuszko \u2013 bohater mi\u0119dzynarodowy \/ J\u00e9r\u00f4me Baconin. \/\/ M\u00f3wi\u0105 Wieki \u2013 2012, nr 10, s. 57<\/li><li>\u0141opat\u0105 i rydlem \/ Marcin Czajkowski. \/\/ M\u00f3wi\u0105 Wieki. \u2013 2014, nr 4, s. 54-55<\/li><li>Naczelnik upami\u0119tniony : przejawy kultu Tadeusza Ko\u015bciuszki w dobie zabor\u00f3w \/ Miko\u0142aj Getka-Kenig. \/\/ M\u00f3wi\u0105 Wieki. \u2013 2014, nr 4, s. 61-65<\/li><li>Pan Ko\u015bciuszko tutaj kroczy\u2026 : wyb\u00f3r utwor\u00f3w literackich \/ Jolanta Kowalczyk\u00f3wna. \/\/ Biblioteka w Szkole. \u2013 1994, nr 1, s. 1-5<\/li><li>Republikanin w\u015br\u00f3d cesarzy : Ko\u015bciuszko po kl\u0119sce insurekcji \/ Jaros\u0142aw Czubaty. \/\/ M\u00f3wi\u0105 Wieki. \u2013 2014, nr 4, s. 56-60<\/li><li>Tadeusz Ko\u015bciuszko : scenariusz wystawy \/ Janina Madejska, Maria Pawlikowska. \/\/ Poradnik Bibliotekarza. \u2013 1995, nr 3, s. 38-41<\/li><li>Tadeusz Ko\u015bciuszko (1746-1817). W 200-lecie insurekcji 1794 \/ Jolanta Kowalczyk\u00f3wna. \/\/ Poradnik Bibliotekarza. \u2013 1994, nr 2, s. 34-35<\/li><li>Tadeusz Ko\u015bciuszko i pierwszy etap reform w\u0142o\u015bcia\u0144skich (28 marca \u2013 1 maja 1794) \/ Andrzej Woltanowski. \/\/ Przegl\u0105d Historyczny. \u2013 1987, nr 1, s. 19-44<\/li><li>Tadeusz Ko\u015bciuszko i powsta\u0144czy etos w szkolnych podr\u0119cznikach historii XXI wieku \/ Barbara Kubis. \/\/ Wiadomo\u015bci Historyczne. \u2013 2008, nr 2, s. 27-37<\/li><li>\u201eWielki przez rozum, cnoty i waleczne sprawy\u201d : Tadeusz Ko\u015bciuszko \u2013 inscenizacja dla szko\u0142y podstawowej i gimnazjum \/ Katarzyna Dyrcz. \/\/ Wychowawca. \u2013 2009, nr 7\/8, s. 34-35<\/li><\/ol>\n\n\n\n<p><strong>III. ZBIORY AUDIOWIZUALNE<\/strong><\/p>\n\n\n\n<ol class=\"wp-block-list\"><li>Cywilizacja [DVD] \/ scen. Barbara Ko\u015bciuszko, Franciszek Pyter, Mieczys\u0142aw Wo\u017any [et al.] ; re\u017c. Franciszek Pyter,J\u00f3zef Byrdy, Andrzej Flettner [et al.]. \u2013 Warszawa : Carisma Film Group Sp. z o.o., 2014. Sygn.&nbsp; DZS 2201<\/li><li>Historia 3 [DVD] \/ scen. i real. Stanis\u0142aw Grabowski [et al.]. \u2013 Warszawa : Studio Film\u00f3w Edukacyjnych \u201eNauka\u201d, [2008]. Sygn. DZS 1153<\/li><li>Wehiku\u0142 czasu [DVD] \/ scen. Czes\u0142aw Bia\u0142czy\u0144ski [et al.] ; re\u017c. Miko\u0142aj Haremski, Pawe\u0142 Siedlik. \u2013 \u0141\u00f3d\u017a : Wytw\u00f3rnia Pomocy Dydaktycznych, 200?<\/li><\/ol>\n<\/div><\/div><\/div>\n<\/details>\n","protected":false},"excerpt":{"rendered":"<p>Tadeusz Ko\u015bciuszko (1746-1817):\u00a0zestawienie bibliograficzne. Ostro\u0142\u0119ka: BP, 2017 Tadeusz Ko\u015bciuszko Andrzej Tadeusz Bonawentura Ko\u015bciuszko herbu Roch III (ur. 4 lutego 1746 [&hellip;]<\/p>\n","protected":false},"author":205,"featured_media":0,"parent":0,"menu_order":0,"comment_status":"closed","ping_status":"closed","template":"","meta":{"_acf_changed":false,"_oasis_is_in_workflow":0,"_oasis_original":0,"inline_featured_image":false,"site-sidebar-layout":"default","site-content-layout":"","ast-site-content-layout":"default","site-content-style":"default","site-sidebar-style":"default","ast-global-header-display":"","ast-banner-title-visibility":"","ast-main-header-display":"","ast-hfb-above-header-display":"","ast-hfb-below-header-display":"","ast-hfb-mobile-header-display":"","site-post-title":"","ast-breadcrumbs-content":"","ast-featured-img":"","footer-sml-layout":"","ast-disable-related-posts":"","theme-transparent-header-meta":"","adv-header-id-meta":"","stick-header-meta":"","header-above-stick-meta":"","header-main-stick-meta":"","header-below-stick-meta":"","astra-migrate-meta-layouts":"default","ast-page-background-enabled":"default","ast-page-background-meta":{"desktop":{"background-color":"","background-image":"","background-repeat":"repeat","background-position":"center center","background-size":"auto","background-attachment":"scroll","background-type":"","background-media":"","overlay-type":"","overlay-color":"","overlay-opacity":"","overlay-gradient":""},"tablet":{"background-color":"","background-image":"","background-repeat":"repeat","background-position":"center center","background-size":"auto","background-attachment":"scroll","background-type":"","background-media":"","overlay-type":"","overlay-color":"","overlay-opacity":"","overlay-gradient":""},"mobile":{"background-color":"","background-image":"","background-repeat":"repeat","background-position":"center center","background-size":"auto","background-attachment":"scroll","background-type":"","background-media":"","overlay-type":"","overlay-color":"","overlay-opacity":"","overlay-gradient":""}},"ast-content-background-meta":{"desktop":{"background-color":"var(--ast-global-color-5)","background-image":"","background-repeat":"repeat","background-position":"center center","background-size":"auto","background-attachment":"scroll","background-type":"","background-media":"","overlay-type":"","overlay-color":"","overlay-opacity":"","overlay-gradient":""},"tablet":{"background-color":"var(--ast-global-color-5)","background-image":"","background-repeat":"repeat","background-position":"center center","background-size":"auto","background-attachment":"scroll","background-type":"","background-media":"","overlay-type":"","overlay-color":"","overlay-opacity":"","overlay-gradient":""},"mobile":{"background-color":"var(--ast-global-color-5)","background-image":"","background-repeat":"repeat","background-position":"center center","background-size":"auto","background-attachment":"scroll","background-type":"","background-media":"","overlay-type":"","overlay-color":"","overlay-opacity":"","overlay-gradient":""}},"_themeisle_gutenberg_block_has_review":false,"footnotes":""},"class_list":["post-25478","page","type-page","status-publish","hentry"],"acf":[],"featured_image_urls_v2":{"full":"","thumbnail":"","medium":"","medium_large":"","large":"","1536x1536":"","2048x2048":"","menu-24x24":"","menu-36x36":"","menu-48x48":""},"post_excerpt_stackable_v2":"<p>Tadeusz Ko\u015bciuszko (1746-1817):\u00a0zestawienie bibliograficzne. Ostro\u0142\u0119ka: BP, 2017 Tadeusz Ko\u015bciuszko Andrzej Tadeusz Bonawentura Ko\u015bciuszko herbu Roch III (ur. 4 lutego 1746 w Mereczowszczy\u017anie, zm. 15 pa\u017adziernika 1817 w Solurze) \u2013 in\u017cynier wojskowy, fortyfikator, polski i ameryka\u0144ski genera\u0142, uczestnik wojny o niepodleg\u0142o\u015b\u0107 Stan\u00f3w Zjednoczonych (1775\u20131783), Najwy\u017cszy Naczelnik Si\u0142y Zbrojnej Narodowej w czasie insurekcji ko\u015bciuszkowskiej (1794).\u00a0 \u0179r\u00f3d\u0142o : Wikipedia Zestawienie bibliograficzne zawiera wykaz ksi\u0105\u017cek, artyku\u0142\u00f3w z czasopism oraz zbior\u00f3w audiowizualnych dost\u0119pnych w Bibliotece Pedagogicznej w Ostro\u0142\u0119ce. I. KSI\u0104\u017bKI Ameryka\u0144ska wojna pu\u0142kownika Ko\u015bciuszki \/ Wiktor Malski. \u2013 Warszawa : Ksi\u0105\u017cka i Wiedza, 1977. Sygn. W 19480Kochanki pierwszych dni : opowie\u015bci o dziejach nieszcz\u0119\u015bliwych mi\u0142o\u015bci&hellip;<\/p>\n","category_list_v2":"","author_info_v2":{"name":"c2FicmFtZWs=","url":"https:\/\/bpwyszkow.pl\/uk\/author\/c2ficmftzws-2\/"},"comments_num_v2":"0 \u043a\u043e\u043c\u0435\u043d\u0442\u0430\u0440\u0456\u0432","_links":{"self":[{"href":"https:\/\/bpwyszkow.pl\/uk\/wp-json\/wp\/v2\/pages\/25478","targetHints":{"allow":["GET"]}}],"collection":[{"href":"https:\/\/bpwyszkow.pl\/uk\/wp-json\/wp\/v2\/pages"}],"about":[{"href":"https:\/\/bpwyszkow.pl\/uk\/wp-json\/wp\/v2\/types\/page"}],"author":[{"embeddable":true,"href":"https:\/\/bpwyszkow.pl\/uk\/wp-json\/wp\/v2\/users\/205"}],"replies":[{"embeddable":true,"href":"https:\/\/bpwyszkow.pl\/uk\/wp-json\/wp\/v2\/comments?post=25478"}],"version-history":[{"count":2,"href":"https:\/\/bpwyszkow.pl\/uk\/wp-json\/wp\/v2\/pages\/25478\/revisions"}],"predecessor-version":[{"id":26000,"href":"https:\/\/bpwyszkow.pl\/uk\/wp-json\/wp\/v2\/pages\/25478\/revisions\/26000"}],"wp:attachment":[{"href":"https:\/\/bpwyszkow.pl\/uk\/wp-json\/wp\/v2\/media?parent=25478"}],"curies":[{"name":"wp","href":"https:\/\/api.w.org\/{rel}","templated":true}]}}