{"id":23435,"date":"2022-06-28T23:10:04","date_gmt":"2022-06-28T21:10:04","guid":{"rendered":"https:\/\/bpwyszkow.pl\/mapa-strony\/"},"modified":"2022-06-28T23:11:07","modified_gmt":"2022-06-28T21:11:07","slug":"mapa-strony","status":"publish","type":"page","link":"https:\/\/bpwyszkow.pl\/ru\/mapa-strony\/","title":{"rendered":"\u043a\u0430\u0440\u0442\u0430 \u0441\u0430\u0439\u0442\u0430"},"content":{"rendered":"<ul class=\"wp-block-page-list\"><li class=\"wp-block-pages-list__item\"><a class=\"wp-block-pages-list__item__link\" href=\"https:\/\/bpwyszkow.pl\/ru\/bezpieczenstwo-w-internecie-odpowiedzialne-korzystanie-z-mediow-spolecznych\/\">Bezpiecze\u0144stwo w internecie. Odpowiedzialne korzystanie z medi\u00f3w spo\u0142ecznych<\/a><\/li><li class=\"wp-block-pages-list__item\"><a class=\"wp-block-pages-list__item__link\" href=\"https:\/\/bpwyszkow.pl\/ru\/bibliografie-osobowe\/\">Bibliografie osobowe<\/a><\/li><li class=\"wp-block-pages-list__item has-child\"><a class=\"wp-block-pages-list__item__link\" href=\"https:\/\/bpwyszkow.pl\/ru\/biblioteka-szkolna\/\">Biblioteka szkolna<\/a><ul class=\"wp-block-navigation__submenu-container\"><li class=\"wp-block-pages-list__item \"><a class=\"wp-block-pages-list__item__link\" href=\"https:\/\/bpwyszkow.pl\/ru\/biblioteka-szkolna\/materialy-repertuarowe\/\">Materia\u0142y repertuarowe<\/a><\/li><\/ul><\/li><li class=\"wp-block-pages-list__item\"><a class=\"wp-block-pages-list__item__link\" href=\"https:\/\/bpwyszkow.pl\/ru\/bibliotekarstwo-czytelnictwo\/\">Bibliotekarstwo. Czytelnictwo<\/a><\/li><li class=\"wp-block-pages-list__item\"><a class=\"wp-block-pages-list__item__link\" href=\"https:\/\/bpwyszkow.pl\/ru\/biblioterapia\/\">Biblioterapia<\/a><\/li><li class=\"wp-block-pages-list__item\"><a class=\"wp-block-pages-list__item__link\" href=\"https:\/\/bpwyszkow.pl\/ru\/dzialy\/\">Dzia\u0142y<\/a><\/li><li class=\"wp-block-pages-list__item\"><a class=\"wp-block-pages-list__item__link\" href=\"https:\/\/bpwyszkow.pl\/ru\/filie-biblioteki-pedagogicznej-w-ostrolece\/\">Filie Biblioteki Pedagogicznej w Ostro\u0142\u0119ce<\/a><\/li><li class=\"wp-block-pages-list__item\"><a class=\"wp-block-pages-list__item__link\" href=\"https:\/\/bpwyszkow.pl\/ru\/rodo\/\">GDPR<\/a><\/li><li class=\"wp-block-pages-list__item\"><a class=\"wp-block-pages-list__item__link\" href=\"https:\/\/bpwyszkow.pl\/ru\/historia\/\">Historia<\/a><\/li><li class=\"wp-block-pages-list__item\"><a class=\"wp-block-pages-list__item__link\" href=\"https:\/\/bpwyszkow.pl\/ru\/inne\/\">Inne<\/a><\/li><li class=\"wp-block-pages-list__item\"><a class=\"wp-block-pages-list__item__link\" href=\"https:\/\/bpwyszkow.pl\/ru\/kadra-sprzed-lat\/\">Kadra sprzed lat<\/a><\/li><li class=\"wp-block-pages-list__item\"><a class=\"wp-block-pages-list__item__link\" href=\"https:\/\/bpwyszkow.pl\/ru\/kalendarium\/\">Kalendarium<\/a><\/li><li class=\"wp-block-pages-list__item\"><a class=\"wp-block-pages-list__item__link\" href=\"https:\/\/bpwyszkow.pl\/ru\/ksiazki-2\/\">Ksi\u0105\u017cki<\/a><\/li><li class=\"wp-block-pages-list__item\"><a class=\"wp-block-pages-list__item__link\" href=\"https:\/\/bpwyszkow.pl\/ru\/log-in\/\">Log in<\/a><\/li><li class=\"wp-block-pages-list__item\"><a class=\"wp-block-pages-list__item__link\" href=\"https:\/\/bpwyszkow.pl\/ru\/metodyka-nauczania-poszczegolnych-przedmiotow-nauczania\/\">Metodyka nauczania poszczeg\u00f3lnych przedmiot\u00f3w nauczania<\/a><\/li><li class=\"wp-block-pages-list__item\"><a class=\"wp-block-pages-list__item__link\" href=\"https:\/\/bpwyszkow.pl\/ru\/ochrona\/\">Ochrona danych osobowych w Bibliotece Pedagogicznej w Ostro\u0142\u0119ce Filii w Wyszkowie<\/a><\/li><li class=\"wp-block-pages-list__item\"><a class=\"wp-block-pages-list__item__link\" href=\"https:\/\/bpwyszkow.pl\/ru\/oferta-szkoleniowa\/\">Oferta szkoleniowa<\/a><\/li><li class=\"wp-block-pages-list__item\"><a class=\"wp-block-pages-list__item__link\" href=\"https:\/\/bpwyszkow.pl\/ru\/patologia-spoleczna-agresywnosc-uzaleznienia-przemoc\/\">Patologia spo\u0142eczna. Agresywno\u015b\u0107. Uzale\u017cnienia. Przemoc<\/a><\/li><li class=\"wp-block-pages-list__item\"><a class=\"wp-block-pages-list__item__link\" href=\"https:\/\/bpwyszkow.pl\/ru\/pedagogika-szkolnictwo-oswiata-wychowanie\/\">Pedagogika. Szkolnictwo. O\u015bwiata. Wychowanie.<\/a><\/li><li class=\"wp-block-pages-list__item\"><a class=\"wp-block-pages-list__item__link\" href=\"https:\/\/bpwyszkow.pl\/ru\/pisali-o-nas\/\">Pisali o nas<\/a><\/li><li class=\"wp-block-pages-list__item\"><a class=\"wp-block-pages-list__item__link\" href=\"https:\/\/bpwyszkow.pl\/ru\/podarowali-nam\/\">Podarowali nam<\/a><\/li><li class=\"wp-block-pages-list__item\"><a class=\"wp-block-pages-list__item__link\" href=\"https:\/\/bpwyszkow.pl\/ru\/podniesienie-jakosci-edukacji-matematycznej-przyrodniczej-i-informatycznej\/\">Podniesienie jako\u015bci edukacji matematycznej, przyrodniczej i informatycznej.<\/a><\/li><li class=\"wp-block-pages-list__item\"><a class=\"wp-block-pages-list__item__link\" href=\"https:\/\/bpwyszkow.pl\/ru\/podnoszenie-jakosci-edukacji-wlaczajacej-w-szkolach-i-placowkach-systemu-oswiaty\/\">Podnoszenie jako\u015bci edukacji w\u0142\u0105czaj\u0105cej w szko\u0142ach i plac\u00f3wkach systemu o\u015bwiaty.<\/a><\/li><li class=\"wp-block-pages-list__item\"><a class=\"wp-block-pages-list__item__link\" href=\"https:\/\/bpwyszkow.pl\/ru\/propozycje-zakupu\/\">Propozycje zakupu<\/a><\/li><li class=\"wp-block-pages-list__item\"><a class=\"wp-block-pages-list__item__link\" href=\"https:\/\/bpwyszkow.pl\/ru\/przegladanie-zgloszen\/\">Przegl\u0105danie zg\u0142osze\u0144<\/a><\/li><li class=\"wp-block-pages-list__item\"><a class=\"wp-block-pages-list__item__link\" href=\"https:\/\/bpwyszkow.pl\/ru\/psychologia\/\">Psychologia<\/a><\/li><li class=\"wp-block-pages-list__item\"><a class=\"wp-block-pages-list__item__link\" href=\"https:\/\/bpwyszkow.pl\/ru\/regionalia\/\">Regionalia<\/a><\/li><li class=\"wp-block-pages-list__item\"><a class=\"wp-block-pages-list__item__link\" href=\"https:\/\/bpwyszkow.pl\/ru\/regionalizm\/\">Regionalizm<\/a><\/li><li class=\"wp-block-pages-list__item\"><a class=\"wp-block-pages-list__item__link\" href=\"https:\/\/bpwyszkow.pl\/ru\/regulaminy\/\">Regulaminy<\/a><\/li><li class=\"wp-block-pages-list__item\"><a class=\"wp-block-pages-list__item__link\" href=\"https:\/\/bpwyszkow.pl\/ru\/serwis-prasowy\/\">Serwis prasowy<\/a><\/li><li class=\"wp-block-pages-list__item\"><a class=\"wp-block-pages-list__item__link\" href=\"https:\/\/bpwyszkow.pl\/ru\/socjologia\/\">Socjologia<\/a><\/li><li class=\"wp-block-pages-list__item\"><a class=\"wp-block-pages-list__item__link\" href=\"https:\/\/bpwyszkow.pl\/ru\/szkolnictwo-i-oswiata-2\/\">Szkolnictwo i O\u015bwiata<\/a><\/li><li class=\"wp-block-pages-list__item\"><a class=\"wp-block-pages-list__item__link\" href=\"https:\/\/bpwyszkow.pl\/ru\/tematyczne-zestawienia-zbiorow-specjalnych\/\">Tematyczne zestawienia zbior\u00f3w specjalnych<\/a><\/li><li class=\"wp-block-pages-list__item\"><a class=\"wp-block-pages-list__item__link\" href=\"https:\/\/bpwyszkow.pl\/ru\/uslugi\/\">Us\u0142ugi<\/a><\/li><li class=\"wp-block-pages-list__item\"><a class=\"wp-block-pages-list__item__link\" href=\"https:\/\/bpwyszkow.pl\/ru\/wdrazanie-nowej-podstawy-programowej-ksztalcenia-ogolnego\/\">Wdra\u017canie nowej podstawy programowej kszta\u0142cenia og\u00f3lnego.<\/a><\/li><li class=\"wp-block-pages-list__item\"><a class=\"wp-block-pages-list__item__link\" href=\"https:\/\/bpwyszkow.pl\/ru\/wprowadzanie\/\">Wprowadzanie doradztwa zawodowego do szk\u00f3\u0142 i plac\u00f3wek<\/a><\/li><li class=\"wp-block-pages-list__item\"><a class=\"wp-block-pages-list__item__link\" href=\"https:\/\/bpwyszkow.pl\/ru\/wspomnienia\/\">Wspomnienia<\/a><\/li><li class=\"wp-block-pages-list__item\"><a class=\"wp-block-pages-list__item__link\" href=\"https:\/\/bpwyszkow.pl\/ru\/wzmacnianie-wychowawczej-roli-szkoly\/\">Wzmacnianie wychowawczej roli szko\u0142y<\/a><\/li><li class=\"wp-block-pages-list__item\"><a class=\"wp-block-pages-list__item__link\" href=\"https:\/\/bpwyszkow.pl\/ru\/zasoby-cyfrowe-2\/\">Zasoby cyfrowe<\/a><\/li><li class=\"wp-block-pages-list__item\"><a class=\"wp-block-pages-list__item__link\" href=\"https:\/\/bpwyszkow.pl\/ru\/zbiory\/\">Zbiory<\/a><\/li><li class=\"wp-block-pages-list__item\"><a class=\"wp-block-pages-list__item__link\" href=\"https:\/\/bpwyszkow.pl\/ru\/zgloszenie-potwierdzone\/\">Zg\u0142oszenie potwierdzone<\/a><\/li><li class=\"wp-block-pages-list__item menu-item-home\"><a class=\"wp-block-pages-list__item__link\" href=\"https:\/\/bpwyszkow.pl\/ru\/\">\u0413\u043b\u0430\u0432\u043d\u0430\u044f \u0441\u0442\u0440\u0430\u043d\u0438\u0446\u0430<\/a><\/li><li class=\"wp-block-pages-list__item\"><a class=\"wp-block-pages-list__item__link\" href=\"https:\/\/bpwyszkow.pl\/ru\/deklaracja-dostepnosci\/\">\u0414\u0435\u043a\u043b\u0430\u0440\u0430\u0446\u0438\u044f \u043e \u0434\u043e\u0441\u0442\u0443\u043f\u043d\u043e\u0441\u0442\u0438<\/a><\/li><li class=\"wp-block-pages-list__item\"><a class=\"wp-block-pages-list__item__link\" href=\"https:\/\/bpwyszkow.pl\/ru\/mapa-strony\/\">\u043a\u0430\u0440\u0442\u0430 \u0441\u0430\u0439\u0442\u0430<\/a><\/li><li class=\"wp-block-pages-list__item\"><a class=\"wp-block-pages-list__item__link\" href=\"https:\/\/bpwyszkow.pl\/ru\/%d0%ba%d0%be%d0%bd%d1%82%d0%b0%d0%ba%d1%82\/\">\u043a\u043e\u043d\u0442\u0430\u043a\u0442<\/a><\/li><li class=\"wp-block-pages-list__item\"><a class=\"wp-block-pages-list__item__link\" href=\"https:\/\/bpwyszkow.pl\/ru\/%d0%bd%d0%be%d0%b2%d0%be%d1%81%d1%82%d0%b8\/\">\u041d\u043e\u0432\u043e\u0441\u0442\u0438<\/a><\/li><li class=\"wp-block-pages-list__item\"><a class=\"wp-block-pages-list__item__link\" href=\"https:\/\/bpwyszkow.pl\/ru\/%d0%bf%d0%be%d0%bb%d0%b8%d1%82%d0%b8%d0%ba%d0%b0-%d0%ba%d0%be%d0%bd%d1%84%d0%b8%d0%b4%d0%b5%d0%bd%d1%86%d0%b8%d0%b0%d0%bb%d1%8c%d0%bd%d0%be%d1%81%d1%82%d0%b8\/\">\u043f\u043e\u043b\u0438\u0442\u0438\u043a\u0430 \u043a\u043e\u043d\u0444\u0438\u0434\u0435\u043d\u0446\u0438\u0430\u043b\u044c\u043d\u043e\u0441\u0442\u0438<\/a><\/li><li class=\"wp-block-pages-list__item has-child\"><a class=\"wp-block-pages-list__item__link\" href=\"https:\/\/bpwyszkow.pl\/ru\/%d0%bf%d1%80%d0%be%d1%84%d0%b8%d0%bb%d1%8c-%d0%bf%d0%be%d0%bb%d1%8c%d0%b7%d0%be%d0%b2%d0%b0%d1%82%d0%b5%d0%bb%d1%8f\/\">\u041f\u0440\u043e\u0444\u0438\u043b\u044c \u043f\u043e\u043b\u044c\u0437\u043e\u0432\u0430\u0442\u0435\u043b\u044f<\/a><ul class=\"wp-block-navigation__submenu-container\"><li class=\"wp-block-pages-list__item \"><a class=\"wp-block-pages-list__item__link\" href=\"https:\/\/bpwyszkow.pl\/ru\/%d0%bf%d1%80%d0%be%d1%84%d0%b8%d0%bb%d1%8c-%d0%bf%d0%be%d0%bb%d1%8c%d0%b7%d0%be%d0%b2%d0%b0%d1%82%d0%b5%d0%bb%d1%8f\/moje-wideokonferencje\/\">\u041c\u043e\u0438 \u0432\u0438\u0434\u0435\u043e\u043a\u043e\u043d\u0444\u0435\u0440\u0435\u043d\u0446\u0438\u0438<\/a><\/li><li class=\"wp-block-pages-list__item \"><a class=\"wp-block-pages-list__item__link\" href=\"https:\/\/bpwyszkow.pl\/ru\/%d0%bf%d1%80%d0%be%d1%84%d0%b8%d0%bb%d1%8c-%d0%bf%d0%be%d0%bb%d1%8c%d0%b7%d0%be%d0%b2%d0%b0%d1%82%d0%b5%d0%bb%d1%8f\/%d0%bc%d0%be%d0%b8-%d0%b2%d1%8b%d1%81%d1%82%d0%b0%d0%b2%d0%ba%d0%b8\/\">\u041c\u043e\u0438 \u0432\u044b\u0441\u0442\u0430\u0432\u043a\u0438<\/a><\/li><li class=\"wp-block-pages-list__item \"><a class=\"wp-block-pages-list__item__link\" href=\"https:\/\/bpwyszkow.pl\/ru\/%d0%bf%d1%80%d0%be%d1%84%d0%b8%d0%bb%d1%8c-%d0%bf%d0%be%d0%bb%d1%8c%d0%b7%d0%be%d0%b2%d0%b0%d1%82%d0%b5%d0%bb%d1%8f\/%d0%bc%d0%be%d0%b8-%d0%b6%d0%b0%d0%bb%d0%be%d0%b1%d1%8b-%d0%b8-%d0%bf%d1%80%d0%be%d1%81%d1%8c%d0%b1%d1%8b\/\">\u041c\u043e\u0438 \u0436\u0430\u043b\u043e\u0431\u044b \u0438 \u043f\u0440\u043e\u0441\u044c\u0431\u044b<\/a><\/li><li class=\"wp-block-pages-list__item \"><a class=\"wp-block-pages-list__item__link\" href=\"https:\/\/bpwyszkow.pl\/ru\/%d0%bf%d1%80%d0%be%d1%84%d0%b8%d0%bb%d1%8c-%d0%bf%d0%be%d0%bb%d1%8c%d0%b7%d0%be%d0%b2%d0%b0%d1%82%d0%b5%d0%bb%d1%8f\/%d0%bc%d0%be%d0%b8-%d0%b7%d0%b0%d0%bf%d1%80%d0%be%d1%81%d1%8b\/\">\u041c\u043e\u0438 \u0437\u0430\u043f\u0440\u043e\u0441\u044b<\/a><\/li><li class=\"wp-block-pages-list__item \"><a class=\"wp-block-pages-list__item__link\" href=\"https:\/\/bpwyszkow.pl\/ru\/%d0%bf%d1%80%d0%be%d1%84%d0%b8%d0%bb%d1%8c-%d0%bf%d0%be%d0%bb%d1%8c%d0%b7%d0%be%d0%b2%d0%b0%d1%82%d0%b5%d0%bb%d1%8f\/%d0%bc%d0%be%d0%b8-%d0%ba%d1%83%d1%80%d1%81%d1%8b\/\">\u041c\u043e\u0438 \u043a\u0443\u0440\u0441\u044b<\/a><\/li><li class=\"wp-block-pages-list__item \"><a class=\"wp-block-pages-list__item__link\" href=\"https:\/\/bpwyszkow.pl\/ru\/%d0%bf%d1%80%d0%be%d1%84%d0%b8%d0%bb%d1%8c-%d0%bf%d0%be%d0%bb%d1%8c%d0%b7%d0%be%d0%b2%d0%b0%d1%82%d0%b5%d0%bb%d1%8f\/%d0%bc%d0%be%d0%b8-%d0%be%d1%88%d0%b8%d0%b1%d0%ba%d0%b8\/\">\u041c\u043e\u0438 \u043e\u0448\u0438\u0431\u043a\u0438<\/a><\/li><li class=\"wp-block-pages-list__item \"><a class=\"wp-block-pages-list__item__link\" href=\"https:\/\/bpwyszkow.pl\/ru\/%d0%bf%d1%80%d0%be%d1%84%d0%b8%d0%bb%d1%8c-%d0%bf%d0%be%d0%bb%d1%8c%d0%b7%d0%be%d0%b2%d0%b0%d1%82%d0%b5%d0%bb%d1%8f\/%d0%bc%d0%be%d0%b8-%d0%bf%d1%80%d0%b0%d0%ba%d1%82%d0%b8%d0%ba%d0%b8\/\">\u041c\u043e\u0438 \u043f\u0440\u0430\u043a\u0442\u0438\u043a\u0438<\/a><\/li><li class=\"wp-block-pages-list__item \"><a class=\"wp-block-pages-list__item__link\" href=\"https:\/\/bpwyszkow.pl\/ru\/%d0%bf%d1%80%d0%be%d1%84%d0%b8%d0%bb%d1%8c-%d0%bf%d0%be%d0%bb%d1%8c%d0%b7%d0%be%d0%b2%d0%b0%d1%82%d0%b5%d0%bb%d1%8f\/%d0%bc%d0%be%d0%b8-%d0%bf%d1%80%d0%b5%d0%b4%d0%bb%d0%be%d0%b6%d0%b5%d0%bd%d0%b8%d1%8f-%d0%bf%d0%be-%d0%bf%d0%be%d0%ba%d1%83%d0%bf%d0%ba%d0%b5\/\">\u041c\u043e\u0438 \u043f\u0440\u0435\u0434\u043b\u043e\u0436\u0435\u043d\u0438\u044f \u043f\u043e \u043f\u043e\u043a\u0443\u043f\u043a\u0435<\/a><\/li><li class=\"wp-block-pages-list__item \"><a class=\"wp-block-pages-list__item__link\" href=\"https:\/\/bpwyszkow.pl\/ru\/%d0%bf%d1%80%d0%be%d1%84%d0%b8%d0%bb%d1%8c-%d0%bf%d0%be%d0%bb%d1%8c%d0%b7%d0%be%d0%b2%d0%b0%d1%82%d0%b5%d0%bb%d1%8f\/%d0%bc%d0%be%d0%b8-%d1%81%d0%ba%d0%b0%d0%bd%d1%8b\/\">\u041c\u043e\u0438 \u0441\u043a\u0430\u043d\u044b<\/a><\/li><li class=\"wp-block-pages-list__item \"><a class=\"wp-block-pages-list__item__link\" href=\"https:\/\/bpwyszkow.pl\/ru\/%d0%bf%d1%80%d0%be%d1%84%d0%b8%d0%bb%d1%8c-%d0%bf%d0%be%d0%bb%d1%8c%d0%b7%d0%be%d0%b2%d0%b0%d1%82%d0%b5%d0%bb%d1%8f\/%d0%bc%d0%be%d0%b8-%d1%81%d0%be%d0%b1%d1%8b%d1%82%d0%b8%d1%8f\/\">\u041c\u043e\u0438 \u0441\u043e\u0431\u044b\u0442\u0438\u044f<\/a><\/li><li class=\"wp-block-pages-list__item \"><a class=\"wp-block-pages-list__item__link\" href=\"https:\/\/bpwyszkow.pl\/ru\/%d0%bf%d1%80%d0%be%d1%84%d0%b8%d0%bb%d1%8c-%d0%bf%d0%be%d0%bb%d1%8c%d0%b7%d0%be%d0%b2%d0%b0%d1%82%d0%b5%d0%bb%d1%8f\/%d0%bc%d0%be%d0%b8-%d1%81%d0%be%d0%b3%d0%bb%d0%b0%d1%81%d0%b8%d1%8f\/\">\u041c\u043e\u0438 \u0441\u043e\u0433\u043b\u0430\u0441\u0438\u044f<\/a><\/li><li class=\"wp-block-pages-list__item \"><a class=\"wp-block-pages-list__item__link\" href=\"https:\/\/bpwyszkow.pl\/ru\/%d0%bf%d1%80%d0%be%d1%84%d0%b8%d0%bb%d1%8c-%d0%bf%d0%be%d0%bb%d1%8c%d0%b7%d0%be%d0%b2%d0%b0%d1%82%d0%b5%d0%bb%d1%8f\/%d0%bc%d0%be%d0%b8-%d1%81%d0%be%d0%be%d0%b1%d1%89%d0%b5%d0%bd%d0%b8%d1%8f\/\">\u041c\u043e\u0438 \u0441\u043e\u043e\u0431\u0449\u0435\u043d\u0438\u044f<\/a><\/li><li class=\"wp-block-pages-list__item \"><a class=\"wp-block-pages-list__item__link\" href=\"https:\/\/bpwyszkow.pl\/ru\/%d0%bf%d1%80%d0%be%d1%84%d0%b8%d0%bb%d1%8c-%d0%bf%d0%be%d0%bb%d1%8c%d0%b7%d0%be%d0%b2%d0%b0%d1%82%d0%b5%d0%bb%d1%8f\/%d0%bc%d0%be%d0%b8-%d1%81%d0%bf%d0%b8%d1%81%d0%ba%d0%b8-%d0%b1%d0%b8%d0%b1%d0%bb%d0%b8%d0%be%d1%82%d0%b5%d0%ba\/\">\u041c\u043e\u0438 \u0441\u043f\u0438\u0441\u043a\u0438 \u0431\u0438\u0431\u043b\u0438\u043e\u0442\u0435\u043a<\/a><\/li><li class=\"wp-block-pages-list__item \"><a class=\"wp-block-pages-list__item__link\" href=\"https:\/\/bpwyszkow.pl\/ru\/%d0%bf%d1%80%d0%be%d1%84%d0%b8%d0%bb%d1%8c-%d0%bf%d0%be%d0%bb%d1%8c%d0%b7%d0%be%d0%b2%d0%b0%d1%82%d0%b5%d0%bb%d1%8f\/%d0%bc%d0%be%d0%b8-%d1%81%d1%82%d0%b0%d1%82%d1%8c%d0%b8\/\">\u041c\u043e\u0438 \u0441\u0442\u0430\u0442\u044c\u0438<\/a><\/li><li class=\"wp-block-pages-list__item \"><a class=\"wp-block-pages-list__item__link\" href=\"https:\/\/bpwyszkow.pl\/ru\/%d0%bf%d1%80%d0%be%d1%84%d0%b8%d0%bb%d1%8c-%d0%bf%d0%be%d0%bb%d1%8c%d0%b7%d0%be%d0%b2%d0%b0%d1%82%d0%b5%d0%bb%d1%8f\/%d0%bc%d0%be%d0%b8-%d1%83%d1%80%d0%be%d0%ba%d0%b8-%d0%b2-%d0%b1%d0%b8%d0%b1%d0%bb%d0%b8%d0%be%d1%82%d0%b5%d0%ba%d0%b5\/\">\u041c\u043e\u0438 \u0443\u0440\u043e\u043a\u0438 \u0432 \u0431\u0438\u0431\u043b\u0438\u043e\u0442\u0435\u043a\u0435<\/a><\/li><li class=\"wp-block-pages-list__item has-child \"><a class=\"wp-block-pages-list__item__link\" href=\"https:\/\/bpwyszkow.pl\/ru\/%d0%bf%d1%80%d0%be%d1%84%d0%b8%d0%bb%d1%8c-%d0%bf%d0%be%d0%bb%d1%8c%d0%b7%d0%be%d0%b2%d0%b0%d1%82%d0%b5%d0%bb%d1%8f\/%d0%bc%d0%be%d0%b9-%d0%bf%d1%80%d0%be%d1%84%d0%b8%d0%bb%d1%8c\/\">\u043c\u043e\u0439 \u043f\u0440\u043e\u0444\u0438\u043b\u044c<\/a><ul class=\"wp-block-navigation__submenu-container\"><li class=\"wp-block-pages-list__item \"><a class=\"wp-block-pages-list__item__link\" href=\"https:\/\/bpwyszkow.pl\/ru\/%d0%bf%d1%80%d0%be%d1%84%d0%b8%d0%bb%d1%8c-%d0%bf%d0%be%d0%bb%d1%8c%d0%b7%d0%be%d0%b2%d0%b0%d1%82%d0%b5%d0%bb%d1%8f\/%d0%bc%d0%be%d0%b9-%d0%bf%d1%80%d0%be%d1%84%d0%b8%d0%bb%d1%8c\/%d1%80%d0%b5%d0%b4%d0%b0%d0%ba%d1%82%d0%b8%d1%80%d0%be%d0%b2%d0%b0%d1%82%d1%8c-%d0%bf%d1%80%d0%be%d1%84%d0%b8%d0%bb%d1%8c\/\">\u0420\u0435\u0434\u0430\u043a\u0442\u0438\u0440\u043e\u0432\u0430\u0442\u044c \u043f\u0440\u043e\u0444\u0438\u043b\u044c<\/a><\/li><\/ul><\/li><\/ul><\/li><li class=\"wp-block-pages-list__item\"><a class=\"wp-block-pages-list__item__link\" href=\"https:\/\/bpwyszkow.pl\/ru\/registers\/\">\u0440\u0435\u0433\u0438\u0441\u0442\u0440<\/a><\/li><li class=\"wp-block-pages-list__item\"><a class=\"wp-block-pages-list__item__link\" href=\"https:\/\/bpwyszkow.pl\/ru\/%d1%80%d0%b5%d0%b3%d0%bb%d0%b0%d0%bc%d0%b5%d0%bd%d1%82-%d1%80%d0%be%d0%b7%d1%81%d0%b8%d0%bb%d0%ba%d0%b8\/\">\u0420\u0435\u0433\u043b\u0430\u043c\u0435\u043d\u0442 \u0440\u043e\u0437\u0441\u0438\u043b\u043a\u0438<\/a><\/li><\/ul>","protected":false},"excerpt":{"rendered":"","protected":false},"author":112,"featured_media":0,"parent":0,"menu_order":0,"comment_status":"closed","ping_status":"closed","template":"","meta":{"_acf_changed":false,"_oasis_is_in_workflow":0,"_oasis_original":0,"inline_featured_image":false,"site-sidebar-layout":"default","site-content-layout":"","ast-site-content-layout":"default","site-content-style":"default","site-sidebar-style":"default","ast-global-header-display":"","ast-banner-title-visibility":"","ast-main-header-display":"","ast-hfb-above-header-display":"","ast-hfb-below-header-display":"","ast-hfb-mobile-header-display":"","site-post-title":"","ast-breadcrumbs-content":"","ast-featured-img":"","footer-sml-layout":"","ast-disable-related-posts":"","theme-transparent-header-meta":"","adv-header-id-meta":"","stick-header-meta":"","header-above-stick-meta":"","header-main-stick-meta":"","header-below-stick-meta":"","astra-migrate-meta-layouts":"default","ast-page-background-enabled":"default","ast-page-background-meta":{"desktop":{"background-color":"","background-image":"","background-repeat":"repeat","background-position":"center center","background-size":"auto","background-attachment":"scroll","background-type":"","background-media":"","overlay-type":"","overlay-color":"","overlay-opacity":"","overlay-gradient":""},"tablet":{"background-color":"","background-image":"","background-repeat":"repeat","background-position":"center center","background-size":"auto","background-attachment":"scroll","background-type":"","background-media":"","overlay-type":"","overlay-color":"","overlay-opacity":"","overlay-gradient":""},"mobile":{"background-color":"","background-image":"","background-repeat":"repeat","background-position":"center center","background-size":"auto","background-attachment":"scroll","background-type":"","background-media":"","overlay-type":"","overlay-color":"","overlay-opacity":"","overlay-gradient":""}},"ast-content-background-meta":{"desktop":{"background-color":"var(--ast-global-color-5)","background-image":"","background-repeat":"repeat","background-position":"center center","background-size":"auto","background-attachment":"scroll","background-type":"","background-media":"","overlay-type":"","overlay-color":"","overlay-opacity":"","overlay-gradient":""},"tablet":{"background-color":"var(--ast-global-color-5)","background-image":"","background-repeat":"repeat","background-position":"center center","background-size":"auto","background-attachment":"scroll","background-type":"","background-media":"","overlay-type":"","overlay-color":"","overlay-opacity":"","overlay-gradient":""},"mobile":{"background-color":"var(--ast-global-color-5)","background-image":"","background-repeat":"repeat","background-position":"center center","background-size":"auto","background-attachment":"scroll","background-type":"","background-media":"","overlay-type":"","overlay-color":"","overlay-opacity":"","overlay-gradient":""}},"_themeisle_gutenberg_block_has_review":false,"footnotes":""},"class_list":["post-23435","page","type-page","status-publish","hentry"],"acf":[],"featured_image_urls_v2":{"full":"","thumbnail":"","medium":"","medium_large":"","large":"","1536x1536":"","2048x2048":"","menu-24x24":"","menu-36x36":"","menu-48x48":""},"post_excerpt_stackable_v2":"<p>Bezpiecze\u0144stwo w internecie. Odpowiedzialne korzystanie z medi\u00f3w spo\u0142ecznychBibliografie osoboweBiblioteka szkolnaMateria\u0142y repertuaroweBibliotekarstwo. CzytelnictwoBiblioterapiaDzia\u0142yFilie Biblioteki Pedagogicznej w Ostro\u0142\u0119ceGDPRHistoriaInneKadra sprzed latKalendariumKsi\u0105\u017ckiLog inMetodyka nauczania poszczeg\u00f3lnych przedmiot\u00f3w nauczaniaOchrona danych osobowych w Bibliotece Pedagogicznej w Ostro\u0142\u0119ce Filii w WyszkowieOferta szkoleniowaPatologia spo\u0142eczna. Agresywno\u015b\u0107. Uzale\u017cnienia. PrzemocPedagogika. Szkolnictwo. O\u015bwiata. Wychowanie.Pisali o nasPodarowali namPodniesienie jako\u015bci edukacji matematycznej, przyrodniczej i informatycznej.Podnoszenie jako\u015bci edukacji w\u0142\u0105czaj\u0105cej w szko\u0142ach i plac\u00f3wkach systemu o\u015bwiaty.Propozycje zakupuPrzegl\u0105danie zg\u0142osze\u0144PsychologiaRegionaliaRegionalizmRegulaminySerwis prasowySocjologiaSzkolnictwo i O\u015bwiataTematyczne zestawienia zbior\u00f3w specjalnychUs\u0142ugiWdra\u017canie nowej podstawy programowej kszta\u0142cenia og\u00f3lnego.Wprowadzanie doradztwa zawodowego do szk\u00f3\u0142 i plac\u00f3wekWspomnieniaWzmacnianie wychowawczej roli szko\u0142yZasoby cyfroweZbioryZg\u0142oszenie potwierdzone\u0413\u043b\u0430\u0432\u043d\u0430\u044f \u0441\u0442\u0440\u0430\u043d\u0438\u0446\u0430\u0414\u0435\u043a\u043b\u0430\u0440\u0430\u0446\u0438\u044f \u043e \u0434\u043e\u0441\u0442\u0443\u043f\u043d\u043e\u0441\u0442\u0438\u043a\u0430\u0440\u0442\u0430 \u0441\u0430\u0439\u0442\u0430\u043a\u043e\u043d\u0442\u0430\u043a\u0442\u041d\u043e\u0432\u043e\u0441\u0442\u0438\u043f\u043e\u043b\u0438\u0442\u0438\u043a\u0430 \u043a\u043e\u043d\u0444\u0438\u0434\u0435\u043d\u0446\u0438\u0430\u043b\u044c\u043d\u043e\u0441\u0442\u0438\u041f\u0440\u043e\u0444\u0438\u043b\u044c \u043f\u043e\u043b\u044c\u0437\u043e\u0432\u0430\u0442\u0435\u043b\u044f\u041c\u043e\u0438 \u0432\u0438\u0434\u0435\u043e\u043a\u043e\u043d\u0444\u0435\u0440\u0435\u043d\u0446\u0438\u0438\u041c\u043e\u0438 \u0432\u044b\u0441\u0442\u0430\u0432\u043a\u0438\u041c\u043e\u0438 \u0436\u0430\u043b\u043e\u0431\u044b \u0438 \u043f\u0440\u043e\u0441\u044c\u0431\u044b\u041c\u043e\u0438 \u0437\u0430\u043f\u0440\u043e\u0441\u044b\u041c\u043e\u0438 \u043a\u0443\u0440\u0441\u044b\u041c\u043e\u0438 \u043e\u0448\u0438\u0431\u043a\u0438\u041c\u043e\u0438 \u043f\u0440\u0430\u043a\u0442\u0438\u043a\u0438\u041c\u043e\u0438 \u043f\u0440\u0435\u0434\u043b\u043e\u0436\u0435\u043d\u0438\u044f \u043f\u043e&hellip;<\/p>\n","category_list_v2":"","author_info_v2":{"name":"Martyna Zalewska","url":"https:\/\/bpwyszkow.pl\/ru\/author\/mprzygodzka\/"},"comments_num_v2":"0 \u043a\u043e\u043c\u043c\u0435\u043d\u0442\u0430\u0440\u0438\u0435\u0432","_links":{"self":[{"href":"https:\/\/bpwyszkow.pl\/ru\/wp-json\/wp\/v2\/pages\/23435","targetHints":{"allow":["GET"]}}],"collection":[{"href":"https:\/\/bpwyszkow.pl\/ru\/wp-json\/wp\/v2\/pages"}],"about":[{"href":"https:\/\/bpwyszkow.pl\/ru\/wp-json\/wp\/v2\/types\/page"}],"author":[{"embeddable":true,"href":"https:\/\/bpwyszkow.pl\/ru\/wp-json\/wp\/v2\/users\/112"}],"replies":[{"embeddable":true,"href":"https:\/\/bpwyszkow.pl\/ru\/wp-json\/wp\/v2\/comments?post=23435"}],"version-history":[{"count":0,"href":"https:\/\/bpwyszkow.pl\/ru\/wp-json\/wp\/v2\/pages\/23435\/revisions"}],"wp:attachment":[{"href":"https:\/\/bpwyszkow.pl\/ru\/wp-json\/wp\/v2\/media?parent=23435"}],"curies":[{"name":"wp","href":"https:\/\/api.w.org\/{rel}","templated":true}]}}