{"id":21522,"date":"2021-12-09T09:24:07","date_gmt":"2021-12-09T08:24:07","guid":{"rendered":"https:\/\/bpwyszkow.pl\/pedagogika-szkolnictwo-oswiata-wychowanie\/"},"modified":"2025-06-14T12:58:33","modified_gmt":"2025-06-14T10:58:33","slug":"pedagogika-szkolnictwo-oswiata-wychowanie","status":"publish","type":"page","link":"https:\/\/bpwyszkow.pl\/ru\/pedagogika-szkolnictwo-oswiata-wychowanie\/","title":{"rendered":"Pedagogika. Szkolnictwo. O\u015bwiata. Wychowanie."},"content":{"rendered":"\n<figure class=\"wp-block-table\"><table><tbody><tr><td><a href=\"https:\/\/bpwyszkow.pl\/ru\/aspiracje\/\">Aspiracje dzieci i m\u0142odzie\u017cy<\/a>:&nbsp;zestawienie bibliograficzne w wyborze. Wyszk\u00f3w: BP, 2015<\/td><\/tr><tr><td><a href=\"https:\/\/bpwyszkow.pl\/ru\/autyzm-i-zespol-aspergera\/\">Autyzm i Zesp\u00f3\u0142 Aspergera<\/a>:&nbsp;zestawienie bibliograficzne za lata 1988 &#8212; 2011. Wyszk\u00f3w: BP, 2012<\/td><\/tr><tr><td><a href=\"https:\/\/bpwyszkow.pl\/ru\/czas-wolny-od-pracy-ucznia\/\">Czas wolny od pracy ucznia<\/a>:&nbsp;zestawienie bibliograficzne. Wyszk\u00f3w: BP, 2012<\/td><\/tr><tr><td><a href=\"https:\/\/bpwyszkow.pl\/ru\/dysleksja-dysgrafia-dyskalkulia\/\">Dysleksja, dysgrafia, dyskalkulia<\/a>:&nbsp;zestawienie bibliograficzne za lata 2000 &#8212; 2008. Wyszk\u00f3w: BP, 2009<\/td><\/tr><tr><td><a href=\"https:\/\/bpwyszkow.pl\/ru\/edukacja-dla-bezpieczenstwa-dziecka\/\">Edukacja dla bezpiecze\u0144stwa dzieck<\/a>a:&nbsp;zestawienie bibliograficzne. Wyszk\u00f3w: BP, 2012<\/td><\/tr><tr><td><a href=\"https:\/\/bpwyszkow.pl\/ru\/edukacja-europejska\/\">Edukacja europejska<\/a>: zestawienie bibliograficzne w wyborze za lata 2000 &#8212; 2008. Wyszk\u00f3w: BP, 2009<\/td><\/tr><tr><td><a href=\"https:\/\/bpwyszkow.pl\/edukacja-prozdrowotna\/\" data-type=\"post\" data-id=\"42622\">Edukacja prozdrowotna<\/a>: zestawienie bibliograficzne. Wyszk\u00f3w: BP, 2024<\/td><\/tr><tr><td><a href=\"https:\/\/bpwyszkow.pl\/ru\/gry-komputerowe-ucza-czy-szkodza\/\">Gry komputerowe &#8212; ucz\u0105 czy szkodz\u0105<\/a>?:&nbsp;zestawienie bibliograficzne. Wyszk\u00f3w: BP, 2012<\/td><\/tr><tr><td><a href=\"https:\/\/bpwyszkow.pl\/ru\/motywacja-uczenia-sie\/\">Motywacja uczenia si\u0119:<\/a>&nbsp;zestawienie bibliograficzne za lata 2004 &#8212; 2011.Wyszk\u00f3w: BP, 2012<\/td><\/tr><tr><td><a href=\"https:\/\/bpwyszkow.pl\/ru\/podreczniki-multimedialne-i-ksiazki-elektroniczne\/\">Podr\u0119czniki multimedialne i ksi\u0105\u017cki elektroniczne:<\/a>&nbsp;zestawienie bibliograficzne w wyborze. Wyszk\u00f3w: BP, 2015<\/td><\/tr><tr><td><a href=\"https:\/\/bpwyszkow.pl\/wybor-zawodu\/\" data-type=\"post\" data-id=\"48142\">Wyb\u00f3r zawodu:<\/a> zestawienie bibliograficzne w wyborze. Wyszk\u00f3w: BP, 2025<\/td><\/tr><tr><td><a href=\"https:\/\/bpwyszkow.pl\/wychowanie-do-wartosci\/\" data-type=\"post\" data-id=\"48322\">Wychowanie do warto\u015bci<\/a>: zestawienie bibliograficzne w wyborze. Wyszk\u00f3w: BP, 2025 \u00a0<\/td><\/tr><tr><td><a href=\"https:\/\/bpwyszkow.pl\/wychowanie-do-zycia-w-rodzinie\/\" data-type=\"post\" data-id=\"46840\">Wychowanie do \u017cycia w rodzinie<\/a>: zestawienie bibliograficzne. Wyszk\u00f3w: BP, 2024<\/td><\/tr><tr><td><a href=\"https:\/\/bpwyszkow.pl\/wychowanie-patriotyczne\/\" data-type=\"post\" data-id=\"48091\">Wychowanie patriotyczne<\/a> : zestawienie bibliograficzne w wyborze. Wyszk\u00f3w: BP, 2025<\/td><\/tr><tr><td>Wychowanie do warto\u015bci:&nbsp;zestawienie bibliograficzne w wyborze za lata 2005 &#8212; 2011. Wyszk\u00f3w: BP, 2012<\/td><\/tr><tr><td>Wychowanie do warto\u015bci (Cz. 2):&nbsp;zestawienie bibliograficzne w wyborze za lata 2010 &#8212; 2016. Wyszk\u00f3w: BP, 2017<\/td><\/tr><tr><td>Wychowanie patriotyczne: zestawienie bibliograficzne.Wyszk\u00f3w: BP, 2012<\/td><\/tr><\/tbody><\/table><\/figure>\n\n\n\n<p><\/p>\n","protected":false},"excerpt":{"rendered":"<p>Aspiracje dzieci i m\u0142odzie\u017cy:&nbsp;zestawienie bibliograficzne w wyborze. Wyszk\u00f3w: BP, 2015 Autyzm i Zesp\u00f3\u0142 Aspergera:&nbsp;zestawienie bibliograficzne za lata 1988 &#8212; 2011. [&hellip;]<\/p>\n","protected":false},"author":10,"featured_media":0,"parent":0,"menu_order":0,"comment_status":"closed","ping_status":"closed","template":"","meta":{"_acf_changed":false,"_oasis_is_in_workflow":0,"_oasis_original":0,"inline_featured_image":false,"site-sidebar-layout":"default","site-content-layout":"","ast-site-content-layout":"default","site-content-style":"default","site-sidebar-style":"default","ast-global-header-display":"","ast-banner-title-visibility":"","ast-main-header-display":"","ast-hfb-above-header-display":"","ast-hfb-below-header-display":"","ast-hfb-mobile-header-display":"","site-post-title":"","ast-breadcrumbs-content":"","ast-featured-img":"","footer-sml-layout":"","ast-disable-related-posts":"","theme-transparent-header-meta":"","adv-header-id-meta":"","stick-header-meta":"","header-above-stick-meta":"","header-main-stick-meta":"","header-below-stick-meta":"","astra-migrate-meta-layouts":"default","ast-page-background-enabled":"default","ast-page-background-meta":{"desktop":{"background-color":"","background-image":"","background-repeat":"repeat","background-position":"center center","background-size":"auto","background-attachment":"scroll","background-type":"","background-media":"","overlay-type":"","overlay-color":"","overlay-opacity":"","overlay-gradient":""},"tablet":{"background-color":"","background-image":"","background-repeat":"repeat","background-position":"center center","background-size":"auto","background-attachment":"scroll","background-type":"","background-media":"","overlay-type":"","overlay-color":"","overlay-opacity":"","overlay-gradient":""},"mobile":{"background-color":"","background-image":"","background-repeat":"repeat","background-position":"center center","background-size":"auto","background-attachment":"scroll","background-type":"","background-media":"","overlay-type":"","overlay-color":"","overlay-opacity":"","overlay-gradient":""}},"ast-content-background-meta":{"desktop":{"background-color":"var(--ast-global-color-5)","background-image":"","background-repeat":"repeat","background-position":"center center","background-size":"auto","background-attachment":"scroll","background-type":"","background-media":"","overlay-type":"","overlay-color":"","overlay-opacity":"","overlay-gradient":""},"tablet":{"background-color":"var(--ast-global-color-5)","background-image":"","background-repeat":"repeat","background-position":"center center","background-size":"auto","background-attachment":"scroll","background-type":"","background-media":"","overlay-type":"","overlay-color":"","overlay-opacity":"","overlay-gradient":""},"mobile":{"background-color":"var(--ast-global-color-5)","background-image":"","background-repeat":"repeat","background-position":"center center","background-size":"auto","background-attachment":"scroll","background-type":"","background-media":"","overlay-type":"","overlay-color":"","overlay-opacity":"","overlay-gradient":""}},"_themeisle_gutenberg_block_has_review":false,"footnotes":""},"class_list":["post-21522","page","type-page","status-publish","hentry"],"acf":[],"featured_image_urls_v2":{"full":"","thumbnail":"","medium":"","medium_large":"","large":"","1536x1536":"","2048x2048":"","menu-24x24":"","menu-36x36":"","menu-48x48":""},"post_excerpt_stackable_v2":"<p>Aspiracje dzieci i m\u0142odzie\u017cy:&nbsp;zestawienie bibliograficzne w wyborze. Wyszk\u00f3w: BP, 2015Autyzm i Zesp\u00f3\u0142 Aspergera:&nbsp;zestawienie bibliograficzne za lata 1988 &#8212; 2011. Wyszk\u00f3w: BP, 2012Czas wolny od pracy ucznia:&nbsp;zestawienie bibliograficzne. Wyszk\u00f3w: BP, 2012Dysleksja, dysgrafia, dyskalkulia:&nbsp;zestawienie bibliograficzne za lata 2000 &#8212; 2008. Wyszk\u00f3w: BP, 2009Edukacja dla bezpiecze\u0144stwa dziecka:&nbsp;zestawienie bibliograficzne. Wyszk\u00f3w: BP, 2012Edukacja europejska: zestawienie bibliograficzne w wyborze za lata 2000 &#8212; 2008. Wyszk\u00f3w: BP, 2009Edukacja prozdrowotna: zestawienie bibliograficzne. Wyszk\u00f3w: BP, 2024Gry komputerowe &#8212; ucz\u0105 czy szkodz\u0105?:&nbsp;zestawienie bibliograficzne. Wyszk\u00f3w: BP, 2012Motywacja uczenia si\u0119:&nbsp;zestawienie bibliograficzne za lata 2004 &#8212; 2011.Wyszk\u00f3w: BP, 2012Podr\u0119czniki multimedialne i ksi\u0105\u017cki elektroniczne:&nbsp;zestawienie bibliograficzne w wyborze. Wyszk\u00f3w: BP, 2015Wyb\u00f3r zawodu: zestawienie bibliograficzne w&hellip;<\/p>\n","category_list_v2":"","author_info_v2":{"name":"bWdyemVnb3Jjenlr","url":"https:\/\/bpwyszkow.pl\/ru\/author\/bwdyemvnb3jjenlr\/"},"comments_num_v2":"0 \u043a\u043e\u043c\u043c\u0435\u043d\u0442\u0430\u0440\u0438\u0435\u0432","_links":{"self":[{"href":"https:\/\/bpwyszkow.pl\/ru\/wp-json\/wp\/v2\/pages\/21522","targetHints":{"allow":["GET"]}}],"collection":[{"href":"https:\/\/bpwyszkow.pl\/ru\/wp-json\/wp\/v2\/pages"}],"about":[{"href":"https:\/\/bpwyszkow.pl\/ru\/wp-json\/wp\/v2\/types\/page"}],"author":[{"embeddable":true,"href":"https:\/\/bpwyszkow.pl\/ru\/wp-json\/wp\/v2\/users\/10"}],"replies":[{"embeddable":true,"href":"https:\/\/bpwyszkow.pl\/ru\/wp-json\/wp\/v2\/comments?post=21522"}],"version-history":[{"count":90,"href":"https:\/\/bpwyszkow.pl\/ru\/wp-json\/wp\/v2\/pages\/21522\/revisions"}],"predecessor-version":[{"id":48337,"href":"https:\/\/bpwyszkow.pl\/ru\/wp-json\/wp\/v2\/pages\/21522\/revisions\/48337"}],"wp:attachment":[{"href":"https:\/\/bpwyszkow.pl\/ru\/wp-json\/wp\/v2\/media?parent=21522"}],"curies":[{"name":"wp","href":"https:\/\/api.w.org\/{rel}","templated":true}]}}