{"id":21209,"date":"2021-08-22T12:36:53","date_gmt":"2021-08-22T10:36:53","guid":{"rendered":"https:\/\/bpwyszkow.pl\/kontakt\/"},"modified":"2024-05-16T09:41:31","modified_gmt":"2024-05-16T07:41:31","slug":"%d0%ba%d0%be%d0%bd%d1%82%d0%b0%d0%ba%d1%82","status":"publish","type":"page","link":"https:\/\/bpwyszkow.pl\/ru\/%d0%ba%d0%be%d0%bd%d1%82%d0%b0%d0%ba%d1%82\/","title":{"rendered":"\u043a\u043e\u043d\u0442\u0430\u043a\u0442"},"content":{"rendered":"<!-- https:\/\/getbootstrap.com\/docs\/5.0\/layout\/grid\/ -->\n<div class=\"row p-2\">\n    <div class=\"col pe-md-0\">\n        <!-- https:\/\/getbootstrap.com\/docs\/5.0\/utilities\/shadows\/ -->\n        <div id=\"bs-map-leaflet\" class=\"shadow p-3 mb-2 bg-body rounded\"><\/div>\n    <\/div>\n    <\/div>\n\n\n\n<div class=\"wp-block-columns is-layout-flex wp-container-core-columns-is-layout-28f84493 wp-block-columns-is-layout-flex\">\n<div class=\"wp-block-column is-layout-flow wp-block-column-is-layout-flow\" style=\"flex-basis:66.66%\">\n<p><strong>Filia w Wyszkowie<\/strong><br>ul. \u015awi\u0119toja\u0144ska 82b<br>07-202 Wyszk\u00f3w<br>tel. (29) 742 36 76<br><a href=\"http:\/\/bp.ostroleka.pl\/o-bibliotece\/kontakt\/wyszkow@bp.ostroleka.pl\" target=\"_blank\" rel=\"noopener\">wyszkow@bp.ostroleka.pl<\/a><br><\/p>\n\n\n\n<p><strong>Kierownik \u2013 Wrzosek Anna<\/strong><br><a href=\"mailto:anna.wrzosek@bp.ostroleka.pl\">anna.wrzosek@bp.ostroleka.pl<\/a><br>Komor Ma\u0142gorzata<br><a href=\"mailto:malgorzata.komor@bp.ostroleka.pl\">malgorzata.komor@bp.ostroleka.pl<\/a><br>Malinowska Marta Katarzyna<br><a href=\"mailto:marta.malinowska@bp.ostroleka.pl\">marta.malinowska@bp.ostroleka.pl<\/a><\/p>\n<\/div>\n\n\n\n<div class=\"wp-block-column is-vertically-aligned-top is-layout-flow wp-block-column-is-layout-flow\" style=\"flex-basis:33.33%\">\n<figure class=\"wp-block-image size-full\"><img loading=\"lazy\" decoding=\"async\" width=\"250\" height=\"147\" src=\"https:\/\/bpwyszkow.pl\/wp-content\/uploads\/sites\/41\/2022\/11\/wyszkowsl-1.jpg\" alt=\"\" class=\"wp-image-26986\" srcset=\"https:\/\/bpwyszkow.pl\/wp-content\/uploads\/sites\/41\/2022\/11\/wyszkowsl-1.jpg 250w, https:\/\/bpwyszkow.pl\/wp-content\/uploads\/sites\/41\/2022\/11\/wyszkowsl-1-24x14.jpg 24w, https:\/\/bpwyszkow.pl\/wp-content\/uploads\/sites\/41\/2022\/11\/wyszkowsl-1-36x21.jpg 36w, https:\/\/bpwyszkow.pl\/wp-content\/uploads\/sites\/41\/2022\/11\/wyszkowsl-1-48x28.jpg 48w\" sizes=\"auto, (max-width: 250px) 100vw, 250px\" \/><\/figure>\n<\/div>\n<\/div>\n","protected":false},"excerpt":{"rendered":"<p>Filia w Wyszkowieul. \u015awi\u0119toja\u0144ska 82b07-202 Wyszk\u00f3wtel. (29) 742 36 76wyszkow@bp.ostroleka.pl Kierownik \u2013 Wrzosek Annaanna.wrzosek@bp.ostroleka.plKomor Ma\u0142gorzatamalgorzata.komor@bp.ostroleka.plMalinowska Marta Katarzynamarta.malinowska@bp.ostroleka.pl<\/p>\n","protected":false},"author":12,"featured_media":0,"parent":0,"menu_order":0,"comment_status":"closed","ping_status":"closed","template":"","meta":{"_acf_changed":false,"_oasis_is_in_workflow":0,"_oasis_original":0,"inline_featured_image":false,"site-sidebar-layout":"default","site-content-layout":"default","ast-site-content-layout":"default","site-content-style":"default","site-sidebar-style":"default","ast-global-header-display":"","ast-banner-title-visibility":"","ast-main-header-display":"","ast-hfb-above-header-display":"","ast-hfb-below-header-display":"","ast-hfb-mobile-header-display":"","site-post-title":"","ast-breadcrumbs-content":"","ast-featured-img":"","footer-sml-layout":"","ast-disable-related-posts":"","theme-transparent-header-meta":"default","adv-header-id-meta":"","stick-header-meta":"","header-above-stick-meta":"","header-main-stick-meta":"","header-below-stick-meta":"","astra-migrate-meta-layouts":"set","ast-page-background-enabled":"default","ast-page-background-meta":{"desktop":{"background-color":"","background-image":"","background-repeat":"repeat","background-position":"center center","background-size":"auto","background-attachment":"scroll","background-type":"","background-media":"","overlay-type":"","overlay-color":"","overlay-opacity":"","overlay-gradient":""},"tablet":{"background-color":"","background-image":"","background-repeat":"repeat","background-position":"center center","background-size":"auto","background-attachment":"scroll","background-type":"","background-media":"","overlay-type":"","overlay-color":"","overlay-opacity":"","overlay-gradient":""},"mobile":{"background-color":"","background-image":"","background-repeat":"repeat","background-position":"center center","background-size":"auto","background-attachment":"scroll","background-type":"","background-media":"","overlay-type":"","overlay-color":"","overlay-opacity":"","overlay-gradient":""}},"ast-content-background-meta":{"desktop":{"background-color":"var(--ast-global-color-5)","background-image":"","background-repeat":"repeat","background-position":"center center","background-size":"auto","background-attachment":"scroll","background-type":"","background-media":"","overlay-type":"","overlay-color":"","overlay-opacity":"","overlay-gradient":""},"tablet":{"background-color":"var(--ast-global-color-5)","background-image":"","background-repeat":"repeat","background-position":"center center","background-size":"auto","background-attachment":"scroll","background-type":"","background-media":"","overlay-type":"","overlay-color":"","overlay-opacity":"","overlay-gradient":""},"mobile":{"background-color":"var(--ast-global-color-5)","background-image":"","background-repeat":"repeat","background-position":"center center","background-size":"auto","background-attachment":"scroll","background-type":"","background-media":"","overlay-type":"","overlay-color":"","overlay-opacity":"","overlay-gradient":""}},"_themeisle_gutenberg_block_has_review":false,"footnotes":""},"class_list":["post-21209","page","type-page","status-publish","hentry"],"acf":[],"featured_image_urls_v2":{"full":"","thumbnail":"","medium":"","medium_large":"","large":"","1536x1536":"","2048x2048":"","menu-24x24":"","menu-36x36":"","menu-48x48":""},"post_excerpt_stackable_v2":"<p>Filia w Wyszkowieul. \u015awi\u0119toja\u0144ska 82b07-202 Wyszk\u00f3wtel. (29) 742 36 76wyszkow@bp.ostroleka.pl Kierownik \u2013 Wrzosek Annaanna.wrzosek@bp.ostroleka.plKomor Ma\u0142gorzatamalgorzata.komor@bp.ostroleka.plMalinowska Marta Katarzynamarta.malinowska@bp.ostroleka.pl<\/p>\n","category_list_v2":"","author_info_v2":{"name":"ktadaszak","url":"https:\/\/bpwyszkow.pl\/ru\/author\/ktadaszak\/"},"comments_num_v2":"0 \u043a\u043e\u043c\u043c\u0435\u043d\u0442\u0430\u0440\u0438\u0435\u0432","_links":{"self":[{"href":"https:\/\/bpwyszkow.pl\/ru\/wp-json\/wp\/v2\/pages\/21209","targetHints":{"allow":["GET"]}}],"collection":[{"href":"https:\/\/bpwyszkow.pl\/ru\/wp-json\/wp\/v2\/pages"}],"about":[{"href":"https:\/\/bpwyszkow.pl\/ru\/wp-json\/wp\/v2\/types\/page"}],"author":[{"embeddable":true,"href":"https:\/\/bpwyszkow.pl\/ru\/wp-json\/wp\/v2\/users\/12"}],"replies":[{"embeddable":true,"href":"https:\/\/bpwyszkow.pl\/ru\/wp-json\/wp\/v2\/comments?post=21209"}],"version-history":[{"count":3,"href":"https:\/\/bpwyszkow.pl\/ru\/wp-json\/wp\/v2\/pages\/21209\/revisions"}],"predecessor-version":[{"id":30652,"href":"https:\/\/bpwyszkow.pl\/ru\/wp-json\/wp\/v2\/pages\/21209\/revisions\/30652"}],"wp:attachment":[{"href":"https:\/\/bpwyszkow.pl\/ru\/wp-json\/wp\/v2\/media?parent=21209"}],"curies":[{"name":"wp","href":"https:\/\/api.w.org\/{rel}","templated":true}]}}