{"id":21201,"date":"2022-01-03T14:21:12","date_gmt":"2022-01-03T13:21:12","guid":{"rendered":"https:\/\/bpwyszkow.pl\/podnoszenie-jakosci-edukacji-wlaczajacej-w-szkolach-i-placowkach-systemu-oswiaty\/"},"modified":"2022-01-03T14:21:12","modified_gmt":"2022-01-03T13:21:12","slug":"podnoszenie-jakosci-edukacji-wlaczajacej-w-szkolach-i-placowkach-systemu-oswiaty","status":"publish","type":"page","link":"https:\/\/bpwyszkow.pl\/ru\/podnoszenie-jakosci-edukacji-wlaczajacej-w-szkolach-i-placowkach-systemu-oswiaty\/","title":{"rendered":"Podnoszenie jako\u015bci edukacji w\u0142\u0105czaj\u0105cej w szko\u0142ach i plac\u00f3wkach systemu o\u015bwiaty."},"content":{"rendered":"\n<div class=\"wp-block-columns is-layout-flex wp-container-core-columns-is-layout-28f84493 wp-block-columns-is-layout-flex\">\n<div class=\"wp-block-column is-layout-flow wp-block-column-is-layout-flow\" style=\"flex-basis:33.33%\">\n<div style=\"height:1px\" aria-hidden=\"true\" class=\"wp-block-spacer\"><\/div>\n\n\n\n<div class=\"wp-block-image\"><figure class=\"aligncenter size-full\"><img loading=\"lazy\" decoding=\"async\" width=\"62\" height=\"95\" src=\"https:\/\/bpwyszkow.pl\/wp-content\/uploads\/sites\/41\/2022\/01\/q.jpg\" alt=\"\" class=\"wp-image-20046\" srcset=\"https:\/\/bpwyszkow.pl\/wp-content\/uploads\/sites\/41\/2022\/01\/q.jpg 62w, https:\/\/bpwyszkow.pl\/wp-content\/uploads\/sites\/41\/2022\/01\/q-16x24.jpg 16w, https:\/\/bpwyszkow.pl\/wp-content\/uploads\/sites\/41\/2022\/01\/q-23x36.jpg 23w, https:\/\/bpwyszkow.pl\/wp-content\/uploads\/sites\/41\/2022\/01\/q-31x48.jpg 31w\" sizes=\"auto, (max-width: 62px) 100vw, 62px\" \/><\/figure><\/div>\n\n\n\n<div style=\"height:5px\" aria-hidden=\"true\" class=\"wp-block-spacer\"><\/div>\n\n\n\n<div class=\"wp-block-image\"><figure class=\"aligncenter size-full\"><img loading=\"lazy\" decoding=\"async\" width=\"63\" height=\"88\" src=\"https:\/\/bpwyszkow.pl\/wp-content\/uploads\/sites\/41\/2022\/01\/w.jpg\" alt=\"\" class=\"wp-image-20049\" srcset=\"https:\/\/bpwyszkow.pl\/wp-content\/uploads\/sites\/41\/2022\/01\/w.jpg 63w, https:\/\/bpwyszkow.pl\/wp-content\/uploads\/sites\/41\/2022\/01\/w-17x24.jpg 17w, https:\/\/bpwyszkow.pl\/wp-content\/uploads\/sites\/41\/2022\/01\/w-26x36.jpg 26w, https:\/\/bpwyszkow.pl\/wp-content\/uploads\/sites\/41\/2022\/01\/w-34x48.jpg 34w\" sizes=\"auto, (max-width: 63px) 100vw, 63px\" \/><\/figure><\/div>\n\n\n\n<div style=\"height:15px\" aria-hidden=\"true\" class=\"wp-block-spacer\"><\/div>\n\n\n\n<div class=\"wp-block-image\"><figure class=\"aligncenter size-full\"><img loading=\"lazy\" decoding=\"async\" width=\"62\" height=\"86\" src=\"https:\/\/bpwyszkow.pl\/wp-content\/uploads\/sites\/41\/2022\/01\/e.jpg\" alt=\"\" class=\"wp-image-20052\" srcset=\"https:\/\/bpwyszkow.pl\/wp-content\/uploads\/sites\/41\/2022\/01\/e.jpg 62w, https:\/\/bpwyszkow.pl\/wp-content\/uploads\/sites\/41\/2022\/01\/e-17x24.jpg 17w, https:\/\/bpwyszkow.pl\/wp-content\/uploads\/sites\/41\/2022\/01\/e-26x36.jpg 26w, https:\/\/bpwyszkow.pl\/wp-content\/uploads\/sites\/41\/2022\/01\/e-35x48.jpg 35w\" sizes=\"auto, (max-width: 62px) 100vw, 62px\" \/><\/figure><\/div>\n\n\n\n<div style=\"height:9px\" aria-hidden=\"true\" class=\"wp-block-spacer\"><\/div>\n\n\n\n<div class=\"wp-block-image\"><figure class=\"aligncenter size-full\"><img loading=\"lazy\" decoding=\"async\" width=\"63\" height=\"96\" src=\"https:\/\/bpwyszkow.pl\/wp-content\/uploads\/sites\/41\/2022\/01\/r.jpg\" alt=\"\" class=\"wp-image-20055\" srcset=\"https:\/\/bpwyszkow.pl\/wp-content\/uploads\/sites\/41\/2022\/01\/r.jpg 63w, https:\/\/bpwyszkow.pl\/wp-content\/uploads\/sites\/41\/2022\/01\/r-16x24.jpg 16w, https:\/\/bpwyszkow.pl\/wp-content\/uploads\/sites\/41\/2022\/01\/r-24x36.jpg 24w, https:\/\/bpwyszkow.pl\/wp-content\/uploads\/sites\/41\/2022\/01\/r-32x48.jpg 32w\" sizes=\"auto, (max-width: 63px) 100vw, 63px\" \/><\/figure><\/div>\n\n\n\n<div style=\"height:5px\" aria-hidden=\"true\" class=\"wp-block-spacer\"><\/div>\n\n\n\n<div class=\"wp-block-image\"><figure class=\"aligncenter size-full\"><img loading=\"lazy\" decoding=\"async\" width=\"61\" height=\"89\" src=\"https:\/\/bpwyszkow.pl\/wp-content\/uploads\/sites\/41\/2022\/01\/t.jpg\" alt=\"\" class=\"wp-image-20060\" srcset=\"https:\/\/bpwyszkow.pl\/wp-content\/uploads\/sites\/41\/2022\/01\/t.jpg 61w, https:\/\/bpwyszkow.pl\/wp-content\/uploads\/sites\/41\/2022\/01\/t-16x24.jpg 16w, https:\/\/bpwyszkow.pl\/wp-content\/uploads\/sites\/41\/2022\/01\/t-25x36.jpg 25w, https:\/\/bpwyszkow.pl\/wp-content\/uploads\/sites\/41\/2022\/01\/t-33x48.jpg 33w\" sizes=\"auto, (max-width: 61px) 100vw, 61px\" \/><\/figure><\/div>\n\n\n\n<div style=\"height:68px\" aria-hidden=\"true\" class=\"wp-block-spacer\"><\/div>\n\n\n\n<div class=\"wp-block-image\"><figure class=\"aligncenter size-full\"><img loading=\"lazy\" decoding=\"async\" width=\"62\" height=\"87\" src=\"https:\/\/bpwyszkow.pl\/wp-content\/uploads\/sites\/41\/2022\/01\/y.jpg\" alt=\"\" class=\"wp-image-20064\" srcset=\"https:\/\/bpwyszkow.pl\/wp-content\/uploads\/sites\/41\/2022\/01\/y.jpg 62w, https:\/\/bpwyszkow.pl\/wp-content\/uploads\/sites\/41\/2022\/01\/y-17x24.jpg 17w, https:\/\/bpwyszkow.pl\/wp-content\/uploads\/sites\/41\/2022\/01\/y-26x36.jpg 26w, https:\/\/bpwyszkow.pl\/wp-content\/uploads\/sites\/41\/2022\/01\/y-34x48.jpg 34w\" sizes=\"auto, (max-width: 62px) 100vw, 62px\" \/><\/figure><\/div>\n\n\n\n<div style=\"height:13px\" aria-hidden=\"true\" class=\"wp-block-spacer\"><\/div>\n\n\n\n<div class=\"wp-block-image\"><figure class=\"aligncenter size-full\"><img loading=\"lazy\" decoding=\"async\" width=\"64\" height=\"86\" src=\"https:\/\/bpwyszkow.pl\/wp-content\/uploads\/sites\/41\/2022\/01\/u.jpg\" alt=\"\" class=\"wp-image-20067\" srcset=\"https:\/\/bpwyszkow.pl\/wp-content\/uploads\/sites\/41\/2022\/01\/u.jpg 64w, https:\/\/bpwyszkow.pl\/wp-content\/uploads\/sites\/41\/2022\/01\/u-18x24.jpg 18w, https:\/\/bpwyszkow.pl\/wp-content\/uploads\/sites\/41\/2022\/01\/u-27x36.jpg 27w, https:\/\/bpwyszkow.pl\/wp-content\/uploads\/sites\/41\/2022\/01\/u-36x48.jpg 36w\" sizes=\"auto, (max-width: 64px) 100vw, 64px\" \/><\/figure><\/div>\n\n\n\n<div style=\"height:15px\" aria-hidden=\"true\" class=\"wp-block-spacer\"><\/div>\n\n\n\n<div class=\"wp-block-image\"><figure class=\"aligncenter size-full\"><img loading=\"lazy\" decoding=\"async\" width=\"62\" height=\"94\" src=\"https:\/\/bpwyszkow.pl\/wp-content\/uploads\/sites\/41\/2022\/01\/i.jpg\" alt=\"\" class=\"wp-image-20070\" srcset=\"https:\/\/bpwyszkow.pl\/wp-content\/uploads\/sites\/41\/2022\/01\/i.jpg 62w, https:\/\/bpwyszkow.pl\/wp-content\/uploads\/sites\/41\/2022\/01\/i-16x24.jpg 16w, https:\/\/bpwyszkow.pl\/wp-content\/uploads\/sites\/41\/2022\/01\/i-24x36.jpg 24w, https:\/\/bpwyszkow.pl\/wp-content\/uploads\/sites\/41\/2022\/01\/i-32x48.jpg 32w\" sizes=\"auto, (max-width: 62px) 100vw, 62px\" \/><\/figure><\/div>\n\n\n\n<div style=\"height:20px\" aria-hidden=\"true\" class=\"wp-block-spacer\"><\/div>\n\n\n\n<div class=\"wp-block-image\"><figure class=\"aligncenter size-full\"><img loading=\"lazy\" decoding=\"async\" width=\"63\" height=\"87\" src=\"https:\/\/bpwyszkow.pl\/wp-content\/uploads\/sites\/41\/2022\/01\/o.jpg\" alt=\"\" class=\"wp-image-20073\" srcset=\"https:\/\/bpwyszkow.pl\/wp-content\/uploads\/sites\/41\/2022\/01\/o.jpg 63w, https:\/\/bpwyszkow.pl\/wp-content\/uploads\/sites\/41\/2022\/01\/o-17x24.jpg 17w, https:\/\/bpwyszkow.pl\/wp-content\/uploads\/sites\/41\/2022\/01\/o-26x36.jpg 26w, https:\/\/bpwyszkow.pl\/wp-content\/uploads\/sites\/41\/2022\/01\/o-35x48.jpg 35w\" sizes=\"auto, (max-width: 63px) 100vw, 63px\" \/><\/figure><\/div>\n\n\n\n<div class=\"wp-block-image\"><figure class=\"aligncenter size-full\"><img loading=\"lazy\" decoding=\"async\" width=\"61\" height=\"88\" src=\"https:\/\/bpwyszkow.pl\/wp-content\/uploads\/sites\/41\/2022\/01\/p.jpg\" alt=\"\" class=\"wp-image-20076\" srcset=\"https:\/\/bpwyszkow.pl\/wp-content\/uploads\/sites\/41\/2022\/01\/p.jpg 61w, https:\/\/bpwyszkow.pl\/wp-content\/uploads\/sites\/41\/2022\/01\/p-17x24.jpg 17w, https:\/\/bpwyszkow.pl\/wp-content\/uploads\/sites\/41\/2022\/01\/p-25x36.jpg 25w, https:\/\/bpwyszkow.pl\/wp-content\/uploads\/sites\/41\/2022\/01\/p-33x48.jpg 33w\" sizes=\"auto, (max-width: 61px) 100vw, 61px\" \/><\/figure><\/div>\n\n\n\n<div style=\"height:11px\" aria-hidden=\"true\" class=\"wp-block-spacer\"><\/div>\n\n\n\n<div class=\"wp-block-image\"><figure class=\"aligncenter size-full\"><img decoding=\"async\" src=\"https:\/\/bpwyszkow.pl\/wp-content\/uploads\/sites\/41\/2022\/01\/pp.jpg\" alt=\"\" class=\"wp-image-20077\"\/><\/figure><\/div>\n<\/div>\n\n\n\n<div class=\"wp-block-column is-layout-flow wp-block-column-is-layout-flow\" style=\"flex-basis:66.66%\">\n<p>Sprawdzone metody w edukacji specjalnej i w\u0142\u0105czaj\u0105cej : strategie nauczania poparte badaniami \/ David Mitchell ; przek\u0142ad Juliusz Okuniewski. \u2013 Gda\u0144sk : Harmonia Universalis, 2016. \u2013 406 s. ; 24 cm. W 76927<\/p>\n\n\n\n<p>Rodzice i rodze\u0144stwo wobec trudno\u015bci w zdrowiu i rozwoju dziecka \/ pod red. Doroty Danielewicz i Ewy Pisuli. \u2013 Warszawa : Wydawnictwo Akademii Pedagogiki Specjalnej, 2011. \u2013 284, [3] s. : il. ; 24 cm. W 70956<\/p>\n\n\n\n<p>Jako\u015b\u0107 \u017cycia rodzin z dzieckiem z niepe\u0142nosprawno\u015bci\u0105 intelektualn\u0105 : raport z bada\u0144 \/ Ewa Zas\u0119pa, Agnieszka Wo\u0142owicz. \u2013 Warszawa : Wydawnictwo Akademii Pedagogiki Specjalnej, 2010. \u2013 211, [1] s. : il. ; 24 cm. W 68054; W 69151<\/p>\n\n\n\n<p>Teoria i praktyka kszta\u0142cenia integracyjnego os\u00f3b z niepe\u0142nosprawno\u015bci\u0105 w Polsce w latach 1989-2014 \/ Danuta Apanel. \u2013\u00a0 Wyd. 2 uzup.\u00a0 \u2013 Krak\u00f3w : Oficyna Wydawnicza \u201eImpuls\u201d, 2016. \u2013 549\u00a0 s. : il. ; 23 cm. W 77606<\/p>\n\n\n\n<p>Wok\u00f3\u0142 edukacji w\u0142\u0105czaj\u0105cej : efekty kszta\u0142cenia uczni\u00f3w z niepe\u0142nosprawno\u015bci\u0105 intelektualn\u0105 w stopniu lekkim w klasach specjalnych, integracyjnych i og\u00f3lnodost\u0119pnych \/ Grzegorz Szumski ; wsp\u00f3\u0142pr. Anna Firkowska-Mankiewicz. \u2013 Warszawa : Wydawnictwo Akademii Pedagogiki Specjalnej, 2010. \u2013 239, [1] s. : il. ; 24 cm. P 67963<\/p>\n\n\n\n<p>Inkluzja edukacyjna a pedagogika lecznicza \/ Otto Speck ; przek\u0142. Anna Grysi\u0144ska. \u2013 Gda\u0144sk : Harmonia Universalis, cop. 2013. \u2013 152 s. ; 24 cm. W 70675; P 70674<\/p>\n\n\n\n<p>Teoria i praktyka kszta\u0142cenia integracyjnego w Polsce w latach 1989-2012 \/ Danuta Apanel. \u2013 Toru\u0144 : Wydawnictwo Adam Marsza\u0142ek, 2014. \u2013 563 s. : il. ; 23 cm. W 71807; P 71806<\/p>\n\n\n\n<p>Diagnoza rozwoju ucznia z niepe\u0142nosprawno\u015bci\u0105 intelektualn\u0105 w stopniu umiarkowanym : indywidualny program edukacyjno-terapeutyczny \/ Alicja Tanajewska, Renata Naprawa. \u2013 Gda\u0144sk : Wydawnictwo Harmonia, 2014. \u2013 75, [2] s. ; 24 cm. W 75166; P 75165<\/p>\n\n\n\n<p>Dydaktyka specjalna : wybrane zagadnienia \/ red. nauk. Janina Wyczesany. \u2013 Gda\u0144sk : Harmonia Universalis, 2014. \u2013 269 s. : il. ; 24 cm. W 71298; P 71299<\/p>\n\n\n\n<div style=\"height:7px\" aria-hidden=\"true\" class=\"wp-block-spacer\"><\/div>\n\n\n\n<p>Ucze\u0144 o specjalnych potrzebach wychowawczych w klasie szkolnej \/ Aneta Paszkiewicz, Ma\u0142gorzata \u0141obacz. \u2013 Warszawa : Wydawnictwo Difin, 2013. \u2013 246, [2] s. ; 23 cm. W 70889; P 70804<\/p>\n\n\n\n<p>Do\u015bwiadczanie zmian w teorii i praktyce pedagogicznej \/ red. nauk. Joanna Skibska i Justyna Wojciechowska. \u2013 Warszawa : Wydawnictwo Akademickie \u017bak, cop. 2015. \u2013 319, [2] s. : il. ; 24 cm. W 77203<\/p>\n<\/div>\n<\/div>\n","protected":false},"excerpt":{"rendered":"<p>Sprawdzone metody w edukacji specjalnej i w\u0142\u0105czaj\u0105cej : strategie nauczania poparte badaniami \/ David Mitchell ; przek\u0142ad Juliusz Okuniewski. \u2013 [&hellip;]<\/p>\n","protected":false},"author":205,"featured_media":0,"parent":0,"menu_order":0,"comment_status":"closed","ping_status":"closed","template":"","meta":{"_acf_changed":false,"_oasis_is_in_workflow":0,"_oasis_original":0,"inline_featured_image":false,"site-sidebar-layout":"default","site-content-layout":"","ast-site-content-layout":"default","site-content-style":"default","site-sidebar-style":"default","ast-global-header-display":"","ast-banner-title-visibility":"","ast-main-header-display":"","ast-hfb-above-header-display":"","ast-hfb-below-header-display":"","ast-hfb-mobile-header-display":"","site-post-title":"","ast-breadcrumbs-content":"","ast-featured-img":"","footer-sml-layout":"","ast-disable-related-posts":"","theme-transparent-header-meta":"","adv-header-id-meta":"","stick-header-meta":"","header-above-stick-meta":"","header-main-stick-meta":"","header-below-stick-meta":"","astra-migrate-meta-layouts":"default","ast-page-background-enabled":"default","ast-page-background-meta":{"desktop":{"background-color":"","background-image":"","background-repeat":"repeat","background-position":"center center","background-size":"auto","background-attachment":"scroll","background-type":"","background-media":"","overlay-type":"","overlay-color":"","overlay-opacity":"","overlay-gradient":""},"tablet":{"background-color":"","background-image":"","background-repeat":"repeat","background-position":"center center","background-size":"auto","background-attachment":"scroll","background-type":"","background-media":"","overlay-type":"","overlay-color":"","overlay-opacity":"","overlay-gradient":""},"mobile":{"background-color":"","background-image":"","background-repeat":"repeat","background-position":"center center","background-size":"auto","background-attachment":"scroll","background-type":"","background-media":"","overlay-type":"","overlay-color":"","overlay-opacity":"","overlay-gradient":""}},"ast-content-background-meta":{"desktop":{"background-color":"var(--ast-global-color-5)","background-image":"","background-repeat":"repeat","background-position":"center center","background-size":"auto","background-attachment":"scroll","background-type":"","background-media":"","overlay-type":"","overlay-color":"","overlay-opacity":"","overlay-gradient":""},"tablet":{"background-color":"var(--ast-global-color-5)","background-image":"","background-repeat":"repeat","background-position":"center center","background-size":"auto","background-attachment":"scroll","background-type":"","background-media":"","overlay-type":"","overlay-color":"","overlay-opacity":"","overlay-gradient":""},"mobile":{"background-color":"var(--ast-global-color-5)","background-image":"","background-repeat":"repeat","background-position":"center center","background-size":"auto","background-attachment":"scroll","background-type":"","background-media":"","overlay-type":"","overlay-color":"","overlay-opacity":"","overlay-gradient":""}},"_themeisle_gutenberg_block_has_review":false,"footnotes":""},"class_list":["post-21201","page","type-page","status-publish","hentry"],"acf":[],"featured_image_urls_v2":{"full":"","thumbnail":"","medium":"","medium_large":"","large":"","1536x1536":"","2048x2048":"","menu-24x24":"","menu-36x36":"","menu-48x48":""},"post_excerpt_stackable_v2":"<p>Sprawdzone metody w edukacji specjalnej i w\u0142\u0105czaj\u0105cej : strategie nauczania poparte badaniami \/ David Mitchell ; przek\u0142ad Juliusz Okuniewski. \u2013 Gda\u0144sk : Harmonia Universalis, 2016. \u2013 406 s. ; 24 cm. W 76927 Rodzice i rodze\u0144stwo wobec trudno\u015bci w zdrowiu i rozwoju dziecka \/ pod red. Doroty Danielewicz i Ewy Pisuli. \u2013 Warszawa : Wydawnictwo Akademii Pedagogiki Specjalnej, 2011. \u2013 284, [3] s. : il. ; 24 cm. W 70956 Jako\u015b\u0107 \u017cycia rodzin z dzieckiem z niepe\u0142nosprawno\u015bci\u0105 intelektualn\u0105 : raport z bada\u0144 \/ Ewa Zas\u0119pa, Agnieszka Wo\u0142owicz. \u2013 Warszawa : Wydawnictwo Akademii Pedagogiki Specjalnej, 2010. \u2013 211, [1] s. :&hellip;<\/p>\n","category_list_v2":"","author_info_v2":{"name":"c2FicmFtZWs=","url":"https:\/\/bpwyszkow.pl\/ru\/author\/c2ficmftzws-2\/"},"comments_num_v2":"0 \u043a\u043e\u043c\u043c\u0435\u043d\u0442\u0430\u0440\u0438\u0435\u0432","_links":{"self":[{"href":"https:\/\/bpwyszkow.pl\/ru\/wp-json\/wp\/v2\/pages\/21201","targetHints":{"allow":["GET"]}}],"collection":[{"href":"https:\/\/bpwyszkow.pl\/ru\/wp-json\/wp\/v2\/pages"}],"about":[{"href":"https:\/\/bpwyszkow.pl\/ru\/wp-json\/wp\/v2\/types\/page"}],"author":[{"embeddable":true,"href":"https:\/\/bpwyszkow.pl\/ru\/wp-json\/wp\/v2\/users\/205"}],"replies":[{"embeddable":true,"href":"https:\/\/bpwyszkow.pl\/ru\/wp-json\/wp\/v2\/comments?post=21201"}],"version-history":[{"count":0,"href":"https:\/\/bpwyszkow.pl\/ru\/wp-json\/wp\/v2\/pages\/21201\/revisions"}],"wp:attachment":[{"href":"https:\/\/bpwyszkow.pl\/ru\/wp-json\/wp\/v2\/media?parent=21201"}],"curies":[{"name":"wp","href":"https:\/\/api.w.org\/{rel}","templated":true}]}}