{"id":21193,"date":"2022-01-03T14:07:20","date_gmt":"2022-01-03T13:07:20","guid":{"rendered":"https:\/\/bpwyszkow.pl\/podniesienie-jakosci-edukacji-matematycznej-przyrodniczej-i-informatycznej\/"},"modified":"2022-01-03T14:07:20","modified_gmt":"2022-01-03T13:07:20","slug":"podniesienie-jakosci-edukacji-matematycznej-przyrodniczej-i-informatycznej","status":"publish","type":"page","link":"https:\/\/bpwyszkow.pl\/ru\/podniesienie-jakosci-edukacji-matematycznej-przyrodniczej-i-informatycznej\/","title":{"rendered":"Podniesienie jako\u015bci edukacji matematycznej, przyrodniczej i informatycznej."},"content":{"rendered":"\n<div class=\"wp-block-columns is-layout-flex wp-container-core-columns-is-layout-28f84493 wp-block-columns-is-layout-flex\">\n<div class=\"wp-block-column is-layout-flow wp-block-column-is-layout-flow\" style=\"flex-basis:33.33%\">\n<div class=\"wp-block-image\"><figure class=\"aligncenter size-full is-resized\"><img loading=\"lazy\" decoding=\"async\" src=\"https:\/\/bpwyszkow.pl\/wp-content\/uploads\/sites\/41\/2022\/01\/1.jpg\" alt=\"\" class=\"wp-image-18330\" width=\"73\" height=\"761\"\/><\/figure><\/div>\n\n\n\n<div style=\"height:12px\" aria-hidden=\"true\" class=\"wp-block-spacer\"><\/div>\n\n\n\n<div class=\"wp-block-image\"><figure class=\"aligncenter size-full\"><img loading=\"lazy\" decoding=\"async\" width=\"66\" height=\"196\" src=\"https:\/\/bpwyszkow.pl\/wp-content\/uploads\/sites\/41\/2022\/01\/2-2.jpg\" alt=\"\" class=\"wp-image-19977\" srcset=\"https:\/\/bpwyszkow.pl\/wp-content\/uploads\/sites\/41\/2022\/01\/2-2.jpg 66w, https:\/\/bpwyszkow.pl\/wp-content\/uploads\/sites\/41\/2022\/01\/2-2-8x24.jpg 8w, https:\/\/bpwyszkow.pl\/wp-content\/uploads\/sites\/41\/2022\/01\/2-2-12x36.jpg 12w, https:\/\/bpwyszkow.pl\/wp-content\/uploads\/sites\/41\/2022\/01\/2-2-16x48.jpg 16w\" sizes=\"auto, (max-width: 66px) 100vw, 66px\" \/><\/figure><\/div>\n<\/div>\n\n\n\n<div class=\"wp-block-column is-layout-flow wp-block-column-is-layout-flow\" style=\"flex-basis:66.66%\">\n<p>Do\u015bwiadczanie zmian w teorii i praktyce pedagogicznej \/ red. nauk. Joanna Skibska i Justyna Wojciechowska. \u2013 Warszawa : Wydawnictwo Akademickie \u017bak, cop. 2015.&nbsp;<strong>W 77203<\/strong><\/p>\n\n\n\n<p>Edukacja matematyczna a cywilizacja cyfrowa : podmioty kszta\u0142cenia wobec wyzwa\u0144 technologii informacyjnych \/ Joanna Kandzia. \u2013 Warszawa : Wydawnictwo Uniwersytetu Kardyna\u0142a Stefana Wyszy\u0144skiego, 2016.\u00a0<strong>W 77010<\/strong><\/p>\n\n\n\n<p>Kompetencje informacyjne uczni\u00f3w w perspektywie zmian szkolnego \u015brodowiska uczenia si\u0119 \/ Katarzyna Borawska-Kalbarczyk. \u2013 Warszawa : Wydawnictwo Akademickie \u017bak, 2015.\u00a0<strong>W 72533<\/strong><\/p>\n\n\n\n<p>Multimedialne wspomaganie kszta\u0142cenia matematycznego \/ Anna Rybak. \u2013 Opole: Wydawnictwo Nowik, 2016.\u00a0<strong>W 75055<\/strong><\/p>\n\n\n\n<div style=\"height:20px\" aria-hidden=\"true\" class=\"wp-block-spacer\"><\/div>\n\n\n\n<p>Nowe technologie informacyjne w edukacji : niekoniecznie \u201ecyfrowa demencja\u201d \/ Joanna Adamkiewicz. \u2013 Toru\u0144 : Wydawnictwo Adam Marsza\u0142ek, 2015.\u00a0<strong>W 75929<\/strong><\/p>\n\n\n\n<div style=\"height:20px\" aria-hidden=\"true\" class=\"wp-block-spacer\"><\/div>\n\n\n\n<p>Przyroda w szkole ponadgimnazjalnej : poradnik metodyczny \/ Jolanta Golanko, Gra\u017cyna Skirmuntt, Urszula Poziomek. \u2013 Warszawa : O\u015brodek Rozwoju Edukacji, [2015?].\u00a0<strong>W 75028<\/strong><\/p>\n\n\n\n<p>Technologie informacyjno-komunikacyjne na lekcjach : przyk\u0142adowe konspekty i polecane praktyki \/ Ma\u0142gorzata Ostrowska, Danuta Sterna. \u2013 Warszawa : Centrum Edukacji Obywatelskiej, 2015<strong>. W 75012, P 75013<\/strong><\/p>\n\n\n\n<p>W dzik\u0105 stron\u0119 : rozmowy o edukacji w przyrodzie \/ [red. Agnieszka Gaszy\u0144ska, Gosia \u015awiderek]. \u2013 \u0141\u00f3d\u017a : O\u015brodek Dzia\u0142a\u0144 Ekologicznych \u201e\u0179r\u00f3d\u0142a\u201d, 2016.\u00a0<strong>W 76147<\/strong><\/p>\n\n\n\n<p>Wybrane obszary edukacji matematycznej dzieci : poradnik dla nauczycieli klas I-III \/ Agnieszka Nowak-\u0141ojewska, (oprac. graficzne zada\u0144 Joanna \u0141ojewska). \u2013 Warszawa : O\u015brodek Rozwoju Edukacji, [2015?].&nbsp;<strong>W 75034<\/strong><\/p>\n<\/div>\n<\/div>\n","protected":false},"excerpt":{"rendered":"<p>Do\u015bwiadczanie zmian w teorii i praktyce pedagogicznej \/ red. nauk. Joanna Skibska i Justyna Wojciechowska. \u2013 Warszawa : Wydawnictwo Akademickie [&hellip;]<\/p>\n","protected":false},"author":205,"featured_media":0,"parent":0,"menu_order":0,"comment_status":"closed","ping_status":"closed","template":"","meta":{"_acf_changed":false,"_oasis_is_in_workflow":0,"_oasis_original":0,"inline_featured_image":false,"site-sidebar-layout":"default","site-content-layout":"","ast-site-content-layout":"default","site-content-style":"default","site-sidebar-style":"default","ast-global-header-display":"","ast-banner-title-visibility":"","ast-main-header-display":"","ast-hfb-above-header-display":"","ast-hfb-below-header-display":"","ast-hfb-mobile-header-display":"","site-post-title":"","ast-breadcrumbs-content":"","ast-featured-img":"","footer-sml-layout":"","ast-disable-related-posts":"","theme-transparent-header-meta":"","adv-header-id-meta":"","stick-header-meta":"","header-above-stick-meta":"","header-main-stick-meta":"","header-below-stick-meta":"","astra-migrate-meta-layouts":"default","ast-page-background-enabled":"default","ast-page-background-meta":{"desktop":{"background-color":"","background-image":"","background-repeat":"repeat","background-position":"center center","background-size":"auto","background-attachment":"scroll","background-type":"","background-media":"","overlay-type":"","overlay-color":"","overlay-opacity":"","overlay-gradient":""},"tablet":{"background-color":"","background-image":"","background-repeat":"repeat","background-position":"center center","background-size":"auto","background-attachment":"scroll","background-type":"","background-media":"","overlay-type":"","overlay-color":"","overlay-opacity":"","overlay-gradient":""},"mobile":{"background-color":"","background-image":"","background-repeat":"repeat","background-position":"center center","background-size":"auto","background-attachment":"scroll","background-type":"","background-media":"","overlay-type":"","overlay-color":"","overlay-opacity":"","overlay-gradient":""}},"ast-content-background-meta":{"desktop":{"background-color":"var(--ast-global-color-5)","background-image":"","background-repeat":"repeat","background-position":"center center","background-size":"auto","background-attachment":"scroll","background-type":"","background-media":"","overlay-type":"","overlay-color":"","overlay-opacity":"","overlay-gradient":""},"tablet":{"background-color":"var(--ast-global-color-5)","background-image":"","background-repeat":"repeat","background-position":"center center","background-size":"auto","background-attachment":"scroll","background-type":"","background-media":"","overlay-type":"","overlay-color":"","overlay-opacity":"","overlay-gradient":""},"mobile":{"background-color":"var(--ast-global-color-5)","background-image":"","background-repeat":"repeat","background-position":"center center","background-size":"auto","background-attachment":"scroll","background-type":"","background-media":"","overlay-type":"","overlay-color":"","overlay-opacity":"","overlay-gradient":""}},"_themeisle_gutenberg_block_has_review":false,"footnotes":""},"class_list":["post-21193","page","type-page","status-publish","hentry"],"acf":[],"featured_image_urls_v2":{"full":"","thumbnail":"","medium":"","medium_large":"","large":"","1536x1536":"","2048x2048":"","menu-24x24":"","menu-36x36":"","menu-48x48":""},"post_excerpt_stackable_v2":"<p>Do\u015bwiadczanie zmian w teorii i praktyce pedagogicznej \/ red. nauk. Joanna Skibska i Justyna Wojciechowska. \u2013 Warszawa : Wydawnictwo Akademickie \u017bak, cop. 2015.&nbsp;W 77203 Edukacja matematyczna a cywilizacja cyfrowa : podmioty kszta\u0142cenia wobec wyzwa\u0144 technologii informacyjnych \/ Joanna Kandzia. \u2013 Warszawa : Wydawnictwo Uniwersytetu Kardyna\u0142a Stefana Wyszy\u0144skiego, 2016.\u00a0W 77010 Kompetencje informacyjne uczni\u00f3w w perspektywie zmian szkolnego \u015brodowiska uczenia si\u0119 \/ Katarzyna Borawska-Kalbarczyk. \u2013 Warszawa : Wydawnictwo Akademickie \u017bak, 2015.\u00a0W 72533 Multimedialne wspomaganie kszta\u0142cenia matematycznego \/ Anna Rybak. \u2013 Opole: Wydawnictwo Nowik, 2016.\u00a0W 75055 Nowe technologie informacyjne w edukacji : niekoniecznie \u201ecyfrowa demencja\u201d \/ Joanna Adamkiewicz. \u2013 Toru\u0144 : Wydawnictwo Adam&hellip;<\/p>\n","category_list_v2":"","author_info_v2":{"name":"c2FicmFtZWs=","url":"https:\/\/bpwyszkow.pl\/ru\/author\/c2ficmftzws-2\/"},"comments_num_v2":"0 \u043a\u043e\u043c\u043c\u0435\u043d\u0442\u0430\u0440\u0438\u0435\u0432","_links":{"self":[{"href":"https:\/\/bpwyszkow.pl\/ru\/wp-json\/wp\/v2\/pages\/21193","targetHints":{"allow":["GET"]}}],"collection":[{"href":"https:\/\/bpwyszkow.pl\/ru\/wp-json\/wp\/v2\/pages"}],"about":[{"href":"https:\/\/bpwyszkow.pl\/ru\/wp-json\/wp\/v2\/types\/page"}],"author":[{"embeddable":true,"href":"https:\/\/bpwyszkow.pl\/ru\/wp-json\/wp\/v2\/users\/205"}],"replies":[{"embeddable":true,"href":"https:\/\/bpwyszkow.pl\/ru\/wp-json\/wp\/v2\/comments?post=21193"}],"version-history":[{"count":0,"href":"https:\/\/bpwyszkow.pl\/ru\/wp-json\/wp\/v2\/pages\/21193\/revisions"}],"wp:attachment":[{"href":"https:\/\/bpwyszkow.pl\/ru\/wp-json\/wp\/v2\/media?parent=21193"}],"curies":[{"name":"wp","href":"https:\/\/api.w.org\/{rel}","templated":true}]}}