{"id":21165,"date":"2015-11-25T15:10:10","date_gmt":"2015-11-25T14:10:10","guid":{"rendered":"https:\/\/bpwyszkow.pl\/kadra-sprzed-lat\/"},"modified":"2015-11-25T15:10:10","modified_gmt":"2015-11-25T14:10:10","slug":"kadra-sprzed-lat","status":"publish","type":"page","link":"https:\/\/bpwyszkow.pl\/ru\/kadra-sprzed-lat\/","title":{"rendered":"Kadra sprzed lat"},"content":{"rendered":"<table border=\"0\" width=\"100%\">\n<tbody>\n<tr>\n<td width=\"30%\"><strong>Nazwisko i imi\u0119<\/strong><\/td>\n<td><strong>w latach<\/strong><\/td>\n<\/tr>\n<tr>\n<td>Buci\u0144ska Krystyna<\/p>\n<p>Ciborowska (Kruczyk) El\u017abieta<\/p>\n<p>Cichocka (Romanik) Ma\u0142gorzata<\/p>\n<p>\u0106wintal Krystyna<\/p>\n<p>Drabicka Jolanta<\/p>\n<p>Florczyk Anna<\/p>\n<p>Gromek Danuta<\/p>\n<p>Grosfeld Ewa<\/p>\n<p>Kalinowska Janina<\/p>\n<p>Kisiel Roman<\/p>\n<p>Kolebacz Bogdan<\/p>\n<p>Ko\u0142akowska W\u0142adys\u0142awa<\/p>\n<p>Kruczyk Maria<\/p>\n<p>Lubecka Ma\u0142gorzata<\/p>\n<p>\u0141ata Danuta<\/p>\n<p>Marci\u0144czyk Renata<\/p>\n<p>Markowska Jadwiga<\/p>\n<p>Morawska Katarzyna<\/p>\n<p>Nakielska El\u017cbieta<\/p>\n<p>Nakielska Ewa<\/p>\n<p>Olszewska Eugenia<\/p>\n<p>Podle\u015b Jadwiga<\/p>\n<p>Pokornicka Alina<\/p>\n<p>Witczak Hanna<\/p>\n<p>Za\u0142uska Barbara<\/p>\n<p>Za\u0142uska Wanda<\/p>\n<p>\u017bebrowska El\u017cbieta<\/p>\n<p>\u017bebrowska Helena<\/td>\n<td>1982 &#8212; 1986<\/p>\n<p>1983 &#8212; 1986<\/p>\n<p>1988 &#8212; 1997<\/p>\n<p>1982 &#8212; 1983<\/p>\n<p>1985 &#8212; 1993<\/p>\n<p>1987 &#8212; 1991<\/p>\n<p>1977 &#8212; 1980, 82 &#8212; 83<\/p>\n<p>1991 &#8212; 2000<\/p>\n<p>1960 &#8212; 1971<\/p>\n<p>1984 &#8212; 1990<\/p>\n<p>1994 &#8212; 1999<\/p>\n<p>1979 &#8212; 1982<\/p>\n<p>1969 &#8212; 1987<\/p>\n<p>1997 &#8212; 1998<\/p>\n<p>1991 &#8212; 2012<\/p>\n<p>2005<\/p>\n<p>1977 &#8212; 1991<\/p>\n<p>2004 &#8212; 2005<\/p>\n<p>2002 &#8212; 2003<\/p>\n<p>2005<\/p>\n<p>1951 &#8212; 1960<\/p>\n<p>1976 &#8212; 1991<\/p>\n<p>1989 &#8212; 1990<\/p>\n<p>1989 &#8212; 2004<\/p>\n<p>1975 &#8212; 1981<\/p>\n<p>1975 &#8212; 1981<\/p>\n<p>1975 &#8212; 1984<\/p>\n<p>1971 &#8212; 1976<\/td>\n<\/tr>\n<\/tbody>\n<\/table>\n<table border=\"0\" width=\"100%\">\n<tbody>\n<tr>\n<td colspan=\"2\"><strong>Pracownicy zatrudnieni w niepe\u0142nym wymiarze:<\/strong><\/td>\n<\/tr>\n<tr>\n<td width=\"30%\">Boguszewska Janina<\/p>\n<p>Markowska Beata<\/p>\n<p>Na\u0142\u0119cz Irena<\/p>\n<p>Szuli\u0144ska Ma\u0142gorzata<\/p>\n<p>Tyszko Zbigniew<\/p>\n<p>Wojtalewska Anita<\/td>\n<td>1987<\/p>\n<p>1986-1987<\/p>\n<p>1987<\/p>\n<p>2006-2007<\/p>\n<p>1983<\/p>\n<p>1984 &#8212; 1987<\/td>\n<\/tr>\n<\/tbody>\n<\/table>\n<p><strong>PRACOWNICY ADMINISTRACYJNI<\/strong><\/p>\n<table border=\"0\" width=\"100%\">\n<tbody>\n<tr>\n<td width=\"30%\"><strong>Nazwisko i imi\u0119<\/strong><\/td>\n<td><strong>w latach<\/strong><\/td>\n<td><strong>funkcja<\/strong><\/td>\n<\/tr>\n<tr>\n<td>Augustyniak Andrzej<\/p>\n<p>Biedro\u0144 El\u017cbieta<\/p>\n<p>Bloch Marek<\/p>\n<p>Chmielewska El\u017cbieta<\/p>\n<p>Dzieko\u0144ska Anastazja<\/p>\n<p>Godlewska Maria<\/p>\n<p>Iglik El\u017cbieta<\/p>\n<p>Kamedulski Jerzy<\/p>\n<p>Kruczyk Arkadiusz<\/p>\n<p>Kube\u0142 Mariusz<\/p>\n<p>Ma\u017cewska Irena<\/p>\n<p>Olszewski Andrzej<\/p>\n<p>Ostrowska Danuta<\/p>\n<p>Parzych Adam<\/p>\n<p>Parzych Halina<\/p>\n<p>Paw\u0142owska Krystyna<\/p>\n<p>P\u0105tak Daniela<\/p>\n<p>Pi\u0105tak Stefan<\/p>\n<p>Piersa Andrzej<\/p>\n<p>Tyszka Andrzej<\/p>\n<p>Tyszka Ciskowska Dorota<\/td>\n<td width=\"25%\">1990 &#8212; 1994<\/p>\n<p>2005 &#8212; 2011<\/p>\n<p>1984 &#8212; 1986, 87 &#8212; 1995<\/p>\n<p>1982 &#8212; 1983<\/p>\n<p>2005 &#8212; 2011<\/p>\n<p>1990 &#8212; 2007<\/p>\n<p>1978 &#8212; 1980<\/p>\n<p>1980 &#8212; 1982<\/p>\n<p>1986 &#8212; 1987<\/p>\n<p>1989 &#8212; 1990<\/p>\n<p>1977 &#8212; 1978<\/p>\n<p>1976 &#8212; 1977<\/p>\n<p>1980 &#8212; 1982<\/p>\n<p>2001 &#8212; 2003<\/p>\n<p>1976 &#8212; 1977<\/p>\n<p>1975<\/p>\n<p>1982 &#8212; 1995<\/p>\n<p>1983 &#8212; 1984<\/p>\n<p>1977 &#8212; 1980<\/p>\n<p>1986 &#8212; 1987<\/p>\n<p>1987 &#8212; 2003<\/td>\n<td>obs\u0142uga kserokopiarki<\/p>\n<p>g\u0142\u00f3wny ksi\u0119gowy<\/p>\n<p>kierowca<\/p>\n<p>sprz\u0105taczka, referent administracyjny<\/p>\n<p>sprz\u0105taczka<\/p>\n<p>pracownik administracyjny<\/p>\n<p>sprz\u0105taczka<\/p>\n<p>kierowca<\/p>\n<p>referent administracyjny<\/p>\n<p>obs\u0142uga kserokopiarki<\/p>\n<p>sprz\u0105taczka<\/p>\n<p>kierowca<\/p>\n<p>sprz\u0105taczka<\/p>\n<p>administrator sieci komputerowej<\/p>\n<p>sprzataczka<\/p>\n<p>sprzataczka<\/p>\n<p>sprzataczka<\/p>\n<p>kierowca<\/p>\n<p>kierowca<\/p>\n<p>kierowca<\/p>\n<p>referent administracyjny<\/td>\n<\/tr>\n<\/tbody>\n<\/table>\n","protected":false},"excerpt":{"rendered":"<p>Nazwisko i imi\u0119 w latach Buci\u0144ska Krystyna Ciborowska (Kruczyk) El\u017abieta Cichocka (Romanik) Ma\u0142gorzata \u0106wintal Krystyna Drabicka Jolanta Florczyk Anna Gromek [&hellip;]<\/p>\n","protected":false},"author":214,"featured_media":0,"parent":0,"menu_order":0,"comment_status":"closed","ping_status":"closed","template":"","meta":{"_acf_changed":false,"_oasis_is_in_workflow":0,"_oasis_original":0,"inline_featured_image":false,"site-sidebar-layout":"default","site-content-layout":"","ast-site-content-layout":"default","site-content-style":"default","site-sidebar-style":"default","ast-global-header-display":"","ast-banner-title-visibility":"","ast-main-header-display":"","ast-hfb-above-header-display":"","ast-hfb-below-header-display":"","ast-hfb-mobile-header-display":"","site-post-title":"","ast-breadcrumbs-content":"","ast-featured-img":"","footer-sml-layout":"","ast-disable-related-posts":"","theme-transparent-header-meta":"","adv-header-id-meta":"","stick-header-meta":"","header-above-stick-meta":"","header-main-stick-meta":"","header-below-stick-meta":"","astra-migrate-meta-layouts":"default","ast-page-background-enabled":"default","ast-page-background-meta":{"desktop":{"background-color":"","background-image":"","background-repeat":"repeat","background-position":"center center","background-size":"auto","background-attachment":"scroll","background-type":"","background-media":"","overlay-type":"","overlay-color":"","overlay-opacity":"","overlay-gradient":""},"tablet":{"background-color":"","background-image":"","background-repeat":"repeat","background-position":"center center","background-size":"auto","background-attachment":"scroll","background-type":"","background-media":"","overlay-type":"","overlay-color":"","overlay-opacity":"","overlay-gradient":""},"mobile":{"background-color":"","background-image":"","background-repeat":"repeat","background-position":"center center","background-size":"auto","background-attachment":"scroll","background-type":"","background-media":"","overlay-type":"","overlay-color":"","overlay-opacity":"","overlay-gradient":""}},"ast-content-background-meta":{"desktop":{"background-color":"var(--ast-global-color-5)","background-image":"","background-repeat":"repeat","background-position":"center center","background-size":"auto","background-attachment":"scroll","background-type":"","background-media":"","overlay-type":"","overlay-color":"","overlay-opacity":"","overlay-gradient":""},"tablet":{"background-color":"var(--ast-global-color-5)","background-image":"","background-repeat":"repeat","background-position":"center center","background-size":"auto","background-attachment":"scroll","background-type":"","background-media":"","overlay-type":"","overlay-color":"","overlay-opacity":"","overlay-gradient":""},"mobile":{"background-color":"var(--ast-global-color-5)","background-image":"","background-repeat":"repeat","background-position":"center center","background-size":"auto","background-attachment":"scroll","background-type":"","background-media":"","overlay-type":"","overlay-color":"","overlay-opacity":"","overlay-gradient":""}},"_themeisle_gutenberg_block_has_review":false,"footnotes":""},"class_list":["post-21165","page","type-page","status-publish","hentry"],"acf":[],"featured_image_urls_v2":{"full":"","thumbnail":"","medium":"","medium_large":"","large":"","1536x1536":"","2048x2048":"","menu-24x24":"","menu-36x36":"","menu-48x48":""},"post_excerpt_stackable_v2":"<p>Nazwisko i imi\u0119 w latach Buci\u0144ska Krystyna Ciborowska (Kruczyk) El\u017abieta Cichocka (Romanik) Ma\u0142gorzata \u0106wintal Krystyna Drabicka Jolanta Florczyk Anna Gromek Danuta Grosfeld Ewa Kalinowska Janina Kisiel Roman Kolebacz Bogdan Ko\u0142akowska W\u0142adys\u0142awa Kruczyk Maria Lubecka Ma\u0142gorzata \u0141ata Danuta Marci\u0144czyk Renata Markowska Jadwiga Morawska Katarzyna Nakielska El\u017cbieta Nakielska Ewa Olszewska Eugenia Podle\u015b Jadwiga Pokornicka Alina Witczak Hanna Za\u0142uska Barbara Za\u0142uska Wanda \u017bebrowska El\u017cbieta \u017bebrowska Helena 1982 &#8212; 1986 1983 &#8212; 1986 1988 &#8212; 1997 1982 &#8212; 1983 1985 &#8212; 1993 1987 &#8212; 1991 1977 &#8212; 1980, 82 &#8212; 83 1991 &#8212; 2000 1960 &#8212; 1971 1984 &#8212; 1990 1994 &#8212; 1999 1979&hellip;<\/p>\n","category_list_v2":"","author_info_v2":{"name":"","url":"https:\/\/bpwyszkow.pl\/ru\/author\/"},"comments_num_v2":"0 \u043a\u043e\u043c\u043c\u0435\u043d\u0442\u0430\u0440\u0438\u0435\u0432","_links":{"self":[{"href":"https:\/\/bpwyszkow.pl\/ru\/wp-json\/wp\/v2\/pages\/21165","targetHints":{"allow":["GET"]}}],"collection":[{"href":"https:\/\/bpwyszkow.pl\/ru\/wp-json\/wp\/v2\/pages"}],"about":[{"href":"https:\/\/bpwyszkow.pl\/ru\/wp-json\/wp\/v2\/types\/page"}],"author":[{"embeddable":true,"href":"https:\/\/bpwyszkow.pl\/ru\/wp-json\/wp\/v2\/users\/214"}],"replies":[{"embeddable":true,"href":"https:\/\/bpwyszkow.pl\/ru\/wp-json\/wp\/v2\/comments?post=21165"}],"version-history":[{"count":0,"href":"https:\/\/bpwyszkow.pl\/ru\/wp-json\/wp\/v2\/pages\/21165\/revisions"}],"wp:attachment":[{"href":"https:\/\/bpwyszkow.pl\/ru\/wp-json\/wp\/v2\/media?parent=21165"}],"curies":[{"name":"wp","href":"https:\/\/api.w.org\/{rel}","templated":true}]}}