{"id":1334,"date":"2021-11-14T16:56:07","date_gmt":"2021-11-14T15:56:07","guid":{"rendered":"https:\/\/bpwyszkow.pl\/przegladanie-zgloszen\/"},"modified":"2021-11-14T16:56:07","modified_gmt":"2021-11-14T15:56:07","slug":"przegladanie-zgloszen","status":"publish","type":"page","link":"https:\/\/bpwyszkow.pl\/ru\/przegladanie-zgloszen\/","title":{"rendered":"Przegl\u0105danie zg\u0142osze\u0144"},"content":{"rendered":"<div\nclass=\"ipt_fsqm_user_portal ipt_uif_front ipt_uif_common eform-override-element-boxy\" data-ui-theme=\"[&quot;https:\\\/\\\/bpwyszkow.pl\\\/wp-content\\\/plugins\\\/wp-fsqm-pro\\\/static\\\/front\\\/css\\\/material-themes\\\/light-themes\\\/teal.css?ver=4.17.0&quot;]\" data-ui-theme-id=\"material-default\" data-settings=\"{&quot;nosubmission&quot;:&quot;Nie ma jeszcze zg\\u0142osze\\u0144.&quot;,&quot;login&quot;:&quot;Musisz si\\u0119 zalogowa\\u0107, aby m\\u00f3c przegl\\u0105da\\u0107 swoje zg\\u0142oszenia.&quot;,&quot;show_register&quot;:&quot;1&quot;,&quot;show_forgot&quot;:&quot;1&quot;,&quot;formlabel&quot;:&quot;Formularz&quot;,&quot;showcategory&quot;:&quot;0&quot;,&quot;categorylabel&quot;:&quot;Kategoria&quot;,&quot;datelabel&quot;:&quot;Data&quot;,&quot;showscore&quot;:&quot;1&quot;,&quot;scorelabel&quot;:&quot;Wynik&quot;,&quot;mscorelabel&quot;:&quot;Max&quot;,&quot;pscorelabel&quot;:&quot;%-wiek&quot;,&quot;showremarks&quot;:&quot;0&quot;,&quot;remarkslabel&quot;:&quot;Uwagi&quot;,&quot;linklabel&quot;:&quot;Zobacz&quot;,&quot;actionlabel&quot;:&quot;Akcja&quot;,&quot;editlabel&quot;:&quot;Edytuj&quot;,&quot;avatar&quot;:&quot;96&quot;,&quot;theme&quot;:&quot;material-default&quot;,&quot;filters&quot;:&quot;1&quot;,&quot;title&quot;:&quot;portal u\\u017cytkownika eForm&quot;,&quot;logout_r&quot;:&quot;&quot;}\" data-nonce=\"671bbd03f7\" data-ajaxurl=\"https:\/\/bpwyszkow.pl\/wp-admin\/admin-ajax.php\">\n<noscript><div\nclass=\"ipt_fsqm_form_message_noscript ui-widget ui-widget-content ui-corner-all\"><div\nclass=\"ui-helper-reset ui-helper-clearfix ui-widget-header ui-corner-all\"><h3>Javascript is disabled<\/h3><\/div><div\nclass=\"ui-widget-content ui-corner-bottom\"><p>Javascript is disabled on your browser. Please enable it in order to use this form.<\/p><\/div><\/div>\n<\/noscript><style type=\"text\/css\">.ipt_uif_ajax_loader,\n\t\t\t.ipt_uif_ajax_loader *,\n\t\t\tipt_uif_ajax_loader *::before,\n\t\t\tipt_uif_ajax_loader *::after {\n\t\t\t\tbox-sizing: border-box;\n\t\t\t}<\/style><div\nclass=\"ipt_uif_init_loader ipt-eform-preloader-inline ipt_uif_ajax_loader\"><div\nclass=\"ipt-eform-preloader-inner\"><div\nclass=\"ipt-eform-preloader-circle\"><div\nclass=\"preloader-wrapper active\"><div\nclass=\"spinner-layer spinner-blue\"><div\nclass=\"circle-clipper left\"><div\nclass=\"circle\"><\/div><\/div><div\nclass=\"gap-patch\"><div\nclass=\"circle\"><\/div><\/div><div\nclass=\"circle-clipper right\"><div\nclass=\"circle\"><\/div><\/div><\/div><div\nclass=\"spinner-layer spinner-red\"><div\nclass=\"circle-clipper left\"><div\nclass=\"circle\"><\/div><\/div><div\nclass=\"gap-patch\"><div\nclass=\"circle\"><\/div><\/div><div\nclass=\"circle-clipper right\"><div\nclass=\"circle\"><\/div><\/div><\/div><div\nclass=\"spinner-layer spinner-yellow\"><div\nclass=\"circle-clipper left\"><div\nclass=\"circle\"><\/div><\/div><div\nclass=\"gap-patch\"><div\nclass=\"circle\"><\/div><\/div><div\nclass=\"circle-clipper right\"><div\nclass=\"circle\"><\/div><\/div><\/div><div\nclass=\"spinner-layer spinner-green\"><div\nclass=\"circle-clipper left\"><div\nclass=\"circle\"><\/div><\/div><div\nclass=\"gap-patch\"><div\nclass=\"circle\"><\/div><\/div><div\nclass=\"circle-clipper right\"><div\nclass=\"circle\"><\/div><\/div><\/div><\/div><\/div><div\nclass=\"ipt-eform-preloader-text\"><div\nclass=\"ipt-eform-preloader-text-inner ipt_uif_ajax_loader_text\">Loading<\/div><\/div><div\nclass=\"clear\"><\/div><\/div><\/div><div\nstyle=\"opacity: 0;max-width: 600px; margin: 0 auto 1em;\" class=\"ipt_uif_hidden_init ui-widget-content ui-corner-all ipt_uif_up_main_container\"><h3 class=\"eform-up-login-header ipt_uif_divider ipt_uif_align_left\">\n<span\nclass=\"ipt_uif_divider_text\">\n<i\ntitle=\"\" class=\" ipticm prefix\" data-ipt-icomoon=\"&#xe10f;\"><\/i>\n<span\nclass=\"ipt_uif_divider_text_inner\">\nMusisz si\u0119 zalogowa\u0107, aby m\u00f3c przegl\u0105da\u0107 swoje zg\u0142oszenia.\t\t\t\t<\/span>\n<\/span><\/h3><form\naction=\"https:\/\/bpwyszkow.pl\/ru\/bpm-logowanie\/\" name=\"ipt_fsqm_up_login\" id=\"ipt_fsqm_up_login\" method=\"post\"><div\nid=\"wcag_button_open_menu--container\" class=\"wcag_button_fixed_icon wcag_button_fixed_icon--hidden wcag--plugin\">\n<button\nid=\"wcag_button_open_menu\" data-bs-wcag-menu-toggle style=\"\" class=\"wcag_button_fixed wcag_button_fixed wcag--plugin\" aria-expanded='false' title=\"\u041e\u0442\u043a\u0440\u044b\u0442\u044c \u043c\u0435\u043d\u044e \u0438\u043d\u0441\u0442\u0440\u0443\u043c\u0435\u043d\u0442\u043e\u0432 \u0441\u043f\u0435\u0446\u0438\u0430\u043b\u044c\u043d\u044b\u0445 \u0432\u043e\u0437\u043c\u043e\u0436\u043d\u043e\u0441\u0442\u0435\u0439\"><div\nclass=\"bs_wcag_shortcode_button_wcag-icon\" style=\"pointer-events: none;\"><\/div>            <\/button><\/div><template\nid=\"bona-wcag-translations\"><div\nid=\"translation-contrast\">\n<span\ndata-stage=\"0\">\u0412\u043a\u043b\u044e\u0447\u0438\u0442\u0435 \u043a\u043e\u043d\u0442\u0440\u0430\u0441\u0442<\/span>\n<span\ndata-stage=\"1\">\u0418\u0441\u043f\u043e\u043b\u044c\u0437\u0443\u0439\u0442\u0435 \u0432\u044b\u0441\u043e\u043a\u0438\u0439 \u043a\u043e\u043d\u0442\u0440\u0430\u0441\u0442<\/span>\n<span\ndata-stage=\"2\">\u0412\u044b\u043a\u043b\u044e\u0447\u0438\u0442\u044c \u043a\u043e\u043d\u0442\u0440\u0430\u0441\u0442<\/span><\/div><div\nid=\"translation-highlight\">\n<span\ndata-stage=\"0\">\u0412\u043a\u043b\u044e\u0447\u0438\u0442\u044c \u043f\u043e\u0434\u0441\u0432\u0435\u0442\u043a\u0443 \u0441\u0441\u044b\u043b\u043e\u043a<\/span>\n<span\ndata-stage=\"1\">\u041e\u0442\u043a\u043b\u044e\u0447\u0438\u0442\u044c \u043f\u043e\u0434\u0441\u0432\u0435\u0442\u043a\u0443 \u0441\u0441\u044b\u043b\u043e\u043a<\/span><\/div><div\nid=\"translation-decrease_text_size\">\n<span\ndata-stage=\"0\">\u0423\u043c\u0435\u043d\u044c\u0448\u0438\u0442\u044c \u0440\u0430\u0437\u043c\u0435\u0440 \u0448\u0440\u0438\u0444\u0442\u0430<\/span>\n<span\ndata-stage=\"1\">\u0423\u043c\u0435\u043d\u044c\u0448\u0438\u0442\u0435 \u0440\u0430\u0437\u043c\u0435\u0440 \u0448\u0440\u0438\u0444\u0442\u0430. \u0420\u0430\u0437\u043c\u0435\u0440:<\/span><\/div><div\nid=\"translation-increase_text_size\">\n<span\ndata-stage=\"0\">\u0423\u0432\u0435\u043b\u0438\u0447\u044c\u0442\u0435 \u0440\u0430\u0437\u043c\u0435\u0440 \u0448\u0440\u0438\u0444\u0442\u0430<\/span>\n<span\ndata-stage=\"1\">\u0423\u0432\u0435\u043b\u0438\u0447\u044c\u0442\u0435 \u0440\u0430\u0437\u043c\u0435\u0440 \u0448\u0440\u0438\u0444\u0442\u0430. \u0420\u0430\u0437\u043c\u0435\u0440:<\/span><\/div><div\nid=\"translation-letter_spacing\">\n<span\ndata-stage=\"0\">\u0423\u0432\u0435\u043b\u0438\u0447\u0438\u0442\u044c \u043c\u0435\u0436\u0431\u0443\u043a\u0432\u0435\u043d\u043d\u044b\u0439 \u0438\u043d\u0442\u0435\u0440\u0432\u0430\u043b<\/span>\n<span\ndata-stage=\"1\">\u0418\u0441\u043f\u043e\u043b\u044c\u0437\u0443\u0439\u0442\u0435 \u0431\u043e\u043b\u044c\u0448\u0438\u0439 \u0438\u043d\u0442\u0435\u0440\u0432\u0430\u043b<\/span>\n<span\ndata-stage=\"2\">\u0418\u0441\u043f\u043e\u043b\u044c\u0437\u043e\u0432\u0430\u0442\u044c \u0438\u043d\u0442\u0435\u0440\u0432\u0430\u043b \u043f\u043e \u0443\u043c\u043e\u043b\u0447\u0430\u043d\u0438\u044e<\/span><\/div><div\nid=\"translation-disable_animations\">\n<span\ndata-stage=\"0\">\u0412\u044b\u043a\u043b\u044e\u0447\u0438\u0442\u044c \u0430\u043d\u0438\u043c\u0430\u0446\u0438\u044e<\/span>\n<span\ndata-stage=\"1\">\u0412\u043a\u043b\u044e\u0447\u0438\u0442\u044c \u0430\u043d\u0438\u043c\u0430\u0446\u0438\u044e<\/span><\/div><div\nid=\"translation-dyslexia_fonts\">\n<span\ndata-stage=\"0\">\u0418\u0441\u043f\u043e\u043b\u044c\u0437\u0443\u0439\u0442\u0435 \u0448\u0440\u0438\u0444\u0442\u044b, \u0443\u0434\u043e\u0431\u043d\u044b\u0435 \u0434\u043b\u044f \u043b\u044e\u0434\u0435\u0439 \u0441 \u0434\u0438\u0441\u043b\u0435\u043a\u0441\u0438\u0435\u0439 (\u0432\u0430\u0440\u0438\u0430\u043d\u0442 1)<\/span>\n<span\ndata-stage=\"1\">\u0418\u0441\u043f\u043e\u043b\u044c\u0437\u0443\u0439\u0442\u0435 \u0448\u0440\u0438\u0444\u0442\u044b, \u0443\u0434\u043e\u0431\u043d\u044b\u0435 \u0434\u043b\u044f \u043b\u044e\u0434\u0435\u0439 \u0441 \u0434\u0438\u0441\u043b\u0435\u043a\u0441\u0438\u0435\u0439 (\u0432\u0430\u0440\u0438\u0430\u043d\u0442 2)<\/span>\n<span\ndata-stage=\"2\">\u0418\u0441\u043f\u043e\u043b\u044c\u0437\u0443\u0439\u0442\u0435 \u0448\u0440\u0438\u0444\u0442\u044b, \u0443\u0434\u043e\u0431\u043d\u044b\u0435 \u0434\u043b\u044f \u043b\u044e\u0434\u0435\u0439 \u0441 \u0434\u0438\u0441\u043b\u0435\u043a\u0441\u0438\u0435\u0439 (\u0432\u0430\u0440\u0438\u0430\u043d\u0442 3)<\/span>\n<span\ndata-stage=\"3\">\u0418\u0441\u043f\u043e\u043b\u044c\u0437\u043e\u0432\u0430\u0442\u044c \u0448\u0440\u0438\u0444\u0442\u044b \u043f\u043e \u0443\u043c\u043e\u043b\u0447\u0430\u043d\u0438\u044e<\/span><\/div><div\nid=\"translation-enlarge_cursor\">\n<span\ndata-stage=\"0\">\u0418\u0441\u043f\u043e\u043b\u044c\u0437\u043e\u0432\u0430\u0442\u044c \u0443\u0432\u0435\u043b\u0438\u0447\u0435\u043d\u043d\u044b\u0439 \u043a\u0443\u0440\u0441\u043e\u0440<\/span>\n<span\ndata-stage=\"1\">\u0418\u0441\u043f\u043e\u043b\u044c\u0437\u043e\u0432\u0430\u0442\u044c \u043a\u0443\u0440\u0441\u043e\u0440 \u043f\u043e \u0443\u043c\u043e\u043b\u0447\u0430\u043d\u0438\u044e<\/span><\/div><div\nid=\"translation-reset\">\n<span\ndata-stage=\"0\">\u0421\u0431\u0440\u043e\u0441\u0438\u0442\u044c \u043d\u0430\u0441\u0442\u0440\u043e\u0439\u043a\u0438<\/span><\/div><div\nid=\"translation-wcag-ui\">\n<span\ndata-stage=\"header\">\u0418\u043d\u0441\u0442\u0440\u0443\u043c\u0435\u043d\u0442\u044b \u0434\u043e\u0441\u0442\u0443\u043f\u043d\u043e\u0441\u0442\u0438:<\/span>\n<span\ndata-stage=\"header-title\">\u041c\u0435\u043d\u044e \u0441\u043f\u0435\u0446\u0438\u0430\u043b\u044c\u043d\u044b\u0445 \u0432\u043e\u0437\u043c\u043e\u0436\u043d\u043e\u0441\u0442\u0435\u0439<\/span>\n<span\ndata-stage=\"close-button\">\u0417\u0430\u043a\u0440\u043e\u0439\u0442\u0435 \u043c\u0435\u043d\u044e \u0441\u043f\u0435\u0446\u0438\u0430\u043b\u044c\u043d\u044b\u0445 \u0432\u043e\u0437\u043c\u043e\u0436\u043d\u043e\u0441\u0442\u0435\u0439<\/span><\/div>\n<\/template><style type=\"text\/css\">@import url(\"https:\/\/fonts.googleapis.com\/css2?family=Signika+Negative:wght@300;400;600;700&display=swap\");\n            #login h1 a, .login h1 a {\n                background-image: url(https:\/\/bpwyszkow.pl\/wp-content\/uploads\/sites\/41\/2021\/09\/Logo-BP-w-Ostrolece.svg);\n                height:65px;\n                width:320px;\n                background-size: contain;\n                background-repeat: no-repeat;\n                padding-bottom: 30px;\n            }\n            .login h1 a {\n\t\t\t\tcolor: #3c434a;\n\t\t\t\tfont-size: 20px;\n\t\t\t\tfont-weight: 400;\n\t\t\t\tline-height: 1.3;\n\t\t\t\tmargin: 0 auto 25px;\n\t\t\t\tpadding: 0;\n\t\t\t\ttext-decoration: none;\n\t\t\t\ttext-indent: -9999px;\n\t\t\t\toutline: 0;\n\t\t\t\toverflow: hidden;\n\t\t\t\tdisplay: block;\n\t\t\t}\n            body #login{\n                width: 100%;\n                font-family: \"Signika Negative\", sans-serif;\n            }\n            body{\n                background-color: #1E60121a!important;\n            }\n            .login #login form{\n                background-color: #1E6012;\n            }\n            body #login form p, body .user-pass-wrap, body .login form .forgetmenot, body #login form p.submit{\n                width: 40%;\n                margin: auto;\n                color: #fff;\n                float: none;\n            }\n            body #login form p.submit input.button-primary {\n                border-radius: 50px;\n                padding: 5px 20px;\n                background-color: #fff;\n                color: #000;\n                font-weight: 900;\n                font-size: 15px;\n                border: 3px solid #3BA92880;\n                margin-top: 10px;\n\n            }\n            body input[type=checkbox]:focus, body input[type=color]:focus, body input[type=date]:focus, body input[type=datetime-local]:focus, body input[type=datetime]:focus, body input[type=email]:focus, body input[type=month]:focus, body input[type=number]:focus, body input[type=password]:focus, body input[type=radio]:focus,body input[type=search]:focus, body input[type=tel]:focus, body input[type=text]:focus, body input[type=time]:focus, body input[type=url]:focus, body input[type=week]:focus, body select:focus, body textarea:focus{\n                border-color: #3BA92880;\n            }\n            .login #backtoblog, .login #nav{\n                width: 40%;\n                margin: 10px auto!important;\n            }\n            body.login .bs-keycloak-login-button h2{\n                display: none;\n            }\n            body.login .bs-keycloak-login-button form{\n                width: 40%;\n                margin: auto;\n                background-color: transparent;\n                border: none;\n                box-shadow: none;\n                text-align: center;\n            }\n            body.login .bs-keycloak-login-button form a{\n                padding: 10px 30px;\n                border: 3px solid #1E6012;\n                color: #3c434a;\n                text-decoration: none;\n                font-weight: 700;\n                font-size: 20px;\n                border-radius: 50px;\n                transition-duration: .4s;\n                display: flex;\n                width: fit-content;\n            }\n            body.login .bs-keycloak-login-button form a:hover{\n                color: #fff;\n                background-color: #1E6012;\n            }\n            body.login .bs-keycloak-login-button h3{\n                font-size:22px;\n                text-align: center;\n            }\n\n            body.login .wcag_root__btn_container_item--color:hover,\n            body.login .wcag_root__btn_container_item--color:focus,\n            body.login .wcag_button_fixed\n            {\n                background-color: #1E6012 !important;\n            }\n            body.login .button.button-large.wcag_set_contrast_fonts_color_1{\n                background-color: #494949 !important;\n            }\n            body.login .button.button-large.wcag_set_contrast_fonts_color_2{\n                background-color: black !important;\n            }\n            body.login .wcag_root__header_container {\n                box-sizing: border-box;\n            }\n            body.login .wcag_root__btn_container_item{\n                padding-top: 0 !important;\n            }<\/style><div\nclass=\"ipt_uif_column ipt_uif_column_full ipt_uif_conditional\"><div\nclass=\"ipt_uif_column_inner side_margin\"><div\nclass=\"ipt_uif_question ipt_uif_question_full\"><div\nclass=\"ipt_uif_question_content\"><div\nclass=\"input-field has-icon\">\n<input\nclass=\" check_me  ipt_uif_text\"\ntype=\"text\"\nname=\"log\"\nid=\"log\"\nvalue=\"\" \/>\n<i\ntitle=\"\" class=\" ipt-icomoon-user ipticm prefix\"><\/i>\n<label\nfor=\"log\">\u0418\u043c\u044f \u043f\u043e\u043b\u044c\u0437\u043e\u0432\u0430\u0442\u0435\u043b\u044f<\/label><\/div><div\nclass=\"clear-both\"><\/div><\/div><\/div><div\nclass=\"clear-both\"><\/div><\/div><\/div><div\nclass=\"ipt_uif_column ipt_uif_column_full ipt_uif_conditional\"><div\nclass=\"ipt_uif_column_inner side_margin\"><div\nclass=\"ipt_uif_question ipt_uif_question_full\"><div\nclass=\"ipt_uif_question_content\"><div\nclass=\"input-field has-icon ipt-eform-password\">\n<input\nclass=\" check_me  ipt_uif_text ipt_uif_password\"\ntype=\"password\"\nname=\"pwd\"\nid=\"pwd\"\nvalue=\"\" \/>\n<i\ntitle=\"Click to show password\" class=\" ipt-icomoon-eye ipticm prefix\"><\/i>\n<label\nfor=\"pwd\">\u041f\u0430\u0440\u043e\u043b\u044c<\/label><\/div><div\nclass=\"clear-both\"><\/div><\/div><\/div><div\nclass=\"clear-both\"><\/div><\/div><\/div><div\nclass=\"g-recaptcha-wrap\" style=\"padding:10px 0 10px 0\"><div\nclass=\"g-recaptcha\" data-sitekey=\"6Ld5iJcsAAAAAAE2Wy9mLqPJ-HMTJKplcO4CKuOM\"><\/div><\/div><p\nstyle=\"display: none;\"><label>\u0415\u0441\u043b\u0438 \u0412\u044b - \u0447\u0435\u043b\u043e\u0432\u0435\u043a, \u0442\u043e\u0433\u0434\u0430 \u043b\u0443\u0447\u0448\u0435 \u043e\u0441\u0442\u0430\u0432\u0438\u0442\u044c \u044d\u0442\u043e \u043f\u043e\u043b\u0435 \u043f\u0443\u0441\u0442\u044b\u043c:<\/label><input\nname=\"aio_special_field\" type=\"text\" class=\"aio_special_field\" value=\"\" \/><\/p><div\nclass=\"ipt_uif_column ipt_uif_column_full ipt_uif_conditional\"><div\nclass=\"ipt_uif_column_inner side_margin\"><div\nclass=\"ipt_uif_label_column column_1\">\n<input\ntype=\"checkbox\"\nclass=\"check_me ipt_uif_checkbox filled-in  ipt_uif_s_checkbox\"\nname=\"rememberme\" id=\"rememberme_forever\"\nvalue=\"forever\" \/>\n<label\nclass=\"eform-label-with-tabindex\" tabindex=\"0\" for=\"rememberme_forever\" data-labelcon=\"&#xe18e;\">\n\u0417\u0430\u043f\u043e\u043c\u043d\u0438\u0442\u044c \u043c\u0435\u043d\u044f\t\t\t\t<\/label><\/div><div\nclass=\"clear-both\"><\/div><div\nclass=\"clear-both\"><\/div><\/div><\/div><div\nclass=\"ipt_uif_column ipt_uif_column_full ipt_uif_conditional\"><div\nclass=\"ipt_uif_column_inner side_margin\"><div\nclass=\"align-center ipt_fsqm_form_button_container--flat ipt-eform-material-button-container\"><div\nclass=\"eform-button-container-inner\">\n<button\ntype=\"submit\" class=\"ipt_uif_button eform-material-button eform-ripple medium secondary-button\" name=\"wp-submit\" id=\"wp-submit\"><i\nclass=\"ipticm ipt-icomoon-switch\"><\/i> Login<\/button>\n<button\ntype=\"button\" onclick=\"javascript:window.location.href=&quot;https:\/\/bpwyszkow.pl\/ru\/register\/&quot;\" class=\"ipt_uif_button eform-material-button eform-ripple medium secondary-button\" name=\"ipt_fsqm_up_reg\" id=\"ipt_fsqm_up_reg\"><i\nclass=\"ipticm ipt-icomoon-user-2\"><\/i> Register<\/button>\n<button\ntype=\"button\" onclick=\"javascript:window.location.href=&quot;https:\/\/bpwyszkow.pl\/ru\/bpm-logowanie\/?action=lostpassword&amp;redirect_to=https%3A%2F%2Fbpwyszkow.pl%2Fru%2Fwp-json%2Fwp%2Fv2%2Fpages%2F1334&quot;\" class=\"ipt_uif_button eform-material-button eform-ripple medium secondary-button\" name=\"ipt_fsqm_up_rpwd\" id=\"ipt_fsqm_up_rpwd\"><i\nclass=\"ipticm ipt-icomoon-info-2\"><\/i> Forgot Password<\/button><\/div><\/div><div\nclass=\"clear-both\"><\/div><\/div><\/div>\n<input\ntype=\"hidden\" name=\"redirect_to\" value=\"https:\/\/bpwyszkow.pl\/ru\/wp-json\/wp\/v2\/pages\/1334\" \/><\/form><div\nclass=\"clear\"><\/div><\/div><\/div>\n","protected":false},"excerpt":{"rendered":"","protected":false},"author":12,"featured_media":0,"parent":0,"menu_order":0,"comment_status":"closed","ping_status":"closed","template":"","meta":{"_acf_changed":false,"_oasis_is_in_workflow":0,"_oasis_original":0,"inline_featured_image":false,"site-sidebar-layout":"default","site-content-layout":"","ast-site-content-layout":"default","site-content-style":"default","site-sidebar-style":"default","ast-global-header-display":"","ast-banner-title-visibility":"","ast-main-header-display":"","ast-hfb-above-header-display":"","ast-hfb-below-header-display":"","ast-hfb-mobile-header-display":"","site-post-title":"","ast-breadcrumbs-content":"","ast-featured-img":"","footer-sml-layout":"","ast-disable-related-posts":"","theme-transparent-header-meta":"","adv-header-id-meta":"","stick-header-meta":"","header-above-stick-meta":"","header-main-stick-meta":"","header-below-stick-meta":"","astra-migrate-meta-layouts":"default","ast-page-background-enabled":"default","ast-page-background-meta":{"desktop":{"background-color":"","background-image":"","background-repeat":"repeat","background-position":"center center","background-size":"auto","background-attachment":"scroll","background-type":"","background-media":"","overlay-type":"","overlay-color":"","overlay-opacity":"","overlay-gradient":""},"tablet":{"background-color":"","background-image":"","background-repeat":"repeat","background-position":"center center","background-size":"auto","background-attachment":"scroll","background-type":"","background-media":"","overlay-type":"","overlay-color":"","overlay-opacity":"","overlay-gradient":""},"mobile":{"background-color":"","background-image":"","background-repeat":"repeat","background-position":"center center","background-size":"auto","background-attachment":"scroll","background-type":"","background-media":"","overlay-type":"","overlay-color":"","overlay-opacity":"","overlay-gradient":""}},"ast-content-background-meta":{"desktop":{"background-color":"var(--ast-global-color-5)","background-image":"","background-repeat":"repeat","background-position":"center center","background-size":"auto","background-attachment":"scroll","background-type":"","background-media":"","overlay-type":"","overlay-color":"","overlay-opacity":"","overlay-gradient":""},"tablet":{"background-color":"var(--ast-global-color-5)","background-image":"","background-repeat":"repeat","background-position":"center center","background-size":"auto","background-attachment":"scroll","background-type":"","background-media":"","overlay-type":"","overlay-color":"","overlay-opacity":"","overlay-gradient":""},"mobile":{"background-color":"var(--ast-global-color-5)","background-image":"","background-repeat":"repeat","background-position":"center center","background-size":"auto","background-attachment":"scroll","background-type":"","background-media":"","overlay-type":"","overlay-color":"","overlay-opacity":"","overlay-gradient":""}},"_themeisle_gutenberg_block_has_review":false,"footnotes":""},"class_list":["post-1334","page","type-page","status-publish","hentry"],"acf":[],"featured_image_urls_v2":{"full":"","thumbnail":"","medium":"","medium_large":"","large":"","1536x1536":"","2048x2048":"","menu-24x24":"","menu-36x36":"","menu-48x48":""},"post_excerpt_stackable_v2":"<p>Javascript is disabledJavascript is disabled on your browser. Please enable it in order to use this form. Loading Musisz si\u0119 zalogowa\u0107, aby m\u00f3c przegl\u0105da\u0107 swoje zg\u0142oszenia. \u0412\u043a\u043b\u044e\u0447\u0438\u0442\u0435 \u043a\u043e\u043d\u0442\u0440\u0430\u0441\u0442 \u0418\u0441\u043f\u043e\u043b\u044c\u0437\u0443\u0439\u0442\u0435 \u0432\u044b\u0441\u043e\u043a\u0438\u0439 \u043a\u043e\u043d\u0442\u0440\u0430\u0441\u0442 \u0412\u044b\u043a\u043b\u044e\u0447\u0438\u0442\u044c \u043a\u043e\u043d\u0442\u0440\u0430\u0441\u0442 \u0412\u043a\u043b\u044e\u0447\u0438\u0442\u044c \u043f\u043e\u0434\u0441\u0432\u0435\u0442\u043a\u0443 \u0441\u0441\u044b\u043b\u043e\u043a \u041e\u0442\u043a\u043b\u044e\u0447\u0438\u0442\u044c \u043f\u043e\u0434\u0441\u0432\u0435\u0442\u043a\u0443 \u0441\u0441\u044b\u043b\u043e\u043a \u0423\u043c\u0435\u043d\u044c\u0448\u0438\u0442\u044c \u0440\u0430\u0437\u043c\u0435\u0440 \u0448\u0440\u0438\u0444\u0442\u0430 \u0423\u043c\u0435\u043d\u044c\u0448\u0438\u0442\u0435 \u0440\u0430\u0437\u043c\u0435\u0440 \u0448\u0440\u0438\u0444\u0442\u0430. \u0420\u0430\u0437\u043c\u0435\u0440: \u0423\u0432\u0435\u043b\u0438\u0447\u044c\u0442\u0435 \u0440\u0430\u0437\u043c\u0435\u0440 \u0448\u0440\u0438\u0444\u0442\u0430 \u0423\u0432\u0435\u043b\u0438\u0447\u044c\u0442\u0435 \u0440\u0430\u0437\u043c\u0435\u0440 \u0448\u0440\u0438\u0444\u0442\u0430. \u0420\u0430\u0437\u043c\u0435\u0440: \u0423\u0432\u0435\u043b\u0438\u0447\u0438\u0442\u044c \u043c\u0435\u0436\u0431\u0443\u043a\u0432\u0435\u043d\u043d\u044b\u0439 \u0438\u043d\u0442\u0435\u0440\u0432\u0430\u043b \u0418\u0441\u043f\u043e\u043b\u044c\u0437\u0443\u0439\u0442\u0435 \u0431\u043e\u043b\u044c\u0448\u0438\u0439 \u0438\u043d\u0442\u0435\u0440\u0432\u0430\u043b \u0418\u0441\u043f\u043e\u043b\u044c\u0437\u043e\u0432\u0430\u0442\u044c \u0438\u043d\u0442\u0435\u0440\u0432\u0430\u043b \u043f\u043e \u0443\u043c\u043e\u043b\u0447\u0430\u043d\u0438\u044e \u0412\u044b\u043a\u043b\u044e\u0447\u0438\u0442\u044c \u0430\u043d\u0438\u043c\u0430\u0446\u0438\u044e \u0412\u043a\u043b\u044e\u0447\u0438\u0442\u044c \u0430\u043d\u0438\u043c\u0430\u0446\u0438\u044e \u0418\u0441\u043f\u043e\u043b\u044c\u0437\u0443\u0439\u0442\u0435 \u0448\u0440\u0438\u0444\u0442\u044b, \u0443\u0434\u043e\u0431\u043d\u044b\u0435 \u0434\u043b\u044f \u043b\u044e\u0434\u0435\u0439 \u0441 \u0434\u0438\u0441\u043b\u0435\u043a\u0441\u0438\u0435\u0439 (\u0432\u0430\u0440\u0438\u0430\u043d\u0442 1) \u0418\u0441\u043f\u043e\u043b\u044c\u0437\u0443\u0439\u0442\u0435 \u0448\u0440\u0438\u0444\u0442\u044b, \u0443\u0434\u043e\u0431\u043d\u044b\u0435 \u0434\u043b\u044f \u043b\u044e\u0434\u0435\u0439 \u0441 \u0434\u0438\u0441\u043b\u0435\u043a\u0441\u0438\u0435\u0439 (\u0432\u0430\u0440\u0438\u0430\u043d\u0442 2) \u0418\u0441\u043f\u043e\u043b\u044c\u0437\u0443\u0439\u0442\u0435 \u0448\u0440\u0438\u0444\u0442\u044b, \u0443\u0434\u043e\u0431\u043d\u044b\u0435 \u0434\u043b\u044f \u043b\u044e\u0434\u0435\u0439 \u0441 \u0434\u0438\u0441\u043b\u0435\u043a\u0441\u0438\u0435\u0439 (\u0432\u0430\u0440\u0438\u0430\u043d\u0442 3) \u0418\u0441\u043f\u043e\u043b\u044c\u0437\u043e\u0432\u0430\u0442\u044c \u0448\u0440\u0438\u0444\u0442\u044b \u043f\u043e \u0443\u043c\u043e\u043b\u0447\u0430\u043d\u0438\u044e \u0418\u0441\u043f\u043e\u043b\u044c\u0437\u043e\u0432\u0430\u0442\u044c \u0443\u0432\u0435\u043b\u0438\u0447\u0435\u043d\u043d\u044b\u0439&hellip;<\/p>\n","category_list_v2":"","author_info_v2":{"name":"ktadaszak","url":"https:\/\/bpwyszkow.pl\/ru\/author\/ktadaszak\/"},"comments_num_v2":"0 \u043a\u043e\u043c\u043c\u0435\u043d\u0442\u0430\u0440\u0438\u0435\u0432","_links":{"self":[{"href":"https:\/\/bpwyszkow.pl\/ru\/wp-json\/wp\/v2\/pages\/1334","targetHints":{"allow":["GET"]}}],"collection":[{"href":"https:\/\/bpwyszkow.pl\/ru\/wp-json\/wp\/v2\/pages"}],"about":[{"href":"https:\/\/bpwyszkow.pl\/ru\/wp-json\/wp\/v2\/types\/page"}],"author":[{"embeddable":true,"href":"https:\/\/bpwyszkow.pl\/ru\/wp-json\/wp\/v2\/users\/12"}],"replies":[{"embeddable":true,"href":"https:\/\/bpwyszkow.pl\/ru\/wp-json\/wp\/v2\/comments?post=1334"}],"version-history":[{"count":0,"href":"https:\/\/bpwyszkow.pl\/ru\/wp-json\/wp\/v2\/pages\/1334\/revisions"}],"wp:attachment":[{"href":"https:\/\/bpwyszkow.pl\/ru\/wp-json\/wp\/v2\/media?parent=1334"}],"curies":[{"name":"wp","href":"https:\/\/api.w.org\/{rel}","templated":true}]}}