{"id":23468,"date":"2022-07-05T13:48:26","date_gmt":"2022-07-05T11:48:26","guid":{"rendered":"https:\/\/bpwyszkow.pl\/?page_id=23468"},"modified":"2022-07-05T13:48:30","modified_gmt":"2022-07-05T11:48:30","slug":"my-purchase-suggestions","status":"publish","type":"page","link":"https:\/\/bpwyszkow.pl\/en\/user-profile\/my-purchase-suggestions\/","title":{"rendered":"My purchase suggestions"},"content":{"rendered":"<div class=\"\">\r\n    <div class=\"bs_title_block\">\r\n        <h1 class=\"entry-title\">My purchase suggestions<\/h1>\r\n    <\/div>\r\n    <div class=\"bs-my-account-post-navigation\" data-current-page-index=\"1\">\r\n        <div class=\"bs-my-account-post-count\">15 cases<\/div>\r\n        <div class=\"bs-my-account-post-pages\">\r\n                            <button data-get-page=\"prev\"><img decoding=\"async\" src=\"\/wp-content\/uploads\/2021\/05\/left-arrow.svg\" data-get-page=\"prev\" style=\"pointer-events: none;\" \/><\/button>\r\n                <label> 1 z 3<\/label>\r\n                <button data-get-page=\"next\"><img decoding=\"async\" src=\"\/wp-content\/uploads\/2021\/05\/right-arrow.svg\" data-get-page=\"next\" style=\"pointer-events: none;\" \/><\/button>\r\n                \r\n        <\/div>\r\n    <\/div>\r\n    <div class=\"bs-my-account-posts\">\r\n        <div class=\"bs-questions-page\" data-page-index=\"1\" id=\"bs-my-account-posts-page-1\">\r\n                                    <a href=\"https:\/\/bpwyszkow.pl\/en\/\/mbpesprawa\/32535c1536d18c059d81e6da9476313d\">\r\n                            <div class=\"bs-my-account-single-post\" style=\"background-color:#9EE09359\">\r\n                                <div class=\"bs-my-account-date\">7.06.2025<\/div>\r\n                                                                <div class=\"bs-my-account-title\">MBP.B.Wysz.Zakup\/2025\/4<\/div>\r\n                                                                                                    <div class=\"bs-my-account-book-title\"><b>\r\n                                            Title: <\/b>\r\n                                        Colette                                    <\/div>                                                                                                \r\n\r\n                                <div class=\"bs-my-account-status\"><b>Status: <\/b> sprawa-zlozona <\/div>\r\n                                <div class=\"bs-my-account-link\">read more <img decoding=\"async\" src=\"\/wp-content\/uploads\/2021\/05\/next.svg\" \/><\/div>\r\n                            <\/div>\r\n                        <\/a>\r\n                                                <a href=\"https:\/\/bpwyszkow.pl\/en\/\/mbpesprawa\/40efc1a16b02cfddcc413e2c0dd2c8b6\">\r\n                            <div class=\"bs-my-account-single-post\" style=\"background-color:#9EE09359\">\r\n                                <div class=\"bs-my-account-date\">30.04.2025<\/div>\r\n                                                                <div class=\"bs-my-account-title\">MBP.B.Wysz.Zakup\/2025\/3<\/div>\r\n                                                                                                    <div class=\"bs-my-account-book-title\"><b>\r\n                                            Title: <\/b>\r\n                                        Introwertyk potrzebny od zaraz. Dlaczego jeste\u015b niezb\u0119dny dla \u015bwiata                                    <\/div>                                                                                                \r\n\r\n                                <div class=\"bs-my-account-status\"><b>Status: <\/b> sprawa-zlozona <\/div>\r\n                                <div class=\"bs-my-account-link\">read more <img decoding=\"async\" src=\"\/wp-content\/uploads\/2021\/05\/next.svg\" \/><\/div>\r\n                            <\/div>\r\n                        <\/a>\r\n                                                <a href=\"https:\/\/bpwyszkow.pl\/en\/\/mbpesprawa\/04d725d1637143744568ac79aadc0d6c\">\r\n                            <div class=\"bs-my-account-single-post\" style=\"background-color:#9EE09359\">\r\n                                <div class=\"bs-my-account-date\">13.03.2025<\/div>\r\n                                                                <div class=\"bs-my-account-title\">MBP.B.Wysz.Zakup\/2025\/2<\/div>\r\n                                                                                                    <div class=\"bs-my-account-book-title\"><b>\r\n                                            Title: <\/b>\r\n                                        Nieobecni. Milczenie wok\u00f3\u0142 chor\u00f3b psychicznych w rodzinie                                    <\/div>                                                                                                \r\n\r\n                                <div class=\"bs-my-account-status\"><b>Status: <\/b> sprawa-zlozona <\/div>\r\n                                <div class=\"bs-my-account-link\">read more <img decoding=\"async\" src=\"\/wp-content\/uploads\/2021\/05\/next.svg\" \/><\/div>\r\n                            <\/div>\r\n                        <\/a>\r\n                                                <a href=\"https:\/\/bpwyszkow.pl\/en\/\/mbpesprawa\/f14a30a1416afdf7c3c26ac10bc014cc\">\r\n                            <div class=\"bs-my-account-single-post\" style=\"background-color:#9EE09359\">\r\n                                <div class=\"bs-my-account-date\">1.01.2025<\/div>\r\n                                                                <div class=\"bs-my-account-title\">MBP.B.Wysz.Zakup\/2025\/1<\/div>\r\n                                                                                                    <div class=\"bs-my-account-book-title\"><b>\r\n                                            Title: <\/b>\r\n                                        Niespokojny umys\u0142                                    <\/div>                                                                                                \r\n\r\n                                <div class=\"bs-my-account-status\"><b>Status: <\/b> sprawa-zlozona <\/div>\r\n                                <div class=\"bs-my-account-link\">read more <img decoding=\"async\" src=\"\/wp-content\/uploads\/2021\/05\/next.svg\" \/><\/div>\r\n                            <\/div>\r\n                        <\/a>\r\n                                                <a href=\"https:\/\/bpwyszkow.pl\/en\/\/mbpesprawa\/9e30d470ccdb66e5e158b76cf677aa2a\">\r\n                            <div class=\"bs-my-account-single-post\" style=\"background-color:#9EE09359\">\r\n                                <div class=\"bs-my-account-date\">18.12.2024<\/div>\r\n                                                                <div class=\"bs-my-account-title\">MBP.B.Wysz.Zakup\/2024\/10<\/div>\r\n                                                                                                    <div class=\"bs-my-account-book-title\"><b>\r\n                                            Title: <\/b>\r\n                                        M\u00f3j pierwszy ostatni raz                                    <\/div>                                                                                                \r\n\r\n                                <div class=\"bs-my-account-status\"><b>Status: <\/b> sprawa-zlozona <\/div>\r\n                                <div class=\"bs-my-account-link\">read more <img decoding=\"async\" src=\"\/wp-content\/uploads\/2021\/05\/next.svg\" \/><\/div>\r\n                            <\/div>\r\n                        <\/a>\r\n                                                <\/div>\r\n                        <div class=\"bs-questions-page\" data-page-index=\"2\" id=\"bs-my-account-posts-page-2\" style=\"display:none;\">\r\n                                                    <a href=\"https:\/\/bpwyszkow.pl\/en\/\/mbpesprawa\/e40d59c6fc1c7b5f34e42e445dcd0e4f\">\r\n                            <div class=\"bs-my-account-single-post\" style=\"background-color:#9EE09359\">\r\n                                <div class=\"bs-my-account-date\">18.12.2024<\/div>\r\n                                                                <div class=\"bs-my-account-title\">MBP.B.Wysz.Zakup\/2024\/9<\/div>\r\n                                                                                                    <div class=\"bs-my-account-book-title\"><b>\r\n                                            Title: <\/b>\r\n                                        Historia AA w Polsce, tom II                                     <\/div>                                                                                                \r\n\r\n                                <div class=\"bs-my-account-status\"><b>Status: <\/b> sprawa-zlozona <\/div>\r\n                                <div class=\"bs-my-account-link\">read more <img decoding=\"async\" src=\"\/wp-content\/uploads\/2021\/05\/next.svg\" \/><\/div>\r\n                            <\/div>\r\n                        <\/a>\r\n                                                <a href=\"https:\/\/bpwyszkow.pl\/en\/\/mbpesprawa\/7d728d574b290a3ee3f44a6ce923213d\">\r\n                            <div class=\"bs-my-account-single-post\" style=\"background-color:#9EE09359\">\r\n                                <div class=\"bs-my-account-date\">18.12.2024<\/div>\r\n                                                                <div class=\"bs-my-account-title\">MBP.B.Wysz.Zakup\/2024\/8<\/div>\r\n                                                                                                    <div class=\"bs-my-account-book-title\"><b>\r\n                                            Title: <\/b>\r\n                                        Sztuka skutecznego pisania                                    <\/div>                                                                                                \r\n\r\n                                <div class=\"bs-my-account-status\"><b>Status: <\/b> sprawa-zlozona <\/div>\r\n                                <div class=\"bs-my-account-link\">read more <img decoding=\"async\" src=\"\/wp-content\/uploads\/2021\/05\/next.svg\" \/><\/div>\r\n                            <\/div>\r\n                        <\/a>\r\n                                                <a href=\"https:\/\/bpwyszkow.pl\/en\/\/mbpesprawa\/10fde9fcda1eb05b89a24938fa3f983e\">\r\n                            <div class=\"bs-my-account-single-post\" style=\"background-color:#9EE09359\">\r\n                                <div class=\"bs-my-account-date\">12.12.2024<\/div>\r\n                                                                <div class=\"bs-my-account-title\">MBP.B.Wysz.Zakup\/2024\/7<\/div>\r\n                                                                                                    <div class=\"bs-my-account-book-title\"><b>\r\n                                            Title: <\/b>\r\n                                        CO CI\u0118 WZMACNIA Jak \u017cy\u0107 pe\u0142ni\u0105 \u017cycia w obliczu zmian i niepewno\u015bci dzi\u0119ki technikom ACT                                    <\/div>                                                                                                \r\n\r\n                                <div class=\"bs-my-account-status\"><b>Status: <\/b> sprawa-zlozona <\/div>\r\n                                <div class=\"bs-my-account-link\">read more <img decoding=\"async\" src=\"\/wp-content\/uploads\/2021\/05\/next.svg\" \/><\/div>\r\n                            <\/div>\r\n                        <\/a>\r\n                                                <a href=\"https:\/\/bpwyszkow.pl\/en\/\/mbpesprawa\/7029ec86950fdde38922eead96797785\">\r\n                            <div class=\"bs-my-account-single-post\" style=\"background-color:#9EE09359\">\r\n                                <div class=\"bs-my-account-date\">12.12.2024<\/div>\r\n                                                                <div class=\"bs-my-account-title\">MBP.B.Wysz.Zakup\/2024\/6<\/div>\r\n                                                                                                    <div class=\"bs-my-account-book-title\"><b>\r\n                                            Title: <\/b>\r\n                                        PO\u017bEGNAJ WAG\u0118 Jak wykorzysta\u0107 techniki ACT w odchudzaniu i utrzymaniu wymarzonej sylwetki                                    <\/div>                                                                                                \r\n\r\n                                <div class=\"bs-my-account-status\"><b>Status: <\/b> sprawa-zlozona <\/div>\r\n                                <div class=\"bs-my-account-link\">read more <img decoding=\"async\" src=\"\/wp-content\/uploads\/2021\/05\/next.svg\" \/><\/div>\r\n                            <\/div>\r\n                        <\/a>\r\n                                                <a href=\"https:\/\/bpwyszkow.pl\/en\/\/mbpesprawa\/530b7e8ddb4f6db14762c4544010d955\">\r\n                            <div class=\"bs-my-account-single-post\" style=\"background-color:#9EE09359\">\r\n                                <div class=\"bs-my-account-date\">12.12.2024<\/div>\r\n                                                                <div class=\"bs-my-account-title\">MBP.B.Wysz.Zakup\/2024\/5<\/div>\r\n                                                                                                    <div class=\"bs-my-account-book-title\"><b>\r\n                                            Title: <\/b>\r\n                                        B\u00f3l emocjonalny : strategie i \u0107wiczenia, dzi\u0119ki kt\u00f3rym poradzisz sobie z cierpieniem psychicznym                                    <\/div>                                                                                                \r\n\r\n                                <div class=\"bs-my-account-status\"><b>Status: <\/b> sprawa-zlozona <\/div>\r\n                                <div class=\"bs-my-account-link\">read more <img decoding=\"async\" src=\"\/wp-content\/uploads\/2021\/05\/next.svg\" \/><\/div>\r\n                            <\/div>\r\n                        <\/a>\r\n                                                <\/div>\r\n                        <div class=\"bs-questions-page\" data-page-index=\"3\" id=\"bs-my-account-posts-page-3\" style=\"display:none;\">\r\n                                                    <a href=\"https:\/\/bpwyszkow.pl\/en\/\/mbpesprawa\/8d32f58ee3c522d60d9aa944c663364d\">\r\n                            <div class=\"bs-my-account-single-post\" style=\"background-color:#9EE09359\">\r\n                                <div class=\"bs-my-account-date\">12.12.2024<\/div>\r\n                                                                <div class=\"bs-my-account-title\">MBP.B.Wysz.Zakup\/2024\/4<\/div>\r\n                                                                                                    <div class=\"bs-my-account-book-title\"><b>\r\n                                            Title: <\/b>\r\n                                        Bez alko i drag\u00f3w jestem nudna                                    <\/div>                                                                                                \r\n\r\n                                <div class=\"bs-my-account-status\"><b>Status: <\/b> sprawa-zlozona <\/div>\r\n                                <div class=\"bs-my-account-link\">read more <img decoding=\"async\" src=\"\/wp-content\/uploads\/2021\/05\/next.svg\" \/><\/div>\r\n                            <\/div>\r\n                        <\/a>\r\n                                                <a href=\"https:\/\/bpwyszkow.pl\/en\/\/mbpesprawa\/ae7e4bdf8905ced11a24ff945e3aca59\">\r\n                            <div class=\"bs-my-account-single-post\" style=\"background-color:#9EE09359\">\r\n                                <div class=\"bs-my-account-date\">12.12.2024<\/div>\r\n                                                                <div class=\"bs-my-account-title\">MBP.B.Wysz.Zakup\/2024\/3<\/div>\r\n                                                                                                    <div class=\"bs-my-account-book-title\"><b>\r\n                                            Title: <\/b>\r\n                                        Nie pij dzi\u015b!                                     <\/div>                                                                                                \r\n\r\n                                <div class=\"bs-my-account-status\"><b>Status: <\/b> sprawa-zlozona <\/div>\r\n                                <div class=\"bs-my-account-link\">read more <img decoding=\"async\" src=\"\/wp-content\/uploads\/2021\/05\/next.svg\" \/><\/div>\r\n                            <\/div>\r\n                        <\/a>\r\n                                                <a href=\"https:\/\/bpwyszkow.pl\/en\/\/mbpesprawa\/5671f2aca6951aa0528ced918cbd7196\">\r\n                            <div class=\"bs-my-account-single-post\" style=\"background-color:#9EE09359\">\r\n                                <div class=\"bs-my-account-date\">26.11.2024<\/div>\r\n                                                                <div class=\"bs-my-account-title\">MBP.B.Wysz.Zakup\/2024\/2<\/div>\r\n                                                                                                    <div class=\"bs-my-account-book-title\"><b>\r\n                                            Title: <\/b>\r\n                                        W co graj\u0105 ludzie                                    <\/div>                                                                                                \r\n\r\n                                <div class=\"bs-my-account-status\"><b>Status: <\/b> sprawa-zlozona <\/div>\r\n                                <div class=\"bs-my-account-link\">read more <img decoding=\"async\" src=\"\/wp-content\/uploads\/2021\/05\/next.svg\" \/><\/div>\r\n                            <\/div>\r\n                        <\/a>\r\n                                                <a href=\"https:\/\/bpwyszkow.pl\/en\/\/mbpesprawa\/\">\r\n                            <div class=\"bs-my-account-single-post\" style=\"background-color:#9EE09359\">\r\n                                <div class=\"bs-my-account-date\">20.11.2024<\/div>\r\n                                                                <div class=\"bs-my-account-title\">Automatycznie generowany numer sprawy<\/div>\r\n                                                                                                    <div class=\"bs-my-account-book-title\"><b>\r\n                                            Title: <\/b>\r\n                                                                            <\/div>                                                                                                \r\n\r\n                                <div class=\"bs-my-account-status\"><b>Status: <\/b> draft <\/div>\r\n                                <div class=\"bs-my-account-link\">read more <img decoding=\"async\" src=\"\/wp-content\/uploads\/2021\/05\/next.svg\" \/><\/div>\r\n                            <\/div>\r\n                        <\/a>\r\n                                                <a href=\"https:\/\/bpwyszkow.pl\/en\/\/mbpesprawa\/5370ddfc85dfef18434335e998f45f3b\">\r\n                            <div class=\"bs-my-account-single-post\" style=\"background-color:#9EE09359\">\r\n                                <div class=\"bs-my-account-date\">27.10.2024<\/div>\r\n                                                                <div class=\"bs-my-account-title\">MBP.B.Wysz.Zakup\/2024\/1<\/div>\r\n                                                                                                    <div class=\"bs-my-account-book-title\"><b>\r\n                                            Title: <\/b>\r\n                                        &#34;Kobiety Obronno\u015b\u0107 Bezpiecze\u0144stwo. Aspiracje oficer\u00f3w-kobiet a doskonalenie zawodowe \u017co\u0142nierzy&#34;\u00a0                                    <\/div>                                                                                                \r\n\r\n                                <div class=\"bs-my-account-status\"><b>Status: <\/b> sprawa-zlozona <\/div>\r\n                                <div class=\"bs-my-account-link\">read more <img decoding=\"async\" src=\"\/wp-content\/uploads\/2021\/05\/next.svg\" \/><\/div>\r\n                            <\/div>\r\n                        <\/a>\r\n                                <\/div>\r\n    <\/div>\r\n<\/div>\r\n\n","protected":false},"excerpt":{"rendered":"","protected":false},"author":89,"featured_media":674,"parent":23452,"menu_order":0,"comment_status":"closed","ping_status":"closed","template":"user-account-template.php","meta":{"_acf_changed":false,"_oasis_is_in_workflow":0,"_oasis_original":0,"inline_featured_image":false,"site-sidebar-layout":"default","site-content-layout":"default","ast-site-content-layout":"default","site-content-style":"default","site-sidebar-style":"default","ast-global-header-display":"","ast-banner-title-visibility":"","ast-main-header-display":"","ast-hfb-above-header-display":"","ast-hfb-below-header-display":"","ast-hfb-mobile-header-display":"","site-post-title":"","ast-breadcrumbs-content":"","ast-featured-img":"","footer-sml-layout":"","ast-disable-related-posts":"","theme-transparent-header-meta":"default","adv-header-id-meta":"","stick-header-meta":"","header-above-stick-meta":"","header-main-stick-meta":"","header-below-stick-meta":"","astra-migrate-meta-layouts":"default","ast-page-background-enabled":"default","ast-page-background-meta":{"desktop":{"background-color":"","background-image":"","background-repeat":"repeat","background-position":"center center","background-size":"auto","background-attachment":"scroll","background-type":"","background-media":"","overlay-type":"","overlay-color":"","overlay-opacity":"","overlay-gradient":""},"tablet":{"background-color":"","background-image":"","background-repeat":"repeat","background-position":"center center","background-size":"auto","background-attachment":"scroll","background-type":"","background-media":"","overlay-type":"","overlay-color":"","overlay-opacity":"","overlay-gradient":""},"mobile":{"background-color":"","background-image":"","background-repeat":"repeat","background-position":"center center","background-size":"auto","background-attachment":"scroll","background-type":"","background-media":"","overlay-type":"","overlay-color":"","overlay-opacity":"","overlay-gradient":""}},"ast-content-background-meta":{"desktop":{"background-color":"var(--ast-global-color-5)","background-image":"","background-repeat":"repeat","background-position":"center center","background-size":"auto","background-attachment":"scroll","background-type":"","background-media":"","overlay-type":"","overlay-color":"","overlay-opacity":"","overlay-gradient":""},"tablet":{"background-color":"var(--ast-global-color-5)","background-image":"","background-repeat":"repeat","background-position":"center center","background-size":"auto","background-attachment":"scroll","background-type":"","background-media":"","overlay-type":"","overlay-color":"","overlay-opacity":"","overlay-gradient":""},"mobile":{"background-color":"var(--ast-global-color-5)","background-image":"","background-repeat":"repeat","background-position":"center center","background-size":"auto","background-attachment":"scroll","background-type":"","background-media":"","overlay-type":"","overlay-color":"","overlay-opacity":"","overlay-gradient":""}},"_themeisle_gutenberg_block_has_review":false,"footnotes":""},"class_list":["post-23468","page","type-page","status-publish","has-post-thumbnail","hentry"],"acf":[],"featured_image_urls_v2":{"full":["https:\/\/bpwyszkow.pl\/wp-content\/uploads\/sites\/41\/2021\/08\/budynekpoprawionekolory.jpg",1386,1040,false],"thumbnail":["https:\/\/bpwyszkow.pl\/wp-content\/uploads\/sites\/41\/2021\/08\/budynekpoprawionekolory.jpg",150,113,false],"medium":["https:\/\/bpwyszkow.pl\/wp-content\/uploads\/sites\/41\/2021\/08\/budynekpoprawionekolory.jpg",300,225,false],"medium_large":["https:\/\/bpwyszkow.pl\/wp-content\/uploads\/sites\/41\/2021\/08\/budynekpoprawionekolory.jpg",768,576,false],"large":["https:\/\/bpwyszkow.pl\/wp-content\/uploads\/sites\/41\/2021\/08\/budynekpoprawionekolory.jpg",1024,768,false],"1536x1536":["https:\/\/bpwyszkow.pl\/wp-content\/uploads\/sites\/41\/2021\/08\/budynekpoprawionekolory.jpg",1386,1040,false],"2048x2048":["https:\/\/bpwyszkow.pl\/wp-content\/uploads\/sites\/41\/2021\/08\/budynekpoprawionekolory.jpg",1386,1040,false],"menu-24x24":["https:\/\/bpwyszkow.pl\/wp-content\/uploads\/sites\/41\/2021\/08\/budynekpoprawionekolory.jpg",24,18,false],"menu-36x36":["https:\/\/bpwyszkow.pl\/wp-content\/uploads\/sites\/41\/2021\/08\/budynekpoprawionekolory.jpg",36,27,false],"menu-48x48":["https:\/\/bpwyszkow.pl\/wp-content\/uploads\/sites\/41\/2021\/08\/budynekpoprawionekolory.jpg",48,36,false]},"post_excerpt_stackable_v2":"<p>My purchase suggestions 30 cases 1 z 6 7.06.2025 MBP.B.Wysz.Zakup\/2025\/4 Title: Colette Status: sprawa-zlozona read more 30.04.2025 MBP.B.Wysz.Zakup\/2025\/3 Title: Introwertyk potrzebny od zaraz. Dlaczego jeste\u015b niezb\u0119dny dla \u015bwiata Status: sprawa-zlozona read more 13.03.2025 MBP.B.Wysz.Zakup\/2025\/2 Title: Nieobecni. Milczenie wok\u00f3\u0142 chor\u00f3b psychicznych w rodzinie Status: sprawa-zlozona read more 1.01.2025 MBP.B.Wysz.Zakup\/2025\/1 Title: Niespokojny umys\u0142 Status: sprawa-zlozona read more 18.12.2024 MBP.B.Wysz.Zakup\/2024\/10 Title: M\u00f3j pierwszy ostatni raz Status: sprawa-zlozona read more 18.12.2024 MBP.B.Wysz.Zakup\/2024\/9 Title: Historia AA w Polsce, tom II Status: sprawa-zlozona read more 18.12.2024 MBP.B.Wysz.Zakup\/2024\/8 Title: Sztuka skutecznego pisania Status: sprawa-zlozona read more 12.12.2024 MBP.B.Wysz.Zakup\/2024\/7 Title: CO CI\u0118 WZMACNIA Jak \u017cy\u0107 pe\u0142ni\u0105 \u017cycia w&hellip;<\/p>\n","category_list_v2":"","author_info_v2":{"name":"dstolarek","url":"https:\/\/bpwyszkow.pl\/en\/author\/dstolarek\/"},"comments_num_v2":"0 comments","_links":{"self":[{"href":"https:\/\/bpwyszkow.pl\/en\/wp-json\/wp\/v2\/pages\/23468","targetHints":{"allow":["GET"]}}],"collection":[{"href":"https:\/\/bpwyszkow.pl\/en\/wp-json\/wp\/v2\/pages"}],"about":[{"href":"https:\/\/bpwyszkow.pl\/en\/wp-json\/wp\/v2\/types\/page"}],"author":[{"embeddable":true,"href":"https:\/\/bpwyszkow.pl\/en\/wp-json\/wp\/v2\/users\/89"}],"replies":[{"embeddable":true,"href":"https:\/\/bpwyszkow.pl\/en\/wp-json\/wp\/v2\/comments?post=23468"}],"version-history":[{"count":0,"href":"https:\/\/bpwyszkow.pl\/en\/wp-json\/wp\/v2\/pages\/23468\/revisions"}],"up":[{"embeddable":true,"href":"https:\/\/bpwyszkow.pl\/en\/wp-json\/wp\/v2\/pages\/23452"}],"wp:featuredmedia":[{"embeddable":true,"href":"https:\/\/bpwyszkow.pl\/en\/wp-json\/wp\/v2\/media\/674"}],"wp:attachment":[{"href":"https:\/\/bpwyszkow.pl\/en\/wp-json\/wp\/v2\/media?parent=23468"}],"curies":[{"name":"wp","href":"https:\/\/api.w.org\/{rel}","templated":true}]}}