{"id":23434,"date":"2022-06-28T23:10:04","date_gmt":"2022-06-28T21:10:04","guid":{"rendered":"https:\/\/bpwyszkow.pl\/mapa-strony\/"},"modified":"2022-06-28T23:11:17","modified_gmt":"2022-06-28T21:11:17","slug":"mapa-strony","status":"publish","type":"page","link":"https:\/\/bpwyszkow.pl\/en\/mapa-strony\/","title":{"rendered":"Site map"},"content":{"rendered":"<ul class=\"wp-block-page-list\"><li class=\"wp-block-pages-list__item\"><a class=\"wp-block-pages-list__item__link\" href=\"https:\/\/bpwyszkow.pl\/en\/deklaracja-dostepnosci\/\">Accessibility declaration<\/a><\/li><li class=\"wp-block-pages-list__item\"><a class=\"wp-block-pages-list__item__link\" href=\"https:\/\/bpwyszkow.pl\/en\/bezpieczenstwo-w-internecie-odpowiedzialne-korzystanie-z-mediow-spolecznych\/\">Bezpiecze\u0144stwo w internecie. Odpowiedzialne korzystanie z medi\u00f3w spo\u0142ecznych<\/a><\/li><li class=\"wp-block-pages-list__item\"><a class=\"wp-block-pages-list__item__link\" href=\"https:\/\/bpwyszkow.pl\/en\/bibliografie-osobowe\/\">Bibliografie osobowe<\/a><\/li><li class=\"wp-block-pages-list__item has-child\"><a class=\"wp-block-pages-list__item__link\" href=\"https:\/\/bpwyszkow.pl\/en\/biblioteka-szkolna\/\">Biblioteka szkolna<\/a><ul class=\"wp-block-navigation__submenu-container\"><li class=\"wp-block-pages-list__item \"><a class=\"wp-block-pages-list__item__link\" href=\"https:\/\/bpwyszkow.pl\/en\/biblioteka-szkolna\/materialy-repertuarowe\/\">Materia\u0142y repertuarowe<\/a><\/li><\/ul><\/li><li class=\"wp-block-pages-list__item\"><a class=\"wp-block-pages-list__item__link\" href=\"https:\/\/bpwyszkow.pl\/en\/bibliotekarstwo-czytelnictwo\/\">Bibliotekarstwo. Czytelnictwo<\/a><\/li><li class=\"wp-block-pages-list__item\"><a class=\"wp-block-pages-list__item__link\" href=\"https:\/\/bpwyszkow.pl\/en\/biblioterapia\/\">Biblioterapia<\/a><\/li><li class=\"wp-block-pages-list__item\"><a class=\"wp-block-pages-list__item__link\" href=\"https:\/\/bpwyszkow.pl\/en\/kontakt\/\">Contact<\/a><\/li><li class=\"wp-block-pages-list__item\"><a class=\"wp-block-pages-list__item__link\" href=\"https:\/\/bpwyszkow.pl\/en\/dzialy\/\">Dzia\u0142y<\/a><\/li><li class=\"wp-block-pages-list__item\"><a class=\"wp-block-pages-list__item__link\" href=\"https:\/\/bpwyszkow.pl\/en\/filie-biblioteki-pedagogicznej-w-ostrolece\/\">Filie Biblioteki Pedagogicznej w Ostro\u0142\u0119ce<\/a><\/li><li class=\"wp-block-pages-list__item\"><a class=\"wp-block-pages-list__item__link\" href=\"https:\/\/bpwyszkow.pl\/en\/rodo\/\">GDPR<\/a><\/li><li class=\"wp-block-pages-list__item\"><a class=\"wp-block-pages-list__item__link\" href=\"https:\/\/bpwyszkow.pl\/en\/historia\/\">Historia<\/a><\/li><li class=\"wp-block-pages-list__item\"><a class=\"wp-block-pages-list__item__link\" href=\"https:\/\/bpwyszkow.pl\/en\/inne\/\">Inne<\/a><\/li><li class=\"wp-block-pages-list__item\"><a class=\"wp-block-pages-list__item__link\" href=\"https:\/\/bpwyszkow.pl\/en\/kadra-sprzed-lat\/\">Kadra sprzed lat<\/a><\/li><li class=\"wp-block-pages-list__item\"><a class=\"wp-block-pages-list__item__link\" href=\"https:\/\/bpwyszkow.pl\/en\/kalendarium\/\">Kalendarium<\/a><\/li><li class=\"wp-block-pages-list__item\"><a class=\"wp-block-pages-list__item__link\" href=\"https:\/\/bpwyszkow.pl\/en\/ksiazki-2\/\">Ksi\u0105\u017cki<\/a><\/li><li class=\"wp-block-pages-list__item\"><a class=\"wp-block-pages-list__item__link\" href=\"https:\/\/bpwyszkow.pl\/en\/log-in\/\">Log in<\/a><\/li><li class=\"wp-block-pages-list__item\"><a class=\"wp-block-pages-list__item__link\" href=\"https:\/\/bpwyszkow.pl\/en\/metodyka-nauczania-poszczegolnych-przedmiotow-nauczania\/\">Metodyka nauczania poszczeg\u00f3lnych przedmiot\u00f3w nauczania<\/a><\/li><li class=\"wp-block-pages-list__item\"><a class=\"wp-block-pages-list__item__link\" href=\"https:\/\/bpwyszkow.pl\/en\/news\/\">News<\/a><\/li><li class=\"wp-block-pages-list__item\"><a class=\"wp-block-pages-list__item__link\" href=\"https:\/\/bpwyszkow.pl\/en\/newsletter-regulations\/\">Newsletter regulations<\/a><\/li><li class=\"wp-block-pages-list__item\"><a class=\"wp-block-pages-list__item__link\" href=\"https:\/\/bpwyszkow.pl\/en\/ochrona\/\">Ochrona danych osobowych w Bibliotece Pedagogicznej w Ostro\u0142\u0119ce Filii w Wyszkowie<\/a><\/li><li class=\"wp-block-pages-list__item\"><a class=\"wp-block-pages-list__item__link\" href=\"https:\/\/bpwyszkow.pl\/en\/oferta-szkoleniowa\/\">Oferta szkoleniowa<\/a><\/li><li class=\"wp-block-pages-list__item\"><a class=\"wp-block-pages-list__item__link\" href=\"https:\/\/bpwyszkow.pl\/en\/patologia-spoleczna-agresywnosc-uzaleznienia-przemoc\/\">Patologia spo\u0142eczna. Agresywno\u015b\u0107. Uzale\u017cnienia. Przemoc<\/a><\/li><li class=\"wp-block-pages-list__item\"><a class=\"wp-block-pages-list__item__link\" href=\"https:\/\/bpwyszkow.pl\/en\/socjologia\/\">Patologia spo\u0142eczna. Agresywno\u015b\u0107. Uzale\u017cnienia. Przemoc.<\/a><\/li><li class=\"wp-block-pages-list__item\"><a class=\"wp-block-pages-list__item__link\" href=\"https:\/\/bpwyszkow.pl\/en\/pedagogika-szkolnictwo-oswiata-wychowanie\/\">Pedagogika. Szkolnictwo. O\u015bwiata. Wychowanie.<\/a><\/li><li class=\"wp-block-pages-list__item\"><a class=\"wp-block-pages-list__item__link\" href=\"https:\/\/bpwyszkow.pl\/en\/pisali-o-nas\/\">Pisali o nas<\/a><\/li><li class=\"wp-block-pages-list__item\"><a class=\"wp-block-pages-list__item__link\" href=\"https:\/\/bpwyszkow.pl\/en\/podarowali-nam\/\">Podarowali nam<\/a><\/li><li class=\"wp-block-pages-list__item\"><a class=\"wp-block-pages-list__item__link\" href=\"https:\/\/bpwyszkow.pl\/en\/podniesienie-jakosci-edukacji-matematycznej-przyrodniczej-i-informatycznej\/\">Podniesienie jako\u015bci edukacji matematycznej, przyrodniczej i informatycznej.<\/a><\/li><li class=\"wp-block-pages-list__item\"><a class=\"wp-block-pages-list__item__link\" href=\"https:\/\/bpwyszkow.pl\/en\/podnoszenie-jakosci-edukacji-wlaczajacej-w-szkolach-i-placowkach-systemu-oswiaty\/\">Podnoszenie jako\u015bci edukacji w\u0142\u0105czaj\u0105cej w szko\u0142ach i plac\u00f3wkach systemu o\u015bwiaty.<\/a><\/li><li class=\"wp-block-pages-list__item\"><a class=\"wp-block-pages-list__item__link\" href=\"https:\/\/bpwyszkow.pl\/en\/privacy-policy\/\">Privacy policy<\/a><\/li><li class=\"wp-block-pages-list__item\"><a class=\"wp-block-pages-list__item__link\" href=\"https:\/\/bpwyszkow.pl\/en\/propozycje-zakupu\/\">Propozycje zakupu<\/a><\/li><li class=\"wp-block-pages-list__item\"><a class=\"wp-block-pages-list__item__link\" href=\"https:\/\/bpwyszkow.pl\/en\/psychologia\/\">Psychologia<\/a><\/li><li class=\"wp-block-pages-list__item\"><a class=\"wp-block-pages-list__item__link\" href=\"https:\/\/bpwyszkow.pl\/en\/regionalia\/\">Regionalia<\/a><\/li><li class=\"wp-block-pages-list__item\"><a class=\"wp-block-pages-list__item__link\" href=\"https:\/\/bpwyszkow.pl\/en\/regionalizm\/\">Regionalizm<\/a><\/li><li class=\"wp-block-pages-list__item\"><a class=\"wp-block-pages-list__item__link\" href=\"https:\/\/bpwyszkow.pl\/en\/register\/\">Register<\/a><\/li><li class=\"wp-block-pages-list__item\"><a class=\"wp-block-pages-list__item__link\" href=\"https:\/\/bpwyszkow.pl\/en\/regulaminy\/\">Regulaminy<\/a><\/li><li class=\"wp-block-pages-list__item\"><a class=\"wp-block-pages-list__item__link\" href=\"https:\/\/bpwyszkow.pl\/en\/serwis-prasowy\/\">Serwis prasowy<\/a><\/li><li class=\"wp-block-pages-list__item\"><a class=\"wp-block-pages-list__item__link\" href=\"https:\/\/bpwyszkow.pl\/en\/mapa-strony\/\">Site map<\/a><\/li><li class=\"wp-block-pages-list__item menu-item-home\"><a class=\"wp-block-pages-list__item__link\" href=\"https:\/\/bpwyszkow.pl\/en\/\">Strona g\u0142\u00f3wna<\/a><\/li><li class=\"wp-block-pages-list__item\"><a class=\"wp-block-pages-list__item__link\" href=\"https:\/\/bpwyszkow.pl\/en\/szkolnictwo-i-oswiata-2\/\">Szkolnictwo i O\u015bwiata<\/a><\/li><li class=\"wp-block-pages-list__item\"><a class=\"wp-block-pages-list__item__link\" href=\"https:\/\/bpwyszkow.pl\/en\/tematyczne-zestawienia-zbiorow-specjalnych\/\">Tematyczne zestawienia zbior\u00f3w specjalnych<\/a><\/li><li class=\"wp-block-pages-list__item has-child\"><a class=\"wp-block-pages-list__item__link\" href=\"https:\/\/bpwyszkow.pl\/en\/user-profile\/\">User profile<\/a><ul class=\"wp-block-navigation__submenu-container\"><li class=\"wp-block-pages-list__item \"><a class=\"wp-block-pages-list__item__link\" href=\"https:\/\/bpwyszkow.pl\/en\/user-profile\/my-articles\/\">My Articles<\/a><\/li><li class=\"wp-block-pages-list__item \"><a class=\"wp-block-pages-list__item__link\" href=\"https:\/\/bpwyszkow.pl\/en\/user-profile\/my-complaints-and-requests\/\">My complaints and requests<\/a><\/li><li class=\"wp-block-pages-list__item \"><a class=\"wp-block-pages-list__item__link\" href=\"https:\/\/bpwyszkow.pl\/en\/user-profile\/my-consents\/\">My consents<\/a><\/li><li class=\"wp-block-pages-list__item \"><a class=\"wp-block-pages-list__item__link\" href=\"https:\/\/bpwyszkow.pl\/en\/user-profile\/my-courses\/\">My courses<\/a><\/li><li class=\"wp-block-pages-list__item \"><a class=\"wp-block-pages-list__item__link\" href=\"https:\/\/bpwyszkow.pl\/en\/user-profile\/my-errors\/\">My errors<\/a><\/li><li class=\"wp-block-pages-list__item \"><a class=\"wp-block-pages-list__item__link\" href=\"https:\/\/bpwyszkow.pl\/en\/user-profile\/my-events\/\">My events<\/a><\/li><li class=\"wp-block-pages-list__item \"><a class=\"wp-block-pages-list__item__link\" href=\"https:\/\/bpwyszkow.pl\/en\/user-profile\/my-exhibitions\/\">My exhibitions<\/a><\/li><li class=\"wp-block-pages-list__item \"><a class=\"wp-block-pages-list__item__link\" href=\"https:\/\/bpwyszkow.pl\/en\/user-profile\/my-inquiries\/\">My Inquiries<\/a><\/li><li class=\"wp-block-pages-list__item \"><a class=\"wp-block-pages-list__item__link\" href=\"https:\/\/bpwyszkow.pl\/en\/user-profile\/my-library-lessons\/\">My library lessons<\/a><\/li><li class=\"wp-block-pages-list__item \"><a class=\"wp-block-pages-list__item__link\" href=\"https:\/\/bpwyszkow.pl\/en\/user-profile\/my-library-lists\/\">My library lists<\/a><\/li><li class=\"wp-block-pages-list__item \"><a class=\"wp-block-pages-list__item__link\" href=\"https:\/\/bpwyszkow.pl\/en\/user-profile\/my-news\/\">My news<\/a><\/li><li class=\"wp-block-pages-list__item \"><a class=\"wp-block-pages-list__item__link\" href=\"https:\/\/bpwyszkow.pl\/en\/user-profile\/my-practices\/\">My practices<\/a><\/li><li class=\"wp-block-pages-list__item has-child \"><a class=\"wp-block-pages-list__item__link\" href=\"https:\/\/bpwyszkow.pl\/en\/user-profile\/my-profile\/\">My profile<\/a><ul class=\"wp-block-navigation__submenu-container\"><li class=\"wp-block-pages-list__item \"><a class=\"wp-block-pages-list__item__link\" href=\"https:\/\/bpwyszkow.pl\/en\/user-profile\/my-profile\/edit-profile\/\">Edit profile<\/a><\/li><\/ul><\/li><li class=\"wp-block-pages-list__item \"><a class=\"wp-block-pages-list__item__link\" href=\"https:\/\/bpwyszkow.pl\/en\/user-profile\/my-purchase-suggestions\/\">My purchase suggestions<\/a><\/li><li class=\"wp-block-pages-list__item \"><a class=\"wp-block-pages-list__item__link\" href=\"https:\/\/bpwyszkow.pl\/en\/user-profile\/my-scans\/\">My scans<\/a><\/li><li class=\"wp-block-pages-list__item \"><a class=\"wp-block-pages-list__item__link\" href=\"https:\/\/bpwyszkow.pl\/en\/user-profile\/my-videoconferences\/\">My videoconferences<\/a><\/li><\/ul><\/li><li class=\"wp-block-pages-list__item\"><a class=\"wp-block-pages-list__item__link\" href=\"https:\/\/bpwyszkow.pl\/en\/uslugi\/\">Us\u0142ugi<\/a><\/li><li class=\"wp-block-pages-list__item\"><a class=\"wp-block-pages-list__item__link\" href=\"https:\/\/bpwyszkow.pl\/en\/wdrazanie-nowej-podstawy-programowej-ksztalcenia-ogolnego\/\">Wdra\u017canie nowej podstawy programowej kszta\u0142cenia og\u00f3lnego.<\/a><\/li><li class=\"wp-block-pages-list__item\"><a class=\"wp-block-pages-list__item__link\" href=\"https:\/\/bpwyszkow.pl\/en\/wprowadzanie\/\">Wprowadzanie doradztwa zawodowego do szk\u00f3\u0142 i plac\u00f3wek<\/a><\/li><li class=\"wp-block-pages-list__item\"><a class=\"wp-block-pages-list__item__link\" href=\"https:\/\/bpwyszkow.pl\/en\/wspomnienia\/\">Wspomnienia<\/a><\/li><li class=\"wp-block-pages-list__item\"><a class=\"wp-block-pages-list__item__link\" href=\"https:\/\/bpwyszkow.pl\/en\/wzmacnianie-wychowawczej-roli-szkoly\/\">Wzmacnianie wychowawczej roli szko\u0142y<\/a><\/li><li class=\"wp-block-pages-list__item\"><a class=\"wp-block-pages-list__item__link\" href=\"https:\/\/bpwyszkow.pl\/en\/zasoby-cyfrowe-2\/\">Zasoby cyfrowe<\/a><\/li><li class=\"wp-block-pages-list__item\"><a class=\"wp-block-pages-list__item__link\" href=\"https:\/\/bpwyszkow.pl\/en\/zbiory\/\">Zbiory<\/a><\/li><\/ul>","protected":false},"excerpt":{"rendered":"","protected":false},"author":112,"featured_media":0,"parent":0,"menu_order":0,"comment_status":"closed","ping_status":"closed","template":"","meta":{"_acf_changed":false,"_oasis_is_in_workflow":0,"_oasis_original":0,"inline_featured_image":false,"site-sidebar-layout":"default","site-content-layout":"","ast-site-content-layout":"default","site-content-style":"default","site-sidebar-style":"default","ast-global-header-display":"","ast-banner-title-visibility":"","ast-main-header-display":"","ast-hfb-above-header-display":"","ast-hfb-below-header-display":"","ast-hfb-mobile-header-display":"","site-post-title":"","ast-breadcrumbs-content":"","ast-featured-img":"","footer-sml-layout":"","ast-disable-related-posts":"","theme-transparent-header-meta":"","adv-header-id-meta":"","stick-header-meta":"","header-above-stick-meta":"","header-main-stick-meta":"","header-below-stick-meta":"","astra-migrate-meta-layouts":"default","ast-page-background-enabled":"default","ast-page-background-meta":{"desktop":{"background-color":"","background-image":"","background-repeat":"repeat","background-position":"center center","background-size":"auto","background-attachment":"scroll","background-type":"","background-media":"","overlay-type":"","overlay-color":"","overlay-opacity":"","overlay-gradient":""},"tablet":{"background-color":"","background-image":"","background-repeat":"repeat","background-position":"center center","background-size":"auto","background-attachment":"scroll","background-type":"","background-media":"","overlay-type":"","overlay-color":"","overlay-opacity":"","overlay-gradient":""},"mobile":{"background-color":"","background-image":"","background-repeat":"repeat","background-position":"center center","background-size":"auto","background-attachment":"scroll","background-type":"","background-media":"","overlay-type":"","overlay-color":"","overlay-opacity":"","overlay-gradient":""}},"ast-content-background-meta":{"desktop":{"background-color":"var(--ast-global-color-5)","background-image":"","background-repeat":"repeat","background-position":"center center","background-size":"auto","background-attachment":"scroll","background-type":"","background-media":"","overlay-type":"","overlay-color":"","overlay-opacity":"","overlay-gradient":""},"tablet":{"background-color":"var(--ast-global-color-5)","background-image":"","background-repeat":"repeat","background-position":"center center","background-size":"auto","background-attachment":"scroll","background-type":"","background-media":"","overlay-type":"","overlay-color":"","overlay-opacity":"","overlay-gradient":""},"mobile":{"background-color":"var(--ast-global-color-5)","background-image":"","background-repeat":"repeat","background-position":"center center","background-size":"auto","background-attachment":"scroll","background-type":"","background-media":"","overlay-type":"","overlay-color":"","overlay-opacity":"","overlay-gradient":""}},"_themeisle_gutenberg_block_has_review":false,"footnotes":""},"class_list":["post-23434","page","type-page","status-publish","hentry"],"acf":[],"featured_image_urls_v2":{"full":"","thumbnail":"","medium":"","medium_large":"","large":"","1536x1536":"","2048x2048":"","menu-24x24":"","menu-36x36":"","menu-48x48":""},"post_excerpt_stackable_v2":"<p>Accessibility declarationBezpiecze\u0144stwo w internecie. Odpowiedzialne korzystanie z medi\u00f3w spo\u0142ecznychBibliografie osoboweBiblioteka szkolnaMateria\u0142y repertuaroweBibliotekarstwo. CzytelnictwoBiblioterapiaContactDzia\u0142yFilie Biblioteki Pedagogicznej w Ostro\u0142\u0119ceGDPRHistoriaInneKadra sprzed latKalendariumKsi\u0105\u017ckiLog inMetodyka nauczania poszczeg\u00f3lnych przedmiot\u00f3w nauczaniaNewsNewsletter regulationsOchrona danych osobowych w Bibliotece Pedagogicznej w Ostro\u0142\u0119ce Filii w WyszkowieOferta szkoleniowaPatologia spo\u0142eczna. Agresywno\u015b\u0107. Uzale\u017cnienia. PrzemocPatologia spo\u0142eczna. Agresywno\u015b\u0107. Uzale\u017cnienia. Przemoc.Pedagogika. Szkolnictwo. O\u015bwiata. Wychowanie.Pisali o nasPodarowali namPodniesienie jako\u015bci edukacji matematycznej, przyrodniczej i informatycznej.Podnoszenie jako\u015bci edukacji w\u0142\u0105czaj\u0105cej w szko\u0142ach i plac\u00f3wkach systemu o\u015bwiaty.Privacy policyPropozycje zakupuPsychologiaRegionaliaRegionalizmRegisterRegulaminySerwis prasowySite mapStrona g\u0142\u00f3wnaSzkolnictwo i O\u015bwiataTematyczne zestawienia zbior\u00f3w specjalnychUser profileMy ArticlesMy complaints and requestsMy consentsMy coursesMy errorsMy eventsMy exhibitionsMy InquiriesMy library lessonsMy library listsMy newsMy practicesMy profileEdit profileMy purchase suggestionsMy scansMy videoconferencesUs\u0142ugiWdra\u017canie nowej podstawy&hellip;<\/p>\n","category_list_v2":"","author_info_v2":{"name":"Martyna Zalewska","url":"https:\/\/bpwyszkow.pl\/en\/author\/mprzygodzka\/"},"comments_num_v2":"0 comments","_links":{"self":[{"href":"https:\/\/bpwyszkow.pl\/en\/wp-json\/wp\/v2\/pages\/23434","targetHints":{"allow":["GET"]}}],"collection":[{"href":"https:\/\/bpwyszkow.pl\/en\/wp-json\/wp\/v2\/pages"}],"about":[{"href":"https:\/\/bpwyszkow.pl\/en\/wp-json\/wp\/v2\/types\/page"}],"author":[{"embeddable":true,"href":"https:\/\/bpwyszkow.pl\/en\/wp-json\/wp\/v2\/users\/112"}],"replies":[{"embeddable":true,"href":"https:\/\/bpwyszkow.pl\/en\/wp-json\/wp\/v2\/comments?post=23434"}],"version-history":[{"count":0,"href":"https:\/\/bpwyszkow.pl\/en\/wp-json\/wp\/v2\/pages\/23434\/revisions"}],"wp:attachment":[{"href":"https:\/\/bpwyszkow.pl\/en\/wp-json\/wp\/v2\/media?parent=23434"}],"curies":[{"name":"wp","href":"https:\/\/api.w.org\/{rel}","templated":true}]}}